{"id":108764,"date":"2025-03-13T10:46:03","date_gmt":"2025-03-13T10:46:03","guid":{"rendered":"https:\/\/easylingo.com\/pl\/?post_type=product&#038;p=108764"},"modified":"2025-05-05T16:16:09","modified_gmt":"2025-05-05T16:16:09","slug":"angielski-dla-srednio-zaawansowanych-b1-plus","status":"publish","type":"product","link":"https:\/\/easylingo.com\/pl\/product\/angielski-dla-srednio-zaawansowanych-b1-plus\/","title":{"rendered":"Angielski dla \u015brednio zaawansowanych B1+"},"content":{"rendered":"<p class=\"\" data-start=\"136\" data-end=\"473\"><strong data-start=\"136\" data-end=\"205\">Chcesz m\u00f3wi\u0107 swobodnie o sobie, innych i otaczaj\u0105cym Ci\u0119 \u015bwiecie?<\/strong> Kurs <strong data-start=\"211\" data-end=\"257\">\u201eAngielski dla \u015brednio zaawansowanych B1+\u201d<\/strong> pomo\u017ce Ci utrwali\u0107 najwa\u017cniejsze struktury j\u0119zykowe i rozbudowa\u0107 s\u0142ownictwo w r\u00f3\u017cnych obszarach tematycznych. Po jego uko\u0144czeniu b\u0119dziesz gotowy do naturalnej, codziennej rozmowy \u2013 z pewno\u015bci\u0105 siebie i bez stresu<\/p>\n<p class=\"\" data-start=\"475\" data-end=\"603\">Je\u015bli kurs nie spe\u0142ni Twoich oczekiwa\u0144, mo\u017cesz w ci\u0105gu 14 dni wybra\u0107 inny lub poprosi\u0107 o zwrot pieni\u0119dzy. Uczysz si\u0119 bez ryzyka.<\/p>\n","protected":false},"excerpt":{"rendered":"<p>Chcesz m\u00f3wi\u0107 swobodnie o sobie, innych i otaczaj\u0105cym Ci\u0119 \u015bwiecie? Kurs \u201eAngielski dla \u015brednio zaawansowanych B1+\u201d pomo\u017ce Ci utrwali\u0107 najwa\u017cniejsze struktury j\u0119zykowe i rozbudowa\u0107 s\u0142ownictwo w r\u00f3\u017cnych obszarach tematycznych. Po jego uko\u0144czeniu b\u0119dziesz gotowy do naturalnej, codziennej rozmowy \u2013 z pewno\u015bci\u0105 siebie i bez stresu Je\u015bli kurs nie spe\u0142ni Twoich oczekiwa\u0144, mo\u017cesz w ci\u0105gu 14 [&hellip;]<\/p>\n","protected":false},"featured_media":108765,"template":"","meta":{"_et_pb_use_builder":"on","_et_pb_old_content":"<p class=\"\" data-start=\"136\" data-end=\"473\"><strong data-start=\"136\" data-end=\"205\">Chcesz m\u00f3wi\u0107 swobodnie o sobie, innych i otaczaj\u0105cym Ci\u0119 \u015bwiecie?<\/strong> Kurs <strong data-start=\"211\" data-end=\"257\">\u201eAngielski dla \u015brednio zaawansowanych B1+\u201d<\/strong> pomo\u017ce Ci utrwali\u0107 najwa\u017cniejsze struktury j\u0119zykowe i rozbudowa\u0107 s\u0142ownictwo w r\u00f3\u017cnych obszarach tematycznych. Po jego uko\u0144czeniu b\u0119dziesz gotowy do naturalnej, codziennej rozmowy \u2013 z pewno\u015bci\u0105 siebie i bez stresu<\/p>\r\n<p class=\"\" data-start=\"475\" data-end=\"603\">Je\u015bli kurs nie spe\u0142ni Twoich oczekiwa\u0144, mo\u017cesz w ci\u0105gu 14 dni wybra\u0107 inny lub poprosi\u0107 o zwrot pieni\u0119dzy. Uczysz si\u0119 bez ryzyka.<\/p>","_et_gb_content_width":"","inline_featured_image":false},"product_cat":[75],"product_tag":[],"_links":{"self":[{"href":"https:\/\/easylingo.com\/pl\/wp-json\/wp\/v2\/product\/108764"}],"collection":[{"href":"https:\/\/easylingo.com\/pl\/wp-json\/wp\/v2\/product"}],"about":[{"href":"https:\/\/easylingo.com\/pl\/wp-json\/wp\/v2\/types\/product"}],"wp:featuredmedia":[{"embeddable":true,"href":"https:\/\/easylingo.com\/pl\/wp-json\/wp\/v2\/media\/108765"}],"wp:attachment":[{"href":"https:\/\/easylingo.com\/pl\/wp-json\/wp\/v2\/media?parent=108764"}],"wp:term":[{"taxonomy":"product_cat","embeddable":true,"href":"https:\/\/easylingo.com\/pl\/wp-json\/wp\/v2\/product_cat?post=108764"},{"taxonomy":"product_tag","embeddable":true,"href":"https:\/\/easylingo.com\/pl\/wp-json\/wp\/v2\/product_tag?post=108764"}],"curies":[{"name":"wp","href":"https:\/\/api.w.org\/{rel}","templated":true}]}}