{"id":108771,"date":"2025-03-13T15:40:53","date_gmt":"2025-03-13T15:40:53","guid":{"rendered":"https:\/\/easylingo.com\/pl\/?post_type=product&#038;p=108771"},"modified":"2025-05-05T16:16:00","modified_gmt":"2025-05-05T16:16:00","slug":"angielski-dla-zaawansowanych-b2-minus","status":"publish","type":"product","link":"https:\/\/easylingo.com\/pl\/product\/angielski-dla-zaawansowanych-b2-minus\/","title":{"rendered":"Angielski dla zaawansowanych B2-"},"content":{"rendered":"<p class=\"\" data-start=\"114\" data-end=\"421\">Masz ju\u017c solidne podstawy i chcesz zrobi\u0107 kolejny krok? Kurs <strong data-start=\"226\" data-end=\"272\">\u201eAngielski dla \u015brednio zaawansowanych B2\u2013\u201d<\/strong> \u00a0\u0142\u0105czy rozw\u00f3j s\u0142ownictwa z powt\u00f3rk\u0105 i rozszerzeniem najwa\u017cniejszych zagadnie\u0144 gramatycznych \u2014 a wszystko to w kontek\u015bcie, kt\u00f3ry ma sens i przydaje si\u0119 w prawdziwym \u017cyciu. Na koniec czeka Ci\u0119 praktyczna powt\u00f3rka i przygotowanie do egzaminu FCE.<\/p>\n<p>Zajrzymy do rodzinnego domu i por\u00f3wnamy r\u00f3\u017cne style \u017cycia, wyjdziemy na \u0142ono natury, porozmawiamy o zdrowym stylu \u017cycia, a tak\u017ce o pracy, podr\u00f3\u017cach i codziennych obowi\u0105zkach. Po drodze nauczysz si\u0119 mi\u0119dzy innymi budowa\u0107 z\u0142o\u017cone zdania wzgl\u0119dne, u\u017cywa\u0107 mowy zale\u017cnej w spos\u00f3b naturalny, korzysta\u0107 z czasownik\u00f3w frazowych i modalnych, sprawnie stosowa\u0107 wszystkie typy zda\u0144 warunkowych.<\/p>\n<p class=\"\" data-start=\"1119\" data-end=\"1290\">Nie ryzykujesz nic \u2013 je\u015bli kurs nie b\u0119dzie Ci odpowiada\u0107, masz 14 dni na zmian\u0119 lub zwrot pieni\u0119dzy.<\/p>\n","protected":false},"excerpt":{"rendered":"<p>Masz ju\u017c solidne podstawy i chcesz zrobi\u0107 kolejny krok? Kurs \u201eAngielski dla \u015brednio zaawansowanych B2\u2013\u201d \u00a0\u0142\u0105czy rozw\u00f3j s\u0142ownictwa z powt\u00f3rk\u0105 i rozszerzeniem najwa\u017cniejszych zagadnie\u0144 gramatycznych \u2014 a wszystko to w kontek\u015bcie, kt\u00f3ry ma sens i przydaje si\u0119 w prawdziwym \u017cyciu. Na koniec czeka Ci\u0119 praktyczna powt\u00f3rka i przygotowanie do egzaminu FCE. Zajrzymy do rodzinnego domu [&hellip;]<\/p>\n","protected":false},"featured_media":108772,"template":"","meta":{"_et_pb_use_builder":"off","_et_pb_old_content":"n\u011bjak\u00fd popis","_et_gb_content_width":"","inline_featured_image":false},"product_cat":[75],"product_tag":[],"_links":{"self":[{"href":"https:\/\/easylingo.com\/pl\/wp-json\/wp\/v2\/product\/108771"}],"collection":[{"href":"https:\/\/easylingo.com\/pl\/wp-json\/wp\/v2\/product"}],"about":[{"href":"https:\/\/easylingo.com\/pl\/wp-json\/wp\/v2\/types\/product"}],"wp:featuredmedia":[{"embeddable":true,"href":"https:\/\/easylingo.com\/pl\/wp-json\/wp\/v2\/media\/108772"}],"wp:attachment":[{"href":"https:\/\/easylingo.com\/pl\/wp-json\/wp\/v2\/media?parent=108771"}],"wp:term":[{"taxonomy":"product_cat","embeddable":true,"href":"https:\/\/easylingo.com\/pl\/wp-json\/wp\/v2\/product_cat?post=108771"},{"taxonomy":"product_tag","embeddable":true,"href":"https:\/\/easylingo.com\/pl\/wp-json\/wp\/v2\/product_tag?post=108771"}],"curies":[{"name":"wp","href":"https:\/\/api.w.org\/{rel}","templated":true}]}}