{"id":108773,"date":"2025-03-13T15:46:11","date_gmt":"2025-03-13T15:46:11","guid":{"rendered":"https:\/\/easylingo.com\/pl\/?post_type=product&#038;p=108773"},"modified":"2025-05-05T16:15:51","modified_gmt":"2025-05-05T16:15:51","slug":"angielski-dla-zaawansowanych-b2-plus","status":"publish","type":"product","link":"https:\/\/easylingo.com\/pl\/product\/angielski-dla-zaawansowanych-b2-plus\/","title":{"rendered":"Angielski dla zaawansowanych B2+"},"content":{"rendered":"<p data-pm-slice=\"1 1 []\"><strong>Masz ju\u017c solidne podstawy i chcesz wej\u015b\u0107 na wy\u017cszy poziom?<\/strong> Kurs <strong>\u201eAngielski dla zaawansowanych B2+\u201d<\/strong> to \u015bwietny wyb\u00f3r, je\u015bli chcesz nie tylko dobrze przygotowa\u0107 si\u0119 do egzaminu Cambridge FCE, ale te\u017c realnie rozwin\u0105\u0107 sw\u00f3j angielski w codziennych i zawodowych sytuacjach.<\/p>\n<p>W kursie czeka na Ciebie r\u00f3\u017cnorodno\u015b\u0107 temat\u00f3w, mn\u00f3stwo praktycznego s\u0142ownictwa i gramatyka, kt\u00f3ra w ko\u0144cu zacznie mie\u0107 sens. Ten kurs to nie tylko przygotowanie do testu \u2013 to trening angielskiego w praktyce, dzi\u0119ki kt\u00f3remu poczujesz si\u0119 pewnie w m\u00f3wieniu, pisaniu, czytaniu i s\u0142uchaniu. A je\u015bli wybierzesz nieodpowiedni kurs i jego zawarto\u015b\u0107 nie b\u0119dzie Ci odpowiada\u0107, masz 14 dni na zmian\u0119 lub zwrot pieni\u0119dzy.<\/p>\n","protected":false},"excerpt":{"rendered":"<p>Masz ju\u017c solidne podstawy i chcesz wej\u015b\u0107 na wy\u017cszy poziom? Kurs \u201eAngielski dla zaawansowanych B2+\u201d to \u015bwietny wyb\u00f3r, je\u015bli chcesz nie tylko dobrze przygotowa\u0107 si\u0119 do egzaminu Cambridge FCE, ale te\u017c realnie rozwin\u0105\u0107 sw\u00f3j angielski w codziennych i zawodowych sytuacjach. W kursie czeka na Ciebie r\u00f3\u017cnorodno\u015b\u0107 temat\u00f3w, mn\u00f3stwo praktycznego s\u0142ownictwa i gramatyka, kt\u00f3ra w ko\u0144cu [&hellip;]<\/p>\n","protected":false},"featured_media":108774,"template":"","meta":{"_et_pb_use_builder":"off","_et_pb_old_content":"<p data-pm-slice=\"1 1 []\"><strong>Masz ju\u017c solidne podstawy i chcesz wej\u015b\u0107 na wy\u017cszy poziom?<\/strong> Kurs <strong>\u201eAngielski dla zaawansowanych B2+\u201d<\/strong> to \u015bwietny wyb\u00f3r, je\u015bli chcesz nie tylko dobrze przygotowa\u0107 si\u0119 do egzaminu Cambridge FCE, ale te\u017c realnie rozwin\u0105\u0107 sw\u00f3j angielski w codziennych i zawodowych sytuacjach.<\/p>\r\nW kursie czeka na Ciebie r\u00f3\u017cnorodno\u015b\u0107 temat\u00f3w, mn\u00f3stwo praktycznego s\u0142ownictwa i gramatyka, kt\u00f3ra w ko\u0144cu zacznie mie\u0107 sens. Ten kurs to nie tylko przygotowanie do testu \u2013 to trening angielskiego w praktyce, dzi\u0119ki kt\u00f3remu poczujesz si\u0119 pewnie w m\u00f3wieniu, pisaniu, czytaniu i s\u0142uchaniu.\r\n\r\nA je\u015bli wybierzesz nieodpowiedni kurs i jego zawarto\u015b\u0107 nie b\u0119dzie Ci odpowiada\u0107, masz 14 dni na zmian\u0119 lub zwrot pieni\u0119dzy.","_et_gb_content_width":"","inline_featured_image":false},"product_cat":[75],"product_tag":[],"_links":{"self":[{"href":"https:\/\/easylingo.com\/pl\/wp-json\/wp\/v2\/product\/108773"}],"collection":[{"href":"https:\/\/easylingo.com\/pl\/wp-json\/wp\/v2\/product"}],"about":[{"href":"https:\/\/easylingo.com\/pl\/wp-json\/wp\/v2\/types\/product"}],"wp:featuredmedia":[{"embeddable":true,"href":"https:\/\/easylingo.com\/pl\/wp-json\/wp\/v2\/media\/108774"}],"wp:attachment":[{"href":"https:\/\/easylingo.com\/pl\/wp-json\/wp\/v2\/media?parent=108773"}],"wp:term":[{"taxonomy":"product_cat","embeddable":true,"href":"https:\/\/easylingo.com\/pl\/wp-json\/wp\/v2\/product_cat?post=108773"},{"taxonomy":"product_tag","embeddable":true,"href":"https:\/\/easylingo.com\/pl\/wp-json\/wp\/v2\/product_tag?post=108773"}],"curies":[{"name":"wp","href":"https:\/\/api.w.org\/{rel}","templated":true}]}}