{"id":108775,"date":"2025-03-13T16:11:59","date_gmt":"2025-03-13T16:11:59","guid":{"rendered":"https:\/\/easylingo.com\/pl\/?post_type=product&#038;p=108775"},"modified":"2025-05-05T16:15:40","modified_gmt":"2025-05-05T16:15:40","slug":"angielski-dla-bardzo-zaawansowanych-c1","status":"publish","type":"product","link":"https:\/\/easylingo.com\/pl\/product\/angielski-dla-bardzo-zaawansowanych-c1\/","title":{"rendered":"Angielski dla mocno zaawansowanych C1"},"content":{"rendered":"<p class=\"\" data-start=\"104\" data-end=\"336\">Kurs <strong data-start=\"184\" data-end=\"227\">\u201eAngielski dla mocno zaawansowanych C1\u201d<\/strong> pomo\u017ce Ci wej\u015b\u0107 na jeszcze wy\u017cszy poziom \u2013 z j\u0119zykiem, kt\u00f3ry brzmi naturalnie, precyzyjnie i profesjonalnie. Pracujesz na tekstach i dialogach poruszaj\u0105cych tematy od historii i kultury, przez technologi\u0119 i edukacj\u0119, a\u017c po zdrowie i wsp\u00f3\u0142czesne problemy spo\u0142eczne. Ka\u017cdy rozdzia\u0142 to okazja, by rozwin\u0105\u0107 s\u0142ownictwo, prze\u0107wiczy\u0107 zaawansowane struktury gramatyczne i nabra\u0107 pewno\u015bci w m\u00f3wieniu i pisaniu.<\/p>\n<p class=\"\" data-start=\"939\" data-end=\"1126\">Po uko\u0144czeniu kursu z \u0142atwo\u015bci\u0105 zrozumiesz zaawansowane teksty, poprowadzisz p\u0142ynn\u0105 rozmow\u0119 i stworzysz dobrze skonstruowane wypowiedzi ustne i pisemne \u2013 na poziomie, kt\u00f3ry robi wra\u017cenie.<\/p>\n","protected":false},"excerpt":{"rendered":"<p>Kurs \u201eAngielski dla mocno zaawansowanych C1\u201d pomo\u017ce Ci wej\u015b\u0107 na jeszcze wy\u017cszy poziom \u2013 z j\u0119zykiem, kt\u00f3ry brzmi naturalnie, precyzyjnie i profesjonalnie. Pracujesz na tekstach i dialogach poruszaj\u0105cych tematy od historii i kultury, przez technologi\u0119 i edukacj\u0119, a\u017c po zdrowie i wsp\u00f3\u0142czesne problemy spo\u0142eczne. Ka\u017cdy rozdzia\u0142 to okazja, by rozwin\u0105\u0107 s\u0142ownictwo, prze\u0107wiczy\u0107 zaawansowane struktury gramatyczne [&hellip;]<\/p>\n","protected":false},"featured_media":108776,"template":"","meta":{"_et_pb_use_builder":"on","_et_pb_old_content":"<p class=\"\" data-start=\"104\" data-end=\"336\">Kurs <strong data-start=\"184\" data-end=\"227\">\u201eAngielski dla mocno zaawansowanych C1\u201d<\/strong> pomo\u017ce Ci wej\u015b\u0107 na jeszcze wy\u017cszy poziom \u2013 z j\u0119zykiem, kt\u00f3ry brzmi naturalnie, precyzyjnie i profesjonalnie. Pracujesz na tekstach i dialogach poruszaj\u0105cych tematy od historii i kultury, przez technologi\u0119 i edukacj\u0119, a\u017c po zdrowie i wsp\u00f3\u0142czesne problemy spo\u0142eczne. Ka\u017cdy rozdzia\u0142 to okazja, by rozwin\u0105\u0107 s\u0142ownictwo, prze\u0107wiczy\u0107 zaawansowane struktury gramatyczne i nabra\u0107 pewno\u015bci w m\u00f3wieniu i pisaniu.<\/p>\r\n<p class=\"\" data-start=\"939\" data-end=\"1126\">Po uko\u0144czeniu kursu z \u0142atwo\u015bci\u0105 zrozumiesz zaawansowane teksty, poprowadzisz p\u0142ynn\u0105 rozmow\u0119 i stworzysz dobrze skonstruowane wypowiedzi ustne i pisemne \u2013 na poziomie, kt\u00f3ry robi wra\u017cenie.<\/p>","_et_gb_content_width":"","inline_featured_image":false},"product_cat":[75],"product_tag":[],"_links":{"self":[{"href":"https:\/\/easylingo.com\/pl\/wp-json\/wp\/v2\/product\/108775"}],"collection":[{"href":"https:\/\/easylingo.com\/pl\/wp-json\/wp\/v2\/product"}],"about":[{"href":"https:\/\/easylingo.com\/pl\/wp-json\/wp\/v2\/types\/product"}],"wp:featuredmedia":[{"embeddable":true,"href":"https:\/\/easylingo.com\/pl\/wp-json\/wp\/v2\/media\/108776"}],"wp:attachment":[{"href":"https:\/\/easylingo.com\/pl\/wp-json\/wp\/v2\/media?parent=108775"}],"wp:term":[{"taxonomy":"product_cat","embeddable":true,"href":"https:\/\/easylingo.com\/pl\/wp-json\/wp\/v2\/product_cat?post=108775"},{"taxonomy":"product_tag","embeddable":true,"href":"https:\/\/easylingo.com\/pl\/wp-json\/wp\/v2\/product_tag?post=108775"}],"curies":[{"name":"wp","href":"https:\/\/api.w.org\/{rel}","templated":true}]}}