{"id":108777,"date":"2025-03-13T16:22:21","date_gmt":"2025-03-13T16:22:21","guid":{"rendered":"https:\/\/easylingo.com\/pl\/?post_type=product&#038;p=108777"},"modified":"2025-05-05T16:15:28","modified_gmt":"2025-05-05T16:15:28","slug":"angielski-dla-ekspertow-c2","status":"publish","type":"product","link":"https:\/\/easylingo.com\/pl\/product\/angielski-dla-ekspertow-c2\/","title":{"rendered":"Angielski dla ekspert\u00f3w C2"},"content":{"rendered":"<p class=\"\" data-start=\"130\" data-end=\"373\"><strong data-start=\"130\" data-end=\"199\">Tw\u00f3j angielski brzmi naturalnie, ale chcesz go utrzyma\u0107 w formie?<\/strong> Kurs <strong data-start=\"205\" data-end=\"237\">\u201eAngielski dla ekspert\u00f3w C2\u201d<\/strong> jest dla os\u00f3b, kt\u00f3re swobodnie pos\u0142uguj\u0105 si\u0119 j\u0119zykiem, ale chc\u0105 nadal si\u0119 rozwija\u0107. W kursie koncentrujesz si\u0119 na rozbudowie s\u0142ownictwa, powt\u00f3rce bardziej zaawansowanej gramatyki. Materia\u0142y poruszaj\u0105 aktualne i zr\u00f3\u017cnicowane tematy: od ekologii i globalnych problem\u00f3w, przez media i kultur\u0119, a\u017c po podr\u00f3\u017ce i j\u0119zyk formalny.<\/p>\n<p class=\"\" data-start=\"671\" data-end=\"830\">Pracujesz nad s\u0142owotw\u00f3rstwem, idiomami, skr\u00f3tami, czasownikami frazowymi oraz przydatnymi strukturami, kt\u00f3re pozwol\u0105 Ci brzmie\u0107 jeszcze pewniej i precyzyjniej.<\/p>\n<p class=\"\" data-start=\"832\" data-end=\"937\">To kurs, kt\u00f3ry pozwoli Ci utrzyma\u0107 wysoki poziom, rozwija\u0107 si\u0119 bez presji i nie wypa\u015b\u0107 z j\u0119zykowej formy.<\/p>\n","protected":false},"excerpt":{"rendered":"<p>Tw\u00f3j angielski brzmi naturalnie, ale chcesz go utrzyma\u0107 w formie? Kurs \u201eAngielski dla ekspert\u00f3w C2\u201d jest dla os\u00f3b, kt\u00f3re swobodnie pos\u0142uguj\u0105 si\u0119 j\u0119zykiem, ale chc\u0105 nadal si\u0119 rozwija\u0107. W kursie koncentrujesz si\u0119 na rozbudowie s\u0142ownictwa, powt\u00f3rce bardziej zaawansowanej gramatyki. Materia\u0142y poruszaj\u0105 aktualne i zr\u00f3\u017cnicowane tematy: od ekologii i globalnych problem\u00f3w, przez media i kultur\u0119, a\u017c po podr\u00f3\u017ce i j\u0119zyk formalny.<\/p>\n","protected":false},"featured_media":108778,"template":"","meta":{"_et_pb_use_builder":"on","_et_pb_old_content":"<p class=\"\" data-start=\"130\" data-end=\"373\"><strong data-start=\"130\" data-end=\"199\">Tw\u00f3j angielski brzmi naturalnie, ale chcesz go utrzyma\u0107 w formie?<\/strong> Kurs <strong data-start=\"205\" data-end=\"237\">\u201eAngielski dla ekspert\u00f3w C2\u201d<\/strong> jest dla os\u00f3b, kt\u00f3re swobodnie pos\u0142uguj\u0105 si\u0119 j\u0119zykiem, ale chc\u0105 nadal si\u0119 rozwija\u0107. W kursie koncentrujesz si\u0119 na rozbudowie s\u0142ownictwa, powt\u00f3rce bardziej zaawansowanej gramatyki. Materia\u0142y poruszaj\u0105 aktualne i zr\u00f3\u017cnicowane tematy: od ekologii i globalnych problem\u00f3w, przez media i kultur\u0119, a\u017c po podr\u00f3\u017ce i j\u0119zyk formalny.<\/p>\r\n<p class=\"\" data-start=\"671\" data-end=\"830\">Pracujesz nad s\u0142owotw\u00f3rstwem, idiomami, skr\u00f3tami, czasownikami frazowymi oraz przydatnymi strukturami, kt\u00f3re pozwol\u0105 Ci brzmie\u0107 jeszcze pewniej i precyzyjniej.<\/p>\r\n<p class=\"\" data-start=\"832\" data-end=\"937\">To kurs, kt\u00f3ry pozwoli Ci utrzyma\u0107 wysoki poziom, rozwija\u0107 si\u0119 bez presji i nie wypa\u015b\u0107 z j\u0119zykowej formy.<\/p>","_et_gb_content_width":"","inline_featured_image":false},"product_cat":[75],"product_tag":[],"_links":{"self":[{"href":"https:\/\/easylingo.com\/pl\/wp-json\/wp\/v2\/product\/108777"}],"collection":[{"href":"https:\/\/easylingo.com\/pl\/wp-json\/wp\/v2\/product"}],"about":[{"href":"https:\/\/easylingo.com\/pl\/wp-json\/wp\/v2\/types\/product"}],"wp:featuredmedia":[{"embeddable":true,"href":"https:\/\/easylingo.com\/pl\/wp-json\/wp\/v2\/media\/108778"}],"wp:attachment":[{"href":"https:\/\/easylingo.com\/pl\/wp-json\/wp\/v2\/media?parent=108777"}],"wp:term":[{"taxonomy":"product_cat","embeddable":true,"href":"https:\/\/easylingo.com\/pl\/wp-json\/wp\/v2\/product_cat?post=108777"},{"taxonomy":"product_tag","embeddable":true,"href":"https:\/\/easylingo.com\/pl\/wp-json\/wp\/v2\/product_tag?post=108777"}],"curies":[{"name":"wp","href":"https:\/\/api.w.org\/{rel}","templated":true}]}}