{"id":108779,"date":"2025-03-13T16:29:03","date_gmt":"2025-03-13T16:29:03","guid":{"rendered":"https:\/\/easylingo.com\/pl\/?post_type=product&#038;p=108779"},"modified":"2025-05-05T16:15:02","modified_gmt":"2025-05-05T16:15:02","slug":"angielskie-slowa-a1","status":"publish","type":"product","link":"https:\/\/easylingo.com\/pl\/product\/angielskie-slowa-a1\/","title":{"rendered":"Angielskie s\u0142\u00f3wka A1"},"content":{"rendered":"<p class=\"\" data-start=\"75\" data-end=\"398\"><strong data-start=\"75\" data-end=\"164\">Dopiero zaczynasz nauk\u0119 angielskiego? Ten kurs pomo\u017ce Ci z\u0142apa\u0107 pewno\u015b\u0107 w podstawach.<\/strong><br data-start=\"164\" data-end=\"167\" \/>Kurs <strong data-start=\"172\" data-end=\"210\">\u201eAngielskie s\u0142\u00f3wka na poziomie A1\u201d<\/strong> jest idealny dla os\u00f3b pocz\u0105tkuj\u0105cych, kt\u00f3re chc\u0105 pozna\u0107 najwa\u017cniejsze s\u0142ownictwo i zacz\u0105\u0107 u\u017cywa\u0107 go w praktyce. To \u015bwietne uzupe\u0142nienie og\u00f3lnych kurs\u00f3w i materia\u0142\u00f3w do samodzielnej nauki.<\/p>\n<p class=\"\" data-start=\"400\" data-end=\"585\">S\u0142\u00f3w uczysz si\u0119 w r\u00f3\u017cnorodny spos\u00f3b \u2013 poprzez czytanie, s\u0142uchanie, m\u00f3wienie i pisanie. Szczeg\u00f3lny nacisk k\u0142adziemy na wymow\u0119, \u017ceby od pocz\u0105tku budowa\u0107 dobre nawyki i pewno\u015b\u0107 w m\u00f3wieniu.<\/p>\n<p class=\"\" data-start=\"587\" data-end=\"742\">Masz 14 dni na przetestowanie kursu \u2013 je\u015bli oka\u017ce si\u0119, \u017ce to nie to, mo\u017cesz go \u0142atwo zamieni\u0107 lub otrzyma\u0107 zwrot pieni\u0119dzy. Bez ryzyka \u2013 po prostu spr\u00f3buj.<\/p>\n","protected":false},"excerpt":{"rendered":"<p>Dopiero zaczynasz nauk\u0119 angielskiego? Ten kurs pomo\u017ce Ci z\u0142apa\u0107 pewno\u015b\u0107 w podstawach.Kurs \u201eAngielskie s\u0142\u00f3wka na poziomie A1\u201d jest idealny dla os\u00f3b pocz\u0105tkuj\u0105cych, kt\u00f3re chc\u0105 pozna\u0107 najwa\u017cniejsze s\u0142ownictwo i zacz\u0105\u0107 u\u017cywa\u0107 go w praktyce. To \u015bwietne uzupe\u0142nienie og\u00f3lnych kurs\u00f3w i materia\u0142\u00f3w do samodzielnej nauki. S\u0142\u00f3w uczysz si\u0119 w r\u00f3\u017cnorodny spos\u00f3b \u2013 poprzez czytanie, s\u0142uchanie, m\u00f3wienie i [&hellip;]<\/p>\n","protected":false},"featured_media":108784,"template":"","meta":{"_et_pb_use_builder":"on","_et_pb_old_content":"<p class=\"\" data-start=\"75\" data-end=\"398\"><strong data-start=\"75\" data-end=\"164\">Dopiero zaczynasz nauk\u0119 angielskiego? Ten kurs pomo\u017ce Ci z\u0142apa\u0107 pewno\u015b\u0107 w podstawach.<\/strong><br data-start=\"164\" data-end=\"167\" \/>Kurs <strong data-start=\"172\" data-end=\"210\">\u201eAngielskie s\u0142\u00f3wka na poziomie A1\u201d<\/strong> jest idealny dla os\u00f3b pocz\u0105tkuj\u0105cych, kt\u00f3re chc\u0105 pozna\u0107 najwa\u017cniejsze s\u0142ownictwo i zacz\u0105\u0107 u\u017cywa\u0107 go w praktyce. To \u015bwietne uzupe\u0142nienie og\u00f3lnych kurs\u00f3w i materia\u0142\u00f3w do samodzielnej nauki.<\/p>\r\n<p class=\"\" data-start=\"400\" data-end=\"585\">S\u0142\u00f3w uczysz si\u0119 w r\u00f3\u017cnorodny spos\u00f3b \u2013 poprzez czytanie, s\u0142uchanie, m\u00f3wienie i pisanie. Szczeg\u00f3lny nacisk k\u0142adziemy na wymow\u0119, \u017ceby od pocz\u0105tku budowa\u0107 dobre nawyki i pewno\u015b\u0107 w m\u00f3wieniu.<\/p>\r\n<p class=\"\" data-start=\"587\" data-end=\"742\">Masz 14 dni na przetestowanie kursu \u2013 je\u015bli oka\u017ce si\u0119, \u017ce to nie to, mo\u017cesz go \u0142atwo zamieni\u0107 lub otrzyma\u0107 zwrot pieni\u0119dzy. Bez ryzyka \u2013 po prostu spr\u00f3buj.<\/p>","_et_gb_content_width":"","inline_featured_image":false},"product_cat":[76],"product_tag":[],"_links":{"self":[{"href":"https:\/\/easylingo.com\/pl\/wp-json\/wp\/v2\/product\/108779"}],"collection":[{"href":"https:\/\/easylingo.com\/pl\/wp-json\/wp\/v2\/product"}],"about":[{"href":"https:\/\/easylingo.com\/pl\/wp-json\/wp\/v2\/types\/product"}],"wp:featuredmedia":[{"embeddable":true,"href":"https:\/\/easylingo.com\/pl\/wp-json\/wp\/v2\/media\/108784"}],"wp:attachment":[{"href":"https:\/\/easylingo.com\/pl\/wp-json\/wp\/v2\/media?parent=108779"}],"wp:term":[{"taxonomy":"product_cat","embeddable":true,"href":"https:\/\/easylingo.com\/pl\/wp-json\/wp\/v2\/product_cat?post=108779"},{"taxonomy":"product_tag","embeddable":true,"href":"https:\/\/easylingo.com\/pl\/wp-json\/wp\/v2\/product_tag?post=108779"}],"curies":[{"name":"wp","href":"https:\/\/api.w.org\/{rel}","templated":true}]}}