{"id":108787,"date":"2025-03-13T16:47:18","date_gmt":"2025-03-13T16:47:18","guid":{"rendered":"https:\/\/easylingo.com\/pl\/?post_type=product&#038;p=108787"},"modified":"2025-05-05T16:14:52","modified_gmt":"2025-05-05T16:14:52","slug":"angielskie-slowa-a2","status":"publish","type":"product","link":"https:\/\/easylingo.com\/pl\/product\/angielskie-slowa-a2\/","title":{"rendered":"Angielskie s\u0142\u00f3wka A2"},"content":{"rendered":"<p class=\"\" data-start=\"63\" data-end=\"383\"><strong data-start=\"63\" data-end=\"149\">Chcesz m\u00f3wi\u0107 swobodniej i pewniej? Zacznij od s\u0142\u00f3w, kt\u00f3rych naprawd\u0119 potrzebujesz.<\/strong><br data-start=\"149\" data-end=\"152\" \/>Kurs <strong data-start=\"157\" data-end=\"195\">\u201eAngielskie s\u0142\u00f3wka na poziomie A2\u201d<\/strong> jest idealny dla os\u00f3b na poziomie wy\u017cszym pocz\u0105tkuj\u0105cym. Pomo\u017ce ugruntowa\u0107 znajomo\u015b\u0107 podstawowego s\u0142ownictwa i krok po kroku rozbudowa\u0107 zas\u00f3b s\u0142\u00f3w potrzebnych w codziennych sytuacjach. Uczysz si\u0119 w zr\u00f3\u017cnicowany spos\u00f3b \u2013 przez czytanie, pisanie, s\u0142uchanie i m\u00f3wienie. Szczeg\u00f3ln\u0105 uwag\u0119 po\u015bwi\u0119camy wymowie, \u017ceby\u015b brzmia\u0142 naturalnie i czu\u0142 si\u0119 pewnie w rozmowie.<\/p>\n<p class=\"\" data-start=\"560\" data-end=\"745\">Kurs \u015bwietnie uzupe\u0142nia inne formy nauki, np. podr\u0119czniki czy lekcje online.<br data-start=\"636\" data-end=\"639\" \/>Nie wiesz, czy to co\u015b dla Ciebie? Masz 14 dni na zmian\u0119 kursu lub zwrot pieni\u0119dzy. Bez presji, bez ryzyka.<\/p>\n","protected":false},"excerpt":{"rendered":"<p>Chcesz m\u00f3wi\u0107 swobodniej i pewniej? Zacznij od s\u0142\u00f3w, kt\u00f3rych naprawd\u0119 potrzebujesz.Kurs \u201eAngielskie s\u0142\u00f3wka na poziomie A2\u201d jest idealny dla os\u00f3b na poziomie wy\u017cszym pocz\u0105tkuj\u0105cym. Pomo\u017ce ugruntowa\u0107 znajomo\u015b\u0107 podstawowego s\u0142ownictwa i krok po kroku rozbudowa\u0107 zas\u00f3b s\u0142\u00f3w potrzebnych w codziennych sytuacjach. Uczysz si\u0119 w zr\u00f3\u017cnicowany spos\u00f3b \u2013 przez czytanie, pisanie, s\u0142uchanie i m\u00f3wienie. Szczeg\u00f3ln\u0105 uwag\u0119 po\u015bwi\u0119camy [&hellip;]<\/p>\n","protected":false},"featured_media":108783,"template":"","meta":{"_et_pb_use_builder":"off","_et_pb_old_content":"<p class=\"\" data-start=\"63\" data-end=\"383\"><strong data-start=\"63\" data-end=\"149\">Chcesz m\u00f3wi\u0107 swobodniej i pewniej? Zacznij od s\u0142\u00f3w, kt\u00f3rych naprawd\u0119 potrzebujesz.<\/strong><br data-start=\"149\" data-end=\"152\" \/>Kurs <strong data-start=\"157\" data-end=\"195\">\u201eAngielskie s\u0142\u00f3wka na poziomie A2\u201d<\/strong> jest idealny dla os\u00f3b na poziomie wy\u017cszym pocz\u0105tkuj\u0105cym. Pomo\u017ce ugruntowa\u0107 znajomo\u015b\u0107 podstawowego s\u0142ownictwa i krok po kroku rozbudowa\u0107 zas\u00f3b s\u0142\u00f3w potrzebnych w codziennych sytuacjach. Uczysz si\u0119 w zr\u00f3\u017cnicowany spos\u00f3b \u2013 przez czytanie, pisanie, s\u0142uchanie i m\u00f3wienie. Szczeg\u00f3ln\u0105 uwag\u0119 po\u015bwi\u0119camy wymowie, \u017ceby\u015b brzmia\u0142 naturalnie i czu\u0142 si\u0119 pewnie w rozmowie.<\/p>\r\n<p class=\"\" data-start=\"560\" data-end=\"745\">Kurs \u015bwietnie uzupe\u0142nia inne formy nauki, np. podr\u0119czniki czy lekcje online.<br data-start=\"636\" data-end=\"639\" \/>Nie wiesz, czy to co\u015b dla Ciebie? Masz 14 dni na zmian\u0119 kursu lub zwrot pieni\u0119dzy. Bez presji, bez ryzyka.<\/p>","_et_gb_content_width":"","inline_featured_image":false},"product_cat":[76],"product_tag":[],"_links":{"self":[{"href":"https:\/\/easylingo.com\/pl\/wp-json\/wp\/v2\/product\/108787"}],"collection":[{"href":"https:\/\/easylingo.com\/pl\/wp-json\/wp\/v2\/product"}],"about":[{"href":"https:\/\/easylingo.com\/pl\/wp-json\/wp\/v2\/types\/product"}],"wp:featuredmedia":[{"embeddable":true,"href":"https:\/\/easylingo.com\/pl\/wp-json\/wp\/v2\/media\/108783"}],"wp:attachment":[{"href":"https:\/\/easylingo.com\/pl\/wp-json\/wp\/v2\/media?parent=108787"}],"wp:term":[{"taxonomy":"product_cat","embeddable":true,"href":"https:\/\/easylingo.com\/pl\/wp-json\/wp\/v2\/product_cat?post=108787"},{"taxonomy":"product_tag","embeddable":true,"href":"https:\/\/easylingo.com\/pl\/wp-json\/wp\/v2\/product_tag?post=108787"}],"curies":[{"name":"wp","href":"https:\/\/api.w.org\/{rel}","templated":true}]}}