{"id":108788,"date":"2025-03-13T16:52:05","date_gmt":"2025-03-13T16:52:05","guid":{"rendered":"https:\/\/easylingo.com\/pl\/?post_type=product&#038;p=108788"},"modified":"2025-05-05T16:14:41","modified_gmt":"2025-05-05T16:14:41","slug":"angielskie-slowa-b1","status":"publish","type":"product","link":"https:\/\/easylingo.com\/pl\/product\/angielskie-slowa-b1\/","title":{"rendered":"Angielskie s\u0142\u00f3wka B1"},"content":{"rendered":"<article class=\"group\/turn w-full text-token-text-primary focus-visible:outline-2 focus-visible:outline-offset-[-4px]\" dir=\"auto\" data-testid=\"conversation-turn-16\" data-scroll-anchor=\"true\">\n<div class=\"text-base my-auto mx-auto py-[18px] px-6\">\n<div class=\"mx-auto flex flex-1 text-base gap-4 md:gap-5 lg:gap-6 md:max-w-3xl lg:max-w-[40rem] xl:max-w-[48rem]\">\n<div class=\"group\/conversation-turn relative flex w-full min-w-0 flex-col agent-turn @xs\/thread:px-0 @sm\/thread:px-1.5 @md\/thread:px-4\">\n<div class=\"flex-col gap-1 md:gap-3\">\n<div class=\"flex max-w-full flex-col flex-grow\">\n<div class=\"min-h-8 text-message relative flex w-full flex-col items-end gap-2 whitespace-normal break-words text-start [.text-message+&amp;]:mt-5\" dir=\"auto\" data-message-author-role=\"assistant\" data-message-id=\"e0f68dda-1ca9-4c6e-8a93-518ce27a10df\" data-message-model-slug=\"gpt-4o\">\n<div class=\"flex w-full flex-col gap-1 empty:hidden first:pt-[3px]\">\n<div class=\"markdown prose w-full break-words dark:prose-invert dark\">\n<article class=\"group\/turn w-full text-token-text-primary focus-visible:outline-2 focus-visible:outline-offset-[-4px]\" dir=\"auto\" data-testid=\"conversation-turn-82\" data-scroll-anchor=\"true\">\n<div class=\"text-base my-auto mx-auto py-[18px] px-6\">\n<div class=\"mx-auto flex flex-1 text-base gap-4 md:gap-5 lg:gap-6 md:max-w-3xl\">\n<div class=\"group\/conversation-turn relative flex w-full min-w-0 flex-col agent-turn @xs\/thread:px-0 @sm\/thread:px-1.5 @md\/thread:px-4\">\n<div class=\"flex-col gap-1 md:gap-3\">\n<div class=\"flex max-w-full flex-col flex-grow\">\n<div class=\"min-h-8 text-message relative flex w-full flex-col items-end gap-2 whitespace-normal break-words text-start [.text-message+&amp;]:mt-5\" dir=\"auto\" data-message-author-role=\"assistant\" data-message-id=\"c5bae940-841d-4d36-889c-ae033a7f1aaf\" data-message-model-slug=\"gpt-4o\">\n<div class=\"flex w-full flex-col gap-1 empty:hidden first:pt-[3px]\">\n<div class=\"markdown prose w-full break-words dark:prose-invert light\">\n<p class=\"\" data-start=\"71\" data-end=\"405\"><strong data-start=\"71\" data-end=\"141\">Trenuj i rozwijaj s\u0142ownictwo, kt\u00f3re naprawd\u0119 si\u0119 przydaje \u2013 na poziomie B1.<\/strong><br data-start=\"141\" data-end=\"144\" \/>Kurs \u015bwietnie sprawdzi si\u0119 jako uzupe\u0142nienie innych kurs\u00f3w lub materia\u0142\u00f3w do samodzielnej nauki. S\u0142\u00f3wka \u0107wiczysz w praktyczny spos\u00f3b \u2013 przez czytanie, pisanie, s\u0142uchanie i m\u00f3wienie. Szczeg\u00f3lny nacisk k\u0142adziemy na poprawn\u0105 wymow\u0119.<\/p>\n<p class=\"\" data-start=\"610\" data-end=\"709\">Przetestuj kurs bez ryzyka \u2013 masz 14 dni na zmian\u0119 lub zwrot pieni\u0119dzy. Je\u015bli wybierzesz nieodpowiedni kurs i jego zawarto\u015b\u0107 nie b\u0119dzie Ci odpowiada\u0107, masz 14 dni na zmian\u0119 lub zwrot pieni\u0119dzy. Niczym nie ryzykujesz \u2013 spr\u00f3buj!<\/p>\n<\/div>\n<\/div>\n<\/div>\n<\/div>\n<\/div>\n<\/div>\n<\/div>\n<\/div>\n<\/article>\n<\/div>\n<\/div>\n<\/div>\n<\/div>\n<\/div>\n<\/div>\n<\/div>\n<\/div>\n<\/article>\n","protected":false},"excerpt":{"rendered":"<p>Trenuj i rozwijaj s\u0142ownictwo, kt\u00f3re naprawd\u0119 si\u0119 przydaje \u2013 na poziomie B1.Kurs \u015bwietnie sprawdzi si\u0119 jako uzupe\u0142nienie innych kurs\u00f3w lub materia\u0142\u00f3w do samodzielnej nauki. S\u0142\u00f3wka \u0107wiczysz w praktyczny spos\u00f3b \u2013 przez czytanie, pisanie, s\u0142uchanie i m\u00f3wienie. Szczeg\u00f3lny nacisk k\u0142adziemy na poprawn\u0105 wymow\u0119. Przetestuj kurs bez ryzyka \u2013 masz 14 dni na zmian\u0119 lub zwrot pieni\u0119dzy. [&hellip;]<\/p>\n","protected":false},"featured_media":108782,"template":"","meta":{"_et_pb_use_builder":"on","_et_pb_old_content":"<article class=\"group\/turn w-full text-token-text-primary focus-visible:outline-2 focus-visible:outline-offset-[-4px]\" dir=\"auto\" data-testid=\"conversation-turn-16\" data-scroll-anchor=\"true\">\r\n<div class=\"text-base my-auto mx-auto py-[18px] px-6\">\r\n<div class=\"mx-auto flex flex-1 text-base gap-4 md:gap-5 lg:gap-6 md:max-w-3xl lg:max-w-[40rem] xl:max-w-[48rem]\">\r\n<div class=\"group\/conversation-turn relative flex w-full min-w-0 flex-col agent-turn @xs\/thread:px-0 @sm\/thread:px-1.5 @md\/thread:px-4\">\r\n<div class=\"flex-col gap-1 md:gap-3\">\r\n<div class=\"flex max-w-full flex-col flex-grow\">\r\n<div class=\"min-h-8 text-message relative flex w-full flex-col items-end gap-2 whitespace-normal break-words text-start [.text-message+&amp;]:mt-5\" dir=\"auto\" data-message-author-role=\"assistant\" data-message-id=\"e0f68dda-1ca9-4c6e-8a93-518ce27a10df\" data-message-model-slug=\"gpt-4o\">\r\n<div class=\"flex w-full flex-col gap-1 empty:hidden first:pt-[3px]\">\r\n<div class=\"markdown prose w-full break-words dark:prose-invert dark\"><article class=\"group\/turn w-full text-token-text-primary focus-visible:outline-2 focus-visible:outline-offset-[-4px]\" dir=\"auto\" data-testid=\"conversation-turn-82\" data-scroll-anchor=\"true\">\r\n<div class=\"text-base my-auto mx-auto py-[18px] px-6\">\r\n<div class=\"mx-auto flex flex-1 text-base gap-4 md:gap-5 lg:gap-6 md:max-w-3xl\">\r\n<div class=\"group\/conversation-turn relative flex w-full min-w-0 flex-col agent-turn @xs\/thread:px-0 @sm\/thread:px-1.5 @md\/thread:px-4\">\r\n<div class=\"flex-col gap-1 md:gap-3\">\r\n<div class=\"flex max-w-full flex-col flex-grow\">\r\n<div class=\"min-h-8 text-message relative flex w-full flex-col items-end gap-2 whitespace-normal break-words text-start [.text-message+&amp;]:mt-5\" dir=\"auto\" data-message-author-role=\"assistant\" data-message-id=\"c5bae940-841d-4d36-889c-ae033a7f1aaf\" data-message-model-slug=\"gpt-4o\">\r\n<div class=\"flex w-full flex-col gap-1 empty:hidden first:pt-[3px]\">\r\n<div class=\"markdown prose w-full break-words dark:prose-invert light\">\r\n<p class=\"\" data-start=\"71\" data-end=\"405\"><strong data-start=\"71\" data-end=\"141\">Trenuj i rozwijaj s\u0142ownictwo, kt\u00f3re naprawd\u0119 si\u0119 przydaje \u2013 na poziomie B1.<\/strong><br data-start=\"141\" data-end=\"144\" \/>Kurs \u015bwietnie sprawdzi si\u0119 jako uzupe\u0142nienie innych kurs\u00f3w lub materia\u0142\u00f3w do samodzielnej nauki. S\u0142\u00f3wka \u0107wiczysz w praktyczny spos\u00f3b \u2013 przez czytanie, pisanie, s\u0142uchanie i m\u00f3wienie. Szczeg\u00f3lny nacisk k\u0142adziemy na poprawn\u0105 wymow\u0119.<\/p>\r\n<p class=\"\" data-start=\"610\" data-end=\"709\">Przetestuj kurs bez ryzyka \u2013 masz 14 dni na zmian\u0119 lub zwrot pieni\u0119dzy. Je\u015bli wybierzesz nieodpowiedni kurs i jego zawarto\u015b\u0107 nie b\u0119dzie Ci odpowiada\u0107, masz 14 dni na zmian\u0119 lub zwrot pieni\u0119dzy. Niczym nie ryzykujesz \u2013 spr\u00f3buj!<\/p>\r\n\r\n<\/div>\r\n<\/div>\r\n<\/div>\r\n<\/div>\r\n<\/div>\r\n<\/div>\r\n<\/div>\r\n<\/div>\r\n<\/article><\/div>\r\n<\/div>\r\n<\/div>\r\n<\/div>\r\n<\/div>\r\n<\/div>\r\n<\/div>\r\n<\/div>\r\n<\/article>","_et_gb_content_width":"","inline_featured_image":false},"product_cat":[76],"product_tag":[],"_links":{"self":[{"href":"https:\/\/easylingo.com\/pl\/wp-json\/wp\/v2\/product\/108788"}],"collection":[{"href":"https:\/\/easylingo.com\/pl\/wp-json\/wp\/v2\/product"}],"about":[{"href":"https:\/\/easylingo.com\/pl\/wp-json\/wp\/v2\/types\/product"}],"wp:featuredmedia":[{"embeddable":true,"href":"https:\/\/easylingo.com\/pl\/wp-json\/wp\/v2\/media\/108782"}],"wp:attachment":[{"href":"https:\/\/easylingo.com\/pl\/wp-json\/wp\/v2\/media?parent=108788"}],"wp:term":[{"taxonomy":"product_cat","embeddable":true,"href":"https:\/\/easylingo.com\/pl\/wp-json\/wp\/v2\/product_cat?post=108788"},{"taxonomy":"product_tag","embeddable":true,"href":"https:\/\/easylingo.com\/pl\/wp-json\/wp\/v2\/product_tag?post=108788"}],"curies":[{"name":"wp","href":"https:\/\/api.w.org\/{rel}","templated":true}]}}