{"id":108789,"date":"2025-03-13T16:58:12","date_gmt":"2025-03-13T16:58:12","guid":{"rendered":"https:\/\/easylingo.com\/pl\/?post_type=product&#038;p=108789"},"modified":"2025-05-05T16:14:24","modified_gmt":"2025-05-05T16:14:24","slug":"1000-angielskich-slowek","status":"publish","type":"product","link":"https:\/\/easylingo.com\/pl\/product\/1000-angielskich-slowek\/","title":{"rendered":"1000 angielskich s\u0142\u00f3wek"},"content":{"rendered":"<p class=\"\" data-start=\"116\" data-end=\"378\"><strong data-start=\"116\" data-end=\"210\">Poznaj i zapami\u0119taj 1000 najcz\u0119\u015bciej u\u017cywanych angielskich s\u0142\u00f3wek.<\/strong><br data-start=\"210\" data-end=\"213\" \/>Kurs pomo\u017ce Ci rozbudowa\u0107 zas\u00f3b s\u0142ownictwa \u2013 niezale\u017cnie od tego, czy dopiero zaczynasz nauk\u0119, czy masz ju\u017c podstawy.<\/p>\n<p class=\"\" data-start=\"380\" data-end=\"711\">Ka\u017cde s\u0142owo pojawia si\u0119 w kontek\u015bcie. Dzi\u0119ki ilustracjom \u0142atwiej je zapami\u0119tasz i szybciej zaczniesz u\u017cywa\u0107 je w praktyce. S\u0142\u00f3wka dotycz\u0105 codziennego \u017cycia \u2013 takich temat\u00f3w jak rodzina, dom, przyroda, podr\u00f3\u017ce, emocje czy jedzenie. Kurs sprawdzi si\u0119 idealnie jako uzupe\u0142nienie nauki albo szybka powt\u00f3rka przed wyjazdem czy egzaminem.<\/p>\n<p>Je\u015bli uznasz, \u017ce to nie to, masz 14 dni na zmian\u0119 kursu lub zwrot pieni\u0119dzy.<\/p>\n","protected":false},"excerpt":{"rendered":"<p>Poznaj i zapami\u0119taj 1000 najcz\u0119\u015bciej u\u017cywanych angielskich s\u0142\u00f3wek.Kurs pomo\u017ce Ci rozbudowa\u0107 zas\u00f3b s\u0142ownictwa \u2013 niezale\u017cnie od tego, czy dopiero zaczynasz nauk\u0119, czy masz ju\u017c podstawy. Ka\u017cde s\u0142owo pojawia si\u0119 w kontek\u015bcie. Dzi\u0119ki ilustracjom \u0142atwiej je zapami\u0119tasz i szybciej zaczniesz u\u017cywa\u0107 je w praktyce. S\u0142\u00f3wka dotycz\u0105 codziennego \u017cycia \u2013 takich temat\u00f3w jak rodzina, dom, przyroda, podr\u00f3\u017ce, [&hellip;]<\/p>\n","protected":false},"featured_media":108780,"template":"","meta":{"_et_pb_use_builder":"on","_et_pb_old_content":"<p class=\"\" data-start=\"116\" data-end=\"378\"><strong data-start=\"116\" data-end=\"210\">Poznaj i zapami\u0119taj 1000 najcz\u0119\u015bciej u\u017cywanych angielskich s\u0142\u00f3wek.<\/strong><br data-start=\"210\" data-end=\"213\" \/>Kurs pomo\u017ce Ci rozbudowa\u0107 zas\u00f3b s\u0142ownictwa \u2013 niezale\u017cnie od tego, czy dopiero zaczynasz nauk\u0119, czy masz ju\u017c podstawy.<\/p>\r\n<p class=\"\" data-start=\"380\" data-end=\"711\">Ka\u017cde s\u0142owo pojawia si\u0119 w kontek\u015bcie. Dzi\u0119ki ilustracjom \u0142atwiej je zapami\u0119tasz i szybciej zaczniesz u\u017cywa\u0107 je w praktyce. S\u0142\u00f3wka dotycz\u0105 codziennego \u017cycia \u2013 takich temat\u00f3w jak rodzina, dom, przyroda, podr\u00f3\u017ce, emocje czy jedzenie. Kurs sprawdzi si\u0119 idealnie jako uzupe\u0142nienie nauki albo szybka powt\u00f3rka przed wyjazdem czy egzaminem.<\/p>\r\nJe\u015bli uznasz, \u017ce to nie to, masz 14 dni na zmian\u0119 kursu lub zwrot pieni\u0119dzy.","_et_gb_content_width":"","inline_featured_image":false},"product_cat":[76],"product_tag":[],"_links":{"self":[{"href":"https:\/\/easylingo.com\/pl\/wp-json\/wp\/v2\/product\/108789"}],"collection":[{"href":"https:\/\/easylingo.com\/pl\/wp-json\/wp\/v2\/product"}],"about":[{"href":"https:\/\/easylingo.com\/pl\/wp-json\/wp\/v2\/types\/product"}],"wp:featuredmedia":[{"embeddable":true,"href":"https:\/\/easylingo.com\/pl\/wp-json\/wp\/v2\/media\/108780"}],"wp:attachment":[{"href":"https:\/\/easylingo.com\/pl\/wp-json\/wp\/v2\/media?parent=108789"}],"wp:term":[{"taxonomy":"product_cat","embeddable":true,"href":"https:\/\/easylingo.com\/pl\/wp-json\/wp\/v2\/product_cat?post=108789"},{"taxonomy":"product_tag","embeddable":true,"href":"https:\/\/easylingo.com\/pl\/wp-json\/wp\/v2\/product_tag?post=108789"}],"curies":[{"name":"wp","href":"https:\/\/api.w.org\/{rel}","templated":true}]}}