{"id":108790,"date":"2025-03-13T17:06:10","date_gmt":"2025-03-13T17:06:10","guid":{"rendered":"https:\/\/easylingo.com\/pl\/?post_type=product&#038;p=108790"},"modified":"2025-05-05T16:14:11","modified_gmt":"2025-05-05T16:14:11","slug":"angielski-biznesowy-dla-poczatkujacych-a2","status":"publish","type":"product","link":"https:\/\/easylingo.com\/pl\/product\/angielski-biznesowy-dla-poczatkujacych-a2\/","title":{"rendered":"Angielski biznesowy dla pocz\u0105tkuj\u0105cych A2"},"content":{"rendered":"<p class=\"\" data-start=\"120\" data-end=\"426\">Rozumiesz angielski i potrafisz si\u0119 dogada\u0107, ale kiedy przychodzi do rozm\u00f3w w pracy \u2013 brakuje Ci s\u0142ownictwa? Nie wiesz, jak napisa\u0107 e-mail, poprosi\u0107 o ofert\u0119 czy zarezerwowa\u0107 nocleg s\u0142u\u017cbowy? Ten kurs pomo\u017ce Ci poczu\u0107 si\u0119 pewnie w biznesowych sytuacjach.<\/p>\n<p class=\"\" data-start=\"428\" data-end=\"851\">Krok po kroku opanujesz s\u0142ownictwo zwi\u0105zane z zawodami, firmami, us\u0142ugami, stanowiskami i codziennym \u017cyciem biurowym. Prze\u0107wiczysz gramatyk\u0119 w kontek\u015bcie: <em data-start=\"705\" data-end=\"719\">there is\/are<\/em>, <em data-start=\"721\" data-end=\"731\">some\/any<\/em>, <em data-start=\"733\" data-end=\"753\">present continuous<\/em>, <em data-start=\"755\" data-end=\"772\">present perfect<\/em>, stopniowanie przymiotnik\u00f3w, czasowniki nieregularne i konstrukcj\u0119 <em data-start=\"840\" data-end=\"850\">going to.<\/em><\/p>\n<p class=\"\" data-start=\"992\" data-end=\"1118\">Je\u015bli uznasz, \u017ce to nie to, masz 14 dni na zmian\u0119 kursu lub zwrot pieni\u0119dzy. Bez stresu, bez ryzyka \u2013 zacznij i sprawd\u017a.<\/p>\n","protected":false},"excerpt":{"rendered":"<p>Rozumiesz angielski i potrafisz si\u0119 dogada\u0107, ale kiedy przychodzi do rozm\u00f3w w pracy \u2013 brakuje Ci s\u0142ownictwa? Nie wiesz, jak napisa\u0107 e-mail, poprosi\u0107 o ofert\u0119 czy zarezerwowa\u0107 nocleg s\u0142u\u017cbowy? Ten kurs pomo\u017ce Ci poczu\u0107 si\u0119 pewnie w biznesowych sytuacjach. Krok po kroku opanujesz s\u0142ownictwo zwi\u0105zane z zawodami, firmami, us\u0142ugami, stanowiskami i codziennym \u017cyciem biurowym. Prze\u0107wiczysz [&hellip;]<\/p>\n","protected":false},"featured_media":108791,"template":"","meta":{"_et_pb_use_builder":"off","_et_pb_old_content":"<p class=\"\" data-start=\"120\" data-end=\"426\">Rozumiesz angielski i potrafisz si\u0119 dogada\u0107, ale kiedy przychodzi do rozm\u00f3w w pracy \u2013 brakuje Ci s\u0142ownictwa? Nie wiesz, jak napisa\u0107 e-mail, poprosi\u0107 o ofert\u0119 czy zarezerwowa\u0107 nocleg s\u0142u\u017cbowy? Ten kurs pomo\u017ce Ci poczu\u0107 si\u0119 pewnie w biznesowych sytuacjach.<\/p>\r\n<p class=\"\" data-start=\"428\" data-end=\"851\">Krok po kroku opanujesz s\u0142ownictwo zwi\u0105zane z zawodami, firmami, us\u0142ugami, stanowiskami i codziennym \u017cyciem biurowym. Prze\u0107wiczysz gramatyk\u0119 w kontek\u015bcie: <em data-start=\"705\" data-end=\"719\">there is\/are<\/em>, <em data-start=\"721\" data-end=\"731\">some\/any<\/em>, <em data-start=\"733\" data-end=\"753\">present continuous<\/em>, <em data-start=\"755\" data-end=\"772\">present perfect<\/em>, stopniowanie przymiotnik\u00f3w, czasowniki nieregularne i konstrukcj\u0119 <em data-start=\"840\" data-end=\"850\">going to.<\/em><\/p>\r\n<p class=\"\" data-start=\"992\" data-end=\"1118\">Je\u015bli uznasz, \u017ce to nie to, masz 14 dni na zmian\u0119 kursu lub zwrot pieni\u0119dzy. Bez stresu, bez ryzyka \u2013 zacznij i sprawd\u017a.<\/p>","_et_gb_content_width":"","inline_featured_image":false},"product_cat":[79],"product_tag":[],"_links":{"self":[{"href":"https:\/\/easylingo.com\/pl\/wp-json\/wp\/v2\/product\/108790"}],"collection":[{"href":"https:\/\/easylingo.com\/pl\/wp-json\/wp\/v2\/product"}],"about":[{"href":"https:\/\/easylingo.com\/pl\/wp-json\/wp\/v2\/types\/product"}],"wp:featuredmedia":[{"embeddable":true,"href":"https:\/\/easylingo.com\/pl\/wp-json\/wp\/v2\/media\/108791"}],"wp:attachment":[{"href":"https:\/\/easylingo.com\/pl\/wp-json\/wp\/v2\/media?parent=108790"}],"wp:term":[{"taxonomy":"product_cat","embeddable":true,"href":"https:\/\/easylingo.com\/pl\/wp-json\/wp\/v2\/product_cat?post=108790"},{"taxonomy":"product_tag","embeddable":true,"href":"https:\/\/easylingo.com\/pl\/wp-json\/wp\/v2\/product_tag?post=108790"}],"curies":[{"name":"wp","href":"https:\/\/api.w.org\/{rel}","templated":true}]}}