{"id":108795,"date":"2025-03-13T17:34:15","date_gmt":"2025-03-13T17:34:15","guid":{"rendered":"https:\/\/easylingo.com\/pl\/?post_type=product&#038;p=108795"},"modified":"2025-05-05T16:13:57","modified_gmt":"2025-05-05T16:13:57","slug":"angielski-w-podrozy","status":"publish","type":"product","link":"https:\/\/easylingo.com\/pl\/product\/angielski-w-podrozy\/","title":{"rendered":"Angielski w podr\u00f3\u017cy"},"content":{"rendered":"<p class=\"\" data-start=\"82\" data-end=\"109\"><strong data-start=\"82\" data-end=\"109\">Dla kogo jest ten kurs?<\/strong><\/p>\n<p class=\"\" data-start=\"111\" data-end=\"460\">Dla ka\u017cdego, kto chce czu\u0107 si\u0119 pewnie za granic\u0105 \u2013 niezale\u017cnie od tego, czy lecisz na wakacje, czy jedziesz w delegacj\u0119. Ten kurs przygotuje Ci\u0119 do realnych sytuacji, kt\u00f3re mog\u0105 Ci\u0119 spotka\u0107 podczas podr\u00f3\u017cy: odprawa na lotnisku, zameldowanie w hotelu, zamawianie jedzenia w restauracji, pytanie o drog\u0119, zakupy, a nawet rozmowa w nag\u0142ych przypadkach.<\/p>\n<p class=\"\" data-start=\"462\" data-end=\"589\">Bez podr\u0119cznikowych dialog\u00f3w \u2013 uczysz si\u0119 j\u0119zyka, kt\u00f3rego naprawd\u0119 u\u017cyjesz.<br data-start=\"537\" data-end=\"540\" \/>Bez stresu \u2013 w swoim tempie, w praktyczny spos\u00f3b.<\/p>\n<p class=\"\" data-start=\"591\" data-end=\"729\">A je\u015bli po rozpocz\u0119ciu stwierdzisz, \u017ce to nie to \u2013 masz 14 dni na zmian\u0119 lub zwrot.<br data-start=\"674\" data-end=\"677\" \/>Zero ryzyka, same korzy\u015bci. Wskakujesz na pok\u0142ad? \u2708\ufe0f<\/p>\n","protected":false},"excerpt":{"rendered":"<p>Dla kogo jest ten kurs? Dla ka\u017cdego, kto chce czu\u0107 si\u0119 pewnie za granic\u0105 \u2013 niezale\u017cnie od tego, czy lecisz na wakacje, czy jedziesz w delegacj\u0119. Ten kurs przygotuje Ci\u0119 do realnych sytuacji, kt\u00f3re mog\u0105 Ci\u0119 spotka\u0107 podczas podr\u00f3\u017cy: odprawa na lotnisku, zameldowanie w hotelu, zamawianie jedzenia w restauracji, pytanie o drog\u0119, zakupy, a nawet [&hellip;]<\/p>\n","protected":false},"featured_media":108781,"template":"","meta":{"_et_pb_use_builder":"on","_et_pb_old_content":"<p class=\"\" data-start=\"82\" data-end=\"109\"><strong data-start=\"82\" data-end=\"109\">Dla kogo jest ten kurs?<\/strong><\/p>\r\n<p class=\"\" data-start=\"111\" data-end=\"460\">Dla ka\u017cdego, kto chce czu\u0107 si\u0119 pewnie za granic\u0105 \u2013 niezale\u017cnie od tego, czy lecisz na wakacje, czy jedziesz w delegacj\u0119. Ten kurs przygotuje Ci\u0119 do realnych sytuacji, kt\u00f3re mog\u0105 Ci\u0119 spotka\u0107 podczas podr\u00f3\u017cy: odprawa na lotnisku, zameldowanie w hotelu, zamawianie jedzenia w restauracji, pytanie o drog\u0119, zakupy, a nawet rozmowa w nag\u0142ych przypadkach.<\/p>\r\n<p class=\"\" data-start=\"462\" data-end=\"589\">Bez podr\u0119cznikowych dialog\u00f3w \u2013 uczysz si\u0119 j\u0119zyka, kt\u00f3rego naprawd\u0119 u\u017cyjesz.<br data-start=\"537\" data-end=\"540\" \/>Bez stresu \u2013 w swoim tempie, w praktyczny spos\u00f3b.<\/p>\r\n<p class=\"\" data-start=\"591\" data-end=\"729\">A je\u015bli po rozpocz\u0119ciu stwierdzisz, \u017ce to nie to \u2013 masz 14 dni na zmian\u0119 lub zwrot.<br data-start=\"674\" data-end=\"677\" \/>Zero ryzyka, same korzy\u015bci. Wskakujesz na pok\u0142ad? \u2708\ufe0f<\/p>","_et_gb_content_width":"","inline_featured_image":false},"product_cat":[77],"product_tag":[],"_links":{"self":[{"href":"https:\/\/easylingo.com\/pl\/wp-json\/wp\/v2\/product\/108795"}],"collection":[{"href":"https:\/\/easylingo.com\/pl\/wp-json\/wp\/v2\/product"}],"about":[{"href":"https:\/\/easylingo.com\/pl\/wp-json\/wp\/v2\/types\/product"}],"wp:featuredmedia":[{"embeddable":true,"href":"https:\/\/easylingo.com\/pl\/wp-json\/wp\/v2\/media\/108781"}],"wp:attachment":[{"href":"https:\/\/easylingo.com\/pl\/wp-json\/wp\/v2\/media?parent=108795"}],"wp:term":[{"taxonomy":"product_cat","embeddable":true,"href":"https:\/\/easylingo.com\/pl\/wp-json\/wp\/v2\/product_cat?post=108795"},{"taxonomy":"product_tag","embeddable":true,"href":"https:\/\/easylingo.com\/pl\/wp-json\/wp\/v2\/product_tag?post=108795"}],"curies":[{"name":"wp","href":"https:\/\/api.w.org\/{rel}","templated":true}]}}