{"id":108796,"date":"2025-03-13T17:38:36","date_gmt":"2025-03-13T17:38:36","guid":{"rendered":"https:\/\/easylingo.com\/pl\/?post_type=product&#038;p=108796"},"modified":"2025-05-05T16:13:44","modified_gmt":"2025-05-05T16:13:44","slug":"zakochaj-sie-w-angielskim","status":"publish","type":"product","link":"https:\/\/easylingo.com\/pl\/product\/zakochaj-sie-w-angielskim\/","title":{"rendered":"Zakochaj si\u0119 w angielskim"},"content":{"rendered":"<p class=\"\" data-start=\"0\" data-end=\"280\">Czy lubisz si\u0119 uczy\u0107 angielskiego w zabawny i lekki spos\u00f3b z nut\u0105 dobrego humoru? Je\u015bli tak, to \u015bwietnie, poniewa\u017c w tym mini kursie mo\u017cesz prze\u017cy\u0107 histori\u0119 rodem z \u201ePretty Woman\u201d albo po\u015bmia\u0107 si\u0119 z Bridget Jones, a przy okazji&#8230; podszlifowa\u0107 angielski. Czeka Ci\u0119 zabawna mieszanka niezapomnianych cytat\u00f3w, przydatnych s\u0142\u00f3wek i autentycznych materia\u0142\u00f3w wideo. Ten minikurs to idealna propozycja dla tych, kt\u00f3rzy chc\u0105 po\u0142\u0105czy\u0107 przyjemne z po\u017cytecznym \u2013 uczy\u0107 si\u0119 angielskiego w ciekawy spos\u00f3b, wzbogaci\u0107 zas\u00f3b s\u0142\u00f3wek.<\/p>\n<p class=\"\" data-start=\"487\" data-end=\"616\">A je\u015bli uznasz, \u017ce to nie dla Ciebie, w ci\u0105gu 14 dni mo\u017cesz wybra\u0107 inny kurs lub poprosi\u0107 o zwrot pieni\u0119dzy. To co, spr\u00f3bujesz? \ud83d\ude0a<\/p>\n","protected":false},"excerpt":{"rendered":"<p>Czy lubisz si\u0119 uczy\u0107 angielskiego w zabawny i lekki spos\u00f3b z nut\u0105 dobrego humoru? Je\u015bli tak, to \u015bwietnie, poniewa\u017c w tym mini kursie mo\u017cesz prze\u017cy\u0107 histori\u0119 rodem z \u201ePretty Woman\u201d albo po\u015bmia\u0107 si\u0119 z Bridget Jones, a przy okazji&#8230; podszlifowa\u0107 angielski. Czeka Ci\u0119 zabawna mieszanka niezapomnianych cytat\u00f3w, przydatnych s\u0142\u00f3wek i autentycznych materia\u0142\u00f3w wideo. Ten minikurs [&hellip;]<\/p>\n","protected":false},"featured_media":108797,"template":"","meta":{"_et_pb_use_builder":"on","_et_pb_old_content":"<p class=\"\" data-start=\"0\" data-end=\"280\">Czy lubisz si\u0119 uczy\u0107 angielskiego w zabawny i lekki spos\u00f3b z nut\u0105 dobrego humoru? Je\u015bli tak, to \u015bwietnie, poniewa\u017c w tym mini kursie mo\u017cesz prze\u017cy\u0107 histori\u0119 rodem z \u201ePretty Woman\u201d albo po\u015bmia\u0107 si\u0119 z Bridget Jones, a przy okazji... podszlifowa\u0107 angielski. Czeka Ci\u0119 zabawna mieszanka niezapomnianych cytat\u00f3w, przydatnych s\u0142\u00f3wek i autentycznych materia\u0142\u00f3w wideo. Ten minikurs to idealna propozycja dla tych, kt\u00f3rzy chc\u0105 po\u0142\u0105czy\u0107 przyjemne z po\u017cytecznym \u2013 uczy\u0107 si\u0119 angielskiego w ciekawy spos\u00f3b, wzbogaci\u0107 zas\u00f3b s\u0142\u00f3wek.<\/p>\r\n<p class=\"\" data-start=\"487\" data-end=\"616\">A je\u015bli uznasz, \u017ce to nie dla Ciebie, w ci\u0105gu 14 dni mo\u017cesz wybra\u0107 inny kurs lub poprosi\u0107 o zwrot pieni\u0119dzy. To co, spr\u00f3bujesz? \ud83d\ude0a<\/p>","_et_gb_content_width":"","inline_featured_image":false},"product_cat":[77],"product_tag":[],"_links":{"self":[{"href":"https:\/\/easylingo.com\/pl\/wp-json\/wp\/v2\/product\/108796"}],"collection":[{"href":"https:\/\/easylingo.com\/pl\/wp-json\/wp\/v2\/product"}],"about":[{"href":"https:\/\/easylingo.com\/pl\/wp-json\/wp\/v2\/types\/product"}],"wp:featuredmedia":[{"embeddable":true,"href":"https:\/\/easylingo.com\/pl\/wp-json\/wp\/v2\/media\/108797"}],"wp:attachment":[{"href":"https:\/\/easylingo.com\/pl\/wp-json\/wp\/v2\/media?parent=108796"}],"wp:term":[{"taxonomy":"product_cat","embeddable":true,"href":"https:\/\/easylingo.com\/pl\/wp-json\/wp\/v2\/product_cat?post=108796"},{"taxonomy":"product_tag","embeddable":true,"href":"https:\/\/easylingo.com\/pl\/wp-json\/wp\/v2\/product_tag?post=108796"}],"curies":[{"name":"wp","href":"https:\/\/api.w.org\/{rel}","templated":true}]}}