{"id":109032,"date":"2025-04-23T13:55:27","date_gmt":"2025-04-23T13:55:27","guid":{"rendered":"https:\/\/easylingo.com\/pl\/?post_type=product&#038;p=109032"},"modified":"2025-05-05T16:13:29","modified_gmt":"2025-05-05T16:13:29","slug":"angielskie-slowka-w-zarzadzaniu-b1","status":"publish","type":"product","link":"https:\/\/easylingo.com\/pl\/product\/angielskie-slowka-w-zarzadzaniu-b1\/","title":{"rendered":"Angielskie s\u0142\u00f3wka w zarz\u0105dzaniu B1"},"content":{"rendered":"<p class=\"\" data-start=\"116\" data-end=\"378\">Pog\u0142\u0119b swoj\u0105 angielsk\u0105 wiedz\u0119 s\u0142ownictwa dzi\u0119ki kursowi zaawansowanego angielskiego z zakresu <strong>zarz\u0105dzania zasobami ludzkimi<\/strong>. Specyfika bran\u017cy wymaga znajomo\u015bci <strong>specjalistycznego s\u0142ownictwa, fraz i wyra\u017ce\u0144.<\/strong> Ten kurs pomo\u017ce Ci zrozumie\u0107 artyku\u0142y bran\u017cowe, bra\u0107 udzia\u0142 w dyskusjach i swobodnie wypowiada\u0107 si\u0119 tak\u017ce na pi\u015bmie. Wszystko to bez konieczno\u015bci sp\u0119dzania godzin nad s\u0142ownikiem fachowym. Je\u015bli \u017ale ocenisz sw\u00f3j poziom i kurs oka\u017ce si\u0119 nieodpowiedni, w ci\u0105gu 14 dni mo\u017cesz wybra\u0107 inny kurs lub poprosi\u0107 o zwrot pieni\u0119dzy. <strong>Nic nie ryzykujesz<\/strong> \u2013 nie zwlekaj i poszerzaj swoje angielskie horyzonty!<\/p>\n","protected":false},"excerpt":{"rendered":"<p>Pog\u0142\u0119b swoj\u0105 angielsk\u0105 wiedz\u0119 s\u0142ownictwa dzi\u0119ki kursowi zaawansowanego angielskiego z zakresu zarz\u0105dzania zasobami ludzkimi. Specyfika bran\u017cy wymaga znajomo\u015bci specjalistycznego s\u0142ownictwa, fraz i wyra\u017ce\u0144. Ten kurs pomo\u017ce Ci zrozumie\u0107 artyku\u0142y bran\u017cowe, bra\u0107 udzia\u0142 w dyskusjach i swobodnie wypowiada\u0107 si\u0119 tak\u017ce na pi\u015bmie. Wszystko to bez konieczno\u015bci sp\u0119dzania godzin nad s\u0142ownikiem fachowym. Je\u015bli \u017ale ocenisz sw\u00f3j poziom [&hellip;]<\/p>\n","protected":false},"featured_media":109033,"template":"","meta":{"_et_pb_use_builder":"off","_et_pb_old_content":"<p class=\"\" data-start=\"116\" data-end=\"378\"><strong data-start=\"116\" data-end=\"210\">Poznaj i zapami\u0119taj 1000 najcz\u0119\u015bciej u\u017cywanych angielskich s\u0142\u00f3wek.<\/strong><br data-start=\"210\" data-end=\"213\" \/>Kurs pomo\u017ce Ci rozbudowa\u0107 zas\u00f3b s\u0142ownictwa \u2013 niezale\u017cnie od tego, czy dopiero zaczynasz nauk\u0119, czy masz ju\u017c podstawy.<\/p>\r\n<p class=\"\" data-start=\"380\" data-end=\"711\">Ka\u017cde s\u0142owo pojawia si\u0119 w kontek\u015bcie. Dzi\u0119ki ilustracjom \u0142atwiej je zapami\u0119tasz i szybciej zaczniesz u\u017cywa\u0107 je w praktyce. S\u0142\u00f3wka dotycz\u0105 codziennego \u017cycia \u2013 takich temat\u00f3w jak rodzina, dom, przyroda, podr\u00f3\u017ce, emocje czy jedzenie. Kurs sprawdzi si\u0119 idealnie jako uzupe\u0142nienie nauki albo szybka powt\u00f3rka przed wyjazdem czy egzaminem.<\/p>\r\nJe\u015bli uznasz, \u017ce to nie to, masz 14 dni na zmian\u0119 kursu lub zwrot pieni\u0119dzy.","_et_gb_content_width":"","inline_featured_image":false},"product_cat":[79],"product_tag":[],"_links":{"self":[{"href":"https:\/\/easylingo.com\/pl\/wp-json\/wp\/v2\/product\/109032"}],"collection":[{"href":"https:\/\/easylingo.com\/pl\/wp-json\/wp\/v2\/product"}],"about":[{"href":"https:\/\/easylingo.com\/pl\/wp-json\/wp\/v2\/types\/product"}],"wp:featuredmedia":[{"embeddable":true,"href":"https:\/\/easylingo.com\/pl\/wp-json\/wp\/v2\/media\/109033"}],"wp:attachment":[{"href":"https:\/\/easylingo.com\/pl\/wp-json\/wp\/v2\/media?parent=109032"}],"wp:term":[{"taxonomy":"product_cat","embeddable":true,"href":"https:\/\/easylingo.com\/pl\/wp-json\/wp\/v2\/product_cat?post=109032"},{"taxonomy":"product_tag","embeddable":true,"href":"https:\/\/easylingo.com\/pl\/wp-json\/wp\/v2\/product_tag?post=109032"}],"curies":[{"name":"wp","href":"https:\/\/api.w.org\/{rel}","templated":true}]}}