{"id":16179,"date":"2021-01-08T20:56:47","date_gmt":"2021-01-08T19:56:47","guid":{"rendered":"https:\/\/easylingo.com\/es\/?page_id=16179"},"modified":"2021-04-15T12:44:58","modified_gmt":"2021-04-15T11:44:58","slug":"podmienky-pouzivania","status":"publish","type":"page","link":"https:\/\/easylingo.com\/sk\/podmienky-pouzivania\/","title":{"rendered":"Podmienky pou\u017e\u00edvania"},"content":{"rendered":"<p>[et_pb_section fb_built=&#8220;1&#8243; _builder_version=&#8220;4.3.4&#8243; background_image=&#8220;https:\/\/easylingo.com\/sk\/wp-content\/uploads\/sites\/7\/2020\/11\/hero-bottom.svg&#8220; background_position=&#8220;bottom_center&#8220; custom_padding=&#8220;2px|||||&#8220;][et_pb_row _builder_version=&#8220;4.7.6&#8243; _module_preset=&#8220;default&#8220;][et_pb_column type=&#8220;4_4&#8243; _builder_version=&#8220;4.7.6&#8243; _module_preset=&#8220;default&#8220;][et_pb_text _builder_version=&#8220;4.9.2&#8243; custom_margin=&#8220;40px|||||&#8220; hover_enabled=&#8220;0&#8243; inline_fonts=&#8220;Proxima Light,Proxima Bold&#8220; sticky_enabled=&#8220;0&#8243;]<span style=\"font-size: x-large\"><strong><span style=\"font-family: 'Proxima Light'\">PODMIENKY POU\u017d\u00cdVANIA STR\u00c1NOK<\/span><\/strong><\/span>[\/et_pb_text][et_pb_text _builder_version=&#8220;4.9.2&#8243; hover_enabled=&#8220;0&#8243; inline_fonts=&#8220;Proxima Light,Proxima Regular&#8220; sticky_enabled=&#8220;0&#8243;]<\/p>\n<p>Platn\u00e9 a \u00fa\u010dinn\u00e9 od 30.8.2012<\/p>\n<p>Provozovate\u013e internetov\u00fdch str\u00e1nok www.easylingo.com je spolo\u010dnos\u0165 Online<br \/>learning s.r.o. (\u010falej len ako \u201cProvozovate\u013e\u201d), ktor\u00e1 vykon\u00e1va majetkov\u00e9 pr\u00e1va k<br \/>t\u00fdmto internetov\u00fdm str\u00e1nkam. Je zak\u00e1zan\u00e9 kop\u00edrovanie ak\u00fdchko\u013evek \u010dast\u00ed obsahu,<br \/>vzh\u013eadu \u010di programov\u00e9ho k\u00f3du internetov\u00fdch str\u00e1nok.<br \/>Provozovate\u013e t\u00fdmto vyd\u00e1va podmienky pre u\u017e\u00edvanie internetov\u00fdch str\u00e1nok<br \/>www.easylingo.com (\u010falej len ako \u201cPodmienky\u201d). Tieto podienky sa vz\u0165ahuj\u00fa na<br \/>v\u0161etky osoby, ktor\u00e9 maj\u00fa v \u00famysle u\u017e\u00edva\u0165 pr\u00edslu\u0161n\u00e9 str\u00e1nky www.easylingo.com.<br \/>Je zak\u00e1zan\u00e9 ak\u00fdmko\u013evek sp\u00f4sobom zasahova\u0165 bez s\u00fahlasu Provozovate\u013ea do<br \/>technickej podstaty \u010di obsahu str\u00e1nok www.easylingo.com.<br \/>Napriek tomu Provozovate\u013e v \u017eiadnom pr\u00edpade nezodpoved\u00e1 za spr\u00e1vnos\u0165 a<br \/>aktu\u00e1lnos\u0165 zverejnen\u00fdch inform\u00e1ci\u00ed. V\u0161etky inform\u00e1cie zverejnen\u00e9 na t\u00fdchto<br \/>str\u00e1nkach s\u00fa iba informat\u00edvnej povahy.<br \/>Provozovate\u013e si vyhradzuje pr\u00e1vo pod\u013ea vlastn\u00e9ho uv\u00e1\u017eenia podmienky kedyko\u013evek<br \/>zmeni\u0165, upravova\u0165, prid\u00e1va\u0165 \u010di odstra\u0148ova\u0165 \u010dasti t\u00fdchto podmienok, a to aj bez<br \/>predch\u00e1dzaj\u00faceho upozornenia. Ak\u00e9ko\u013evek tak\u00e9to \u00fapravy s\u00fa pre u\u017e\u00edvate\u013ea str\u00e1nok<br \/>z\u00e1v\u00e4zn\u00e9.<\/p>\n<p>MATERI\u00c1LY NA T\u00ddCHTO WEBOV\u00ddCH STR\u00c1NKACH<\/p>\n<p>Materi\u00e1ly na t\u00fdchto webov\u00fdch str\u00e1nkach s\u00fa chr\u00e1nen\u00e9 autorsk\u00fdm pr\u00e1vom spolo\u010dnosti<br \/>Online learning s.r.o. V\u0161etky pr\u00e1va s\u00fa vyhraden\u00e9. Ak nie je \u0161pecifikovan\u00e9 inak,<br \/>poskytujeme v\u00e1m neexkluz\u00edvne, neprenosn\u00e9 a obmedzen\u00e9 pr\u00e1vo pr\u00edstupu,<br \/>zobrazenia a pou\u017eitia t\u00fdchto webov\u00fdch str\u00e1nok.<\/p>\n<p>PRESNOS\u0164 A AKTU\u00c1LNOS\u0164 \u00daDAJOV<\/p>\n<p>Provozovate\u013e vyv\u00edja primeran\u00e9 \u00fasilie, aby webov\u00e9 str\u00e1nky obsahovali presn\u00e9, \u00fapln\u00e9 a<br \/>aktu\u00e1lne \u00fadaje a inform\u00e1cie. Neposkytuje v\u0161ak v tomto oh\u013eade \u017eiadne z\u00e1ruky ani<br \/>prehl\u00e1senia. Upozor\u0148uje, \u017ee webov\u00e9 str\u00e1nky m\u00f4\u017eu obsahova\u0165 nespr\u00e1vne a ne\u00fapln\u00e9<br \/>\u00fadaje \u010di chyby, ktor\u00e9 bud\u00fa opraven\u00e9, akon\u00e1hle ich provozovate\u013e odhal\u00ed.<br \/>Provozovate\u013e nenesie \u017eiadnu zodpovednos\u0165 za ak\u00e9ko\u013evek chyby \u010di opomenutia v<br \/>obsahu t\u00fdchto webov\u00fdch str\u00e1nok. Str\u00e1nky s\u00fa aktualizovan\u00e9. Provozovate\u013e si<br \/>vyhradzuje pr\u00e1vo str\u00e1nky kedyko\u013evek a bez ak\u00fdchko\u013evek upozornen\u00ed aktualizova\u0165,<br \/>upravova\u0165, modifikova\u0165, dopl\u0148ova\u0165 \u010di inak meni\u0165 \u00fadaje obsiahnut\u00e9 na str\u00e1nkach.<br \/>U\u017e\u00edvanie a prehliadanie t\u00fdchto webov\u00fdch str\u00e1nok je na Va\u0161e nebezpe\u010denstvo.<br \/>Provozovate\u013e nenesie v \u017eiadnom pr\u00edpade ak\u00fako\u013evek zodpovednos\u0165 za priame,<br \/>nepriame, mimoriadne, \u010di in\u00e9 n\u00e1sledn\u00e9 \u0161kody sp\u00f4soben\u00e9 pou\u017e\u00edvan\u00edm t\u00fdchto<br \/>webov\u00fdch str\u00e1nok, a to aj keby bolo na mo\u017enos\u0165 tak\u00fdchto \u0161k\u00f4d dopredu upozornen\u00e9.<\/p>\n<p>\u010coko\u013evek prenesiete \u010di umiestnite na str\u00e1nky, sa stane majetkom spolo\u010dnosti Online<br \/>learning s.r.o. a m\u00f4\u017ee by\u0165 pou\u017eit\u00e9 pre ak\u00fdko\u013evek \u00fa\u010del (s v\u00fdnimkou osobn\u00fdch \u00fadajov).<br \/>Z\u00e1rove\u0148 provozovate\u013eovi nevznik\u00e1 povinnos\u0165 tieto pr\u00edspevky akoko\u013evek pou\u017e\u00edva\u0165 a je<br \/>opr\u00e1vnen\u00fd tieto pr\u00edspevky kedyko\u013evek na z\u00e1klade vlastn\u00e9ho uv\u00e1\u017eenia z webov\u00fdch<br \/>str\u00e1nok a aplik\u00e1cie odstr\u00e1ni\u0165.<br \/>Prehliadan\u00edm webov\u00fdch str\u00e1nok a poskytnut\u00edm osobn\u00fdch \u00fadajov u\u017e\u00edvate\u013e z\u00e1rove\u0148<br \/>s\u00fahlas\u00ed s poskytnut\u00edm svojich osobn\u00fdch \u00fadajov spolo\u010dnosti Online learning s.r.o., je<br \/>t\u00e1to spolo\u010dnos\u0165 opr\u00e1vnen\u00e1 tieto osobn\u00e9 \u00fadaje uchova\u0165 a pou\u017ei\u0165 za \u00fa\u010delom<br \/>komunik\u00e1cie s u\u017e\u00edvate\u013eom. U\u017e\u00edvate\u013e s pou\u017eit\u00edm a spracovan\u00edm tak\u00fdchto \u00fadajov<br \/>spolo\u010dnosti Online learning s.r.o. vyslovene s\u00fahlas\u00ed. U\u017e\u00edvate\u013e m\u00e1 mo\u017enos\u0165<br \/>kedyko\u013evek p\u00edsomne po\u017eiada\u0165 o vymazanie svojich \u00fadajov z datab\u00e1zy<br \/>Provozovate\u013ea.<\/p>\n<p>ZRU\u0160ENIE REGISTR\u00c1CIE U\u017d\u00cdVATE\u013dOV<\/p>\n<p>Provozovate\u013e si vyhradzuje pr\u00e1vo zo syst\u00e9mu kedyko\u013evek bez n\u00e1hrady vymaza\u0165<br \/>ak\u00fdko\u013evek u\u017e\u00edvate\u013esk\u00fd \u00fa\u010det, ktor\u00fd sl\u00fa\u017ei \u010di bol vytvoren\u00fd u\u017e\u00edvate\u013eom za \u00fa\u010delom<br \/>post\u00fapenia, \u010di u\u017e \u00faplatn\u00e9ho \u010di bez\u00faplatn\u00e9ho in\u00e9mu u\u017e\u00edvate\u013eovi, sl\u00fa\u017ei k p\u00e1chaniu \u010di<br \/>napom\u00e1haniu k p\u00e1chaniu trestnej \u010dinnosti \u010di aktivity, ktor\u00e1 je v rozpore so<br \/>v\u0161eobecn\u00fdmi uzn\u00e1van\u00fdmi etick\u00fdmi \u010di mor\u00e1lnymi pravidlami spolo\u010dnosti \u010di ktor\u00e9ho<br \/>u\u017e\u00edvate\u013e sa svojim jednan\u00edm pok\u00fasil naru\u0161i\u0165 stabilitu a chod provozovate\u013eom<br \/>poskytovan\u00fdch slu\u017eieb.<\/p>\n<p>Z\u00c1V\u011aRE\u010cN\u00c9 USTANOVENIA<\/p>\n<p>Ka\u017ed\u00fd n\u00e1v\u0161tevn\u00edk t\u00fdchto webov\u00fdch str\u00e1nok s\u00fahlas\u00ed s t\u00fdm, \u017ee nebude poru\u0161ova\u0165<br \/>\u0161tandardn\u00fd chod \u010di celistvos\u0165 t\u00fdchto webov\u00fdch str\u00e1nok.<br \/>Provozovate\u013e nenesie \u017eiadnu zodpovednos\u0165 za pr\u00edpadn\u00fa nefunk\u010dnos\u0165, nedostupnos\u0165<br \/>\u010di zl\u00fa dostupnos\u0165 t\u00fdchto webov\u00fdch str\u00e1nok a slu\u017eieb na nich pon\u00fakan\u00fdch.<\/p>\n<p>OT\u00c1ZKY, PODNETY A PR\u00cdPADN\u00c9 S\u0164A\u017dNOSTI<\/p>\n<p>Ot\u00e1zky, podnety a pr\u00edpadn\u00e9 s\u0165a\u017enosti t\u00fdkaj\u00face sa slu\u017eieb provozovate\u013ea \u010di<br \/>podmienok u\u017eitia t\u00fdchto webov\u00fdch str\u00e1nok m\u00f4\u017eu u\u017e\u00edvatelia posiela\u0165 prostredn\u00edctvom<br \/>kontaktov uveden\u00fdch na t\u00fdchto webov\u00fdch str\u00e1nkach.<br \/>Podmienky u\u017e\u00edvania str\u00e1nok www.easylingo.com boli zverejnen\u00e9 30.8.2012 a od<br \/>tohto d\u00e1tumu s\u00fa platn\u00e9 a \u00fa\u010dinn\u00e9.<\/p>\n<p>PODMIENKY VYU\u017d\u00cdVANIA ONLINE KURZOV<\/p>\n<p>1. Licencia do\u017eivotn\u00fdch kurzov je platn\u00e1 5 rokov a pokia\u013e n\u00e1s 12 mesiacov pred<br \/>vypr\u0161an\u00edm licencie po\u017eiadate o jej pred\u013a\u017eenie, bezplatne ju obratom pred\u013a\u017eime.<br \/>Nap\u00ed\u0161te n\u00e1m.<br \/>2. Lektor po ruke je slu\u017eba re\u00e1lnych lektorov, ktor\u00ed s\u00fa \u0161tudentom k dispoz\u00edcii<br \/>prostredn\u00edctvom \u201cchatu\u201d dostupn\u00fdm jedin\u00fdm kliknut\u00edm na ikonu lektora priamo<\/p>\n<p>v Online \u0161tudovni. Lektori s\u00fa k dispoz\u00edcii minim\u00e1lne ka\u017ed\u00fd pracovn\u00fd de\u0148 od 8<br \/>do 16 hodiny CET.<br \/>3. V\u00fdsledky u\u017e raz za\u010dat\u00e9ho \u0161t\u00fadia nie je mo\u017en\u00e9 vymaza\u0165 a \u0161tudova\u0165 tak kurz,<br \/>ako keby bol nov\u00fd. Napriek tomu k akejko\u013evek l\u00e1tke a precvi\u010dovan\u00ed v kurze je<br \/>mo\u017en\u00e9 sa \u013eubovo\u013ene vraca\u0165, a to aj po pre\u0161tudovan\u00ed cel\u00e9ho kurzu a z\u00edskan\u00ed<br \/>certifik\u00e1tu.Opakovanie cvi\u010den\u00ed nie je nijako obmedzen\u00e9.<br \/>4. Obsah jedn\u00e9ho kurzu v ponuke obsahuje \u0161tudijn\u00fa l\u00e1tku na 6 mesiacov, pri<br \/>\u0161t\u00fadiu 20 min\u00fat ka\u017ed\u00fd pracovn\u00fd de\u0148 (10 min\u00fat opakovania preberanej l\u00e1tky,<br \/>10 min\u00fat nov\u00e1 l\u00e1tka)<br \/>5. Jednotliv\u00e9 jazykov\u00e9 \u00farovne s\u00fa vn\u00edman\u00e9 nasledovne &#8211; A1-, A1+, A2-, A2+, B1-,<br \/>B1+, C1, C2. Ozna\u010denie \u00farovn\u00ed A1,A2,B1,B2,C1,C2 zodpoved\u00e1 Spolo\u010dn\u00e9mu<br \/>eur\u00f3pskemu referen\u010dn\u00e9mu r\u00e1mcu pre jazyky.<br \/>6. Pokia\u013e \u0161tudent verejne uv\u00e1dza svoje meno a profilov\u00fa fotografiu na soci\u00e1lnych<br \/>sie\u0165ach, s\u00fahlas\u00ed s t\u00fdm, \u017ee m\u00f4\u017eu by\u0165 vyu\u017eit\u00e9 v online \u0161tudovni alebo na<br \/>internetov\u00fdch str\u00e1nkach poskytovate\u013ea e-learningov\u00fdch kurzov.<br \/>7. Jazykov\u00e9 predplatn\u00e9 &#8211; predplatn\u00e9 je hraden\u00e9 jednor\u00e1zovo pri polro\u010dnom alebo<br \/>ro\u010dnom predplatnom. V pr\u00edpade mesa\u010dn\u00e9ho predplatn\u00e9ho je hraden\u00e9<br \/>opakovan\u00fdmi platbami, ktor\u00e9 sa ka\u017ed\u00fd mesiac automaticky strh\u00e1vaj\u00fa z<br \/>platobnej karty, ktor\u00e1 bola zadan\u00e1 pri prvej platbe. Predplatn\u00e9 je akt\u00edvne,<br \/>pokia\u013e ned\u00f4jde k jeho stornu v \u0161tudovni alebo zru\u0161eniu prostredn\u00edctvom na\u0161ej<br \/>z\u00e1kazn\u00edckej podpory. Klient sa v\u017edy odhlasuje od nasleduj\u00facej platby. Po<br \/>odhl\u00e1sen\u00ed dobehne predplaten\u00e9 obdobie a potom d\u00f4jde k zru\u0161eniu pr\u00edstupu do<br \/>kurzov predplatn\u00e9ho.<br \/>8. Opakovan\u00e9 platby predstavuj\u00fa automaticky strh\u00e1van\u00e9 platby za poskytovan\u00fa<br \/>slu\u017ebu vo frekvencii, ktor\u00e1 bola uveden\u00e1 v objedn\u00e1vke. Naj\u010dastej\u0161ie sa jedn\u00e1 o<br \/>mesa\u010dn\u00e9 strh\u00e1vanie kurzovn\u00e9ho. Platba za slu\u017ebu je fixn\u00e1, to znamen\u00e1, \u017ee jej<br \/>v\u00fd\u0161ka je v\u017edy rovnak\u00e1 s objedn\u00e1vkou a platbou za prv\u00e9 obdobie predplatn\u00e9ho.<br \/>Platba je strh\u00e1van\u00e1 automaticky prostredn\u00edctvom zabezpe\u010denej platobnej<br \/>br\u00e1ny v\u017edy ku d\u0148u, ke\u010f do\u0161lo k objedn\u00e1vke a uhradeniu prvej platby (napr. ak<br \/>objedn\u00e1vka a prv\u00e1 platba prebehn\u00fa 1.1.2017, \u010fal\u0161ia platba bude automaticky<br \/>strhnut\u00e1 d\u0148a 1.2.2017). O tom, \u017ee platba je zalo\u017een\u00e1, ako opakovacia, je<br \/>u\u017e\u00edvate\u013e informovan\u00fd prostredn\u00edctvom e-mailu, ktor\u00fdm sa zaregistroval ku<br \/>svojmu \u00fa\u010dtu. Dobu predplatn\u00e9ho z\u00e1kazn\u00edk v\u017edy vid\u00ed u svojho kurzu v r\u00e1mci<br \/>svojho \u00fa\u010dtu. Pre zru\u0161enie opakovanej platby n\u00e1s kontaktujte na<br \/>info@easylingo.com.<br \/>Pri vzniku opakovanej platby z\u00e1kazn\u00edk s\u00fahlas\u00ed:<br \/>\u25cf so zalo\u017een\u00edm a parametrami opakovanej platby<br \/>\u25cf s ulo\u017een\u00edm platobn\u00fdch \u00fadajov na strane platobnej br\u00e1ny &#8211; s \u00fadajmi va\u0161ej<br \/>platobnej karty nar\u00e1ba provozovate\u013e platobnej br\u00e1ny pod\u013ea medzin\u00e1rodn\u00e9ho<br \/>bezpe\u010dnostn\u00e9ho \u0161tandardu.<\/p>\n<p>VZNIK ZMLUVN\u00c9HO VZ\u0164AHU<\/p>\n<p>1. Zmluvn\u00fd vz\u0165ah medzi Online learning s.r.o., so s\u00eddlom Nerudova 198\/36,<br \/>Pra\u017esk\u00e9 P\u0159edm\u011bst\u00ed, 500 02 Hradec Kr\u00e1lov\u00e9, \u010cesk\u00e9 republika, I\u010c 27477169<\/p>\n<p>(\u010falej iba ako \u201eOL\u201c) a \u00fa\u010dastn\u00edkom kurzu (\u010falej len ako \u201e\u00fa\u010dastn\u00edk\u201c) vznik\u00e1 v<br \/>okamihu obdr\u017eania platby kurzovn\u00e9ho.<br \/>2. Po odoslan\u00ed z\u00e1v\u00e4znej objedn\u00e1vky a uhraden\u00ed platby bude \u00fa\u010dastn\u00edkovi zaslan\u00fd<br \/>potvrdzuj\u00faci e-mail so v\u0161etk\u00fdmi inform\u00e1ciami a bude mu aktivovan\u00fd kurz.<br \/>3. V\u0161etky doposia\u013e \u00fa\u010dastn\u00edkom vytvoren\u00e9 objedn\u00e1vky s\u00fa dostupn\u00e9 po prihl\u00e1sen\u00ed<br \/>na jeho \u00fa\u010det.<\/p>\n<p>CENA KURZU<\/p>\n<p>1. Cena pr\u00edslu\u0161n\u00e9ho kurzu (\u010falej len ako \u201ckurzovn\u00e9\u201d) je stanoven\u00e1 na obdobie<br \/>viacer\u00fdch mesiacov, \u010di rokov, pod\u013ea cenn\u00edku OL, ktor\u00fd je aktualizovan\u00fd pre<br \/>ka\u017ed\u00fd pr\u00edslu\u0161n\u00fd polrok a je k dispoz\u00edci\u00ed na webe www.easylingo.com.<br \/>Opakovan\u00e9 platby predstavuj\u00fa automatick\u00e9 strh\u00e1vanie platby za poskytovan\u00fa<br \/>slu\u017ebu vo frekvencii, ktor\u00e1 bola uveden\u00e1 v objedn\u00e1vke. Naj\u010dastej\u0161ie ide o<br \/>mesa\u010dn\u00e9 strh\u00e1vanie kurzovn\u00e9ho. Platba za slu\u017ebu je fixn\u00e1, teda jej v\u00fd\u0161ka je<br \/>v\u017edy rovnak\u00e1 s objedn\u00e1vkou a platbou za prv\u00e9 obdobie predplatn\u00e9ho.<\/p>\n<p>PR\u00c1VA A POVINNOSTI \u00da\u010cASTN\u00cdKA<\/p>\n<p>1. \u00da\u010dastn\u00edk t\u00fdmto d\u00e1va s\u00fahlas ku zhroma\u017e\u010fovaniu inform\u00e1ci\u00ed o svojej osobe, a to<br \/>iba pre administrat\u00edvne a \u0161t\u00fadijn\u00e9 potreby OL. \u00da\u010dastn\u00edk v\u00fdslovne d\u00e1va s\u00fahlas<br \/>k ulo\u017eeniu svojej adresy, telef\u00f3nu, emailu, popr. \u010fal\u0161\u00edch inform\u00e1ci\u00ed t\u00fdkaj\u00facich<br \/>sa pl\u00e1tcu kurzu do datab\u00e1ze OL.<br \/>2. Uhraden\u00edm kurzovn\u00e9ho vyslovuje \u00fa\u010dastn\u00edk svoj s\u00fahlas s podmienkami u\u017eitia a<br \/>so zmluvn\u00fdmi podmienkami, ktor\u00e9 s\u00fa dostupn\u00e9 na webe www.easylingo.com.<br \/>3. \u00da\u010dastn\u00edk nie je opr\u00e1vnen\u00fd prepo\u017ei\u010diava\u0165 svoj login a svoje heslo tret\u00edm<br \/>osob\u00e1m. V pr\u00edpade poru\u0161enia tohto pravidla m\u00e1 OL pln\u00fd n\u00e1rok zru\u0161i\u0165 jeho<br \/>\u0161tudijn\u00fd \u00fa\u010det bez udania d\u00f4vodov a nevraca\u0165 \u00fa\u010dastn\u00edkovi kurzovn\u00e9.<br \/>4. \u00da\u010dastn\u00edk online jazykov\u00e9ho kurzu je opr\u00e1vnen\u00fd vyu\u017e\u00edva\u0165 v\u0161etky multimedi\u00e1lne<br \/>\u0161tudijn\u00e9 materi\u00e1ly v\u00fdhradne pre svoje \u0161tudijn\u00e9 potreby a nem\u00e1 pr\u00e1vo ich<br \/>akoko\u013evek spr\u00edstup\u0148ova\u0165 tret\u00edm osob\u00e1m. V pr\u00edpade poru\u0161enia tohto pravidla<br \/>m\u00e1 OL pln\u00fd n\u00e1rok zru\u0161i\u0165 jeho \u0161tudijn\u00fd \u00fa\u010det bez udania d\u00f4vodov a nevraca\u0165<br \/>\u00fa\u010dastn\u00edkovi kurzovn\u00e9.<br \/>5. V\u0161etky texty, cvi\u010denia, multimedi\u00e1lne v\u00fdklady, v\u00fdklady gramatiky a slov\u00ed\u010dok,<br \/>MP3 audio s\u00fabory a video nahr\u00e1vky s\u00fa chr\u00e1nen\u00e9 autorsk\u00fdm z\u00e1konom.<br \/>6. OL t\u00fdmto v\u00fdslovne zakazuje ak\u00fako\u013evek \u010fal\u0161iu distrib\u00faciu \u010di spr\u00edstup\u0148ovanie<br \/>obsahu OL tret\u00edm osob\u00e1m<br \/>7. \u00da\u010dastn\u00edk berie na vedomie, \u017ee \u0161tudijn\u00fd syst\u00e9m spolo\u010dnosti OL sa vyv\u00edja na<br \/>z\u00e1klade sp\u00e4tnej v\u00e4zby u\u017e\u00edvate\u013eov a pod\u013ea novo dostupn\u00fdch modern\u00fdch<br \/>trendov v online \u0161t\u00fadiu. Z toho d\u00f4vodu m\u00f4\u017eu by\u0165 niektor\u00e9 funkcie v\u00fdu\u010dbov\u00e9ho<br \/>syst\u00e9mu aktualizovan\u00e9, ukon\u010den\u00e9 \u010di nahraden\u00e9 nov\u00fdmi.<br \/>8. V pr\u00edpade ak\u00fdchko\u013evek probl\u00e9mov je \u00fa\u010dastn\u00edkovi k dispoz\u00edcii na\u0161a z\u00e1kazn\u00edcka<br \/>podpora. Kontaktujte n\u00e1s.<\/p>\n<p>REKLAMA\u010cN\u00dd PORIADOK A ODST\u00daPENIE OD ZMLUVY<\/p>\n<p>1. OL zodpoved\u00e1 \u00fa\u010dastn\u00edkovi, \u017ee online kurzy pri prevzat\u00ed nemaj\u00fa vady a maj\u00fa<br \/>tak\u00e9 vlastnosti, ktor\u00e9 OL op\u00edsal alebo ktor\u00e9 \u00fa\u010dastn\u00edk o\u010dak\u00e1val s oh\u013eadom na<br \/>povahu veci.<br \/>2. \u00da\u010dastn\u00edk m\u00e1 pr\u00e1vo odst\u00fapi\u0165 od zmluvy v lehote do 14 dn\u00ed od d\u0148a uzavrenia<br \/>zmluvy. \u00da\u010dastn\u00edk nie je povinn\u00fd uda\u0165 d\u00f4vody odst\u00fapenia od zmluvy. Lehota<br \/>pre odst\u00fapenie sa pova\u017euje za zachovan\u00fa, pokia\u013e je ozn\u00e1menie o odst\u00fapen\u00ed v<br \/>priebehu lehoty odoslan\u00e9 na adresu info@easylingo.com<br \/>3. Pokia\u013e \u00fa\u010dastn\u00edk odst\u00fapi od zmluvy, garantuje OL vr\u00e1tenie kurzovn\u00e9ho, a to<br \/>bez zbyto\u010dn\u00e9ho odkladu.<br \/>Prajeme v\u00e1m ve\u013ea \u00faspechov pri \u0161t\u00fadiu v na\u0161ich online jazykov\u00fdch kurzoch.<\/p>\n<p>[\/et_pb_text][\/et_pb_column][\/et_pb_row][\/et_pb_section]<\/p>\n","protected":false},"excerpt":{"rendered":"<p>PODMIENKY POU\u017d\u00cdVANIA STR\u00c1NOKPlatn\u00e9 a \u00fa\u010dinn\u00e9 od 30.8.2012 Provozovate\u013e internetov\u00fdch str\u00e1nok www.easylingo.com je spolo\u010dnos\u0165 Onlinelearning s.r.o. (\u010falej len ako \u201cProvozovate\u013e\u201d), ktor\u00e1 vykon\u00e1va majetkov\u00e9 pr\u00e1va kt\u00fdmto internetov\u00fdm str\u00e1nkam. Je zak\u00e1zan\u00e9 kop\u00edrovanie ak\u00fdchko\u013evek \u010dast\u00ed obsahu,vzh\u013eadu \u010di programov\u00e9ho k\u00f3du internetov\u00fdch str\u00e1nok.Provozovate\u013e t\u00fdmto vyd\u00e1va podmienky pre u\u017e\u00edvanie internetov\u00fdch str\u00e1nokwww.easylingo.com (\u010falej len ako \u201cPodmienky\u201d). Tieto podienky sa vz\u0165ahuj\u00fa nav\u0161etky osoby, ktor\u00e9 [&hellip;]<\/p>\n","protected":false},"author":37,"featured_media":0,"parent":0,"menu_order":0,"comment_status":"closed","ping_status":"closed","template":"","meta":{"_et_pb_use_builder":"on","_et_pb_old_content":"","_et_gb_content_width":"","inline_featured_image":false},"_links":{"self":[{"href":"https:\/\/easylingo.com\/sk\/wp-json\/wp\/v2\/pages\/16179"}],"collection":[{"href":"https:\/\/easylingo.com\/sk\/wp-json\/wp\/v2\/pages"}],"about":[{"href":"https:\/\/easylingo.com\/sk\/wp-json\/wp\/v2\/types\/page"}],"author":[{"embeddable":true,"href":"https:\/\/easylingo.com\/sk\/wp-json\/wp\/v2\/users\/37"}],"replies":[{"embeddable":true,"href":"https:\/\/easylingo.com\/sk\/wp-json\/wp\/v2\/comments?post=16179"}],"version-history":[{"count":3,"href":"https:\/\/easylingo.com\/sk\/wp-json\/wp\/v2\/pages\/16179\/revisions"}],"predecessor-version":[{"id":107682,"href":"https:\/\/easylingo.com\/sk\/wp-json\/wp\/v2\/pages\/16179\/revisions\/107682"}],"wp:attachment":[{"href":"https:\/\/easylingo.com\/sk\/wp-json\/wp\/v2\/media?parent=16179"}],"curies":[{"name":"wp","href":"https:\/\/api.w.org\/{rel}","templated":true}]}}