{"id":16185,"date":"2021-01-08T21:03:42","date_gmt":"2021-01-08T20:03:42","guid":{"rendered":"https:\/\/easylingo.com\/es\/?page_id=16185"},"modified":"2023-05-16T11:48:23","modified_gmt":"2023-05-16T10:48:23","slug":"zasady-ochrany-osobnych-udajov","status":"publish","type":"page","link":"https:\/\/easylingo.com\/sk\/zasady-ochrany-osobnych-udajov\/","title":{"rendered":"Z\u00e1sady ochrany osobn\u00fdch \u00fadajov"},"content":{"rendered":"<p>[et_pb_section fb_built=&#8220;1&#8243; _builder_version=&#8220;4.16&#8243; background_image=&#8220;https:\/\/easylingo.com\/sk\/wp-content\/uploads\/sites\/7\/2020\/11\/hero-bottom.svg&#8220; background_position=&#8220;bottom_center&#8220; custom_padding=&#8220;2px|||||&#8220; global_colors_info=&#8220;{}&#8220;][et_pb_row _builder_version=&#8220;4.16&#8243; _module_preset=&#8220;default&#8220; global_colors_info=&#8220;{}&#8220;][et_pb_column type=&#8220;4_4&#8243; _builder_version=&#8220;4.16&#8243; _module_preset=&#8220;default&#8220; global_colors_info=&#8220;{}&#8220;][et_pb_text _builder_version=&#8220;4.16&#8243; custom_margin=&#8220;40px|||||&#8220; inline_fonts=&#8220;Proxima Light,Proxima Bold&#8220; global_colors_info=&#8220;{}&#8220;]<span style=\"font-size: x-large\"><strong><span style=\"font-family: 'Proxima Light'\">Z\u00c1SADY OCHRANY OSOBN\u00ddCH \u00daDAJOV<\/span><\/strong><\/span>[\/et_pb_text][et_pb_text _builder_version=&#8220;4.16&#8243; inline_fonts=&#8220;Proxima Light,Proxima Regular&#8220; global_colors_info=&#8220;{}&#8220;]<\/p>\n<p><span style=\"font-weight: 400\">Pou\u017e\u00edvan\u00edm t\u00fdchto str\u00e1nok s\u00fahlas\u00edte s podmienkami tohto Prehl\u00e1senia o ochrane osobn\u00fdch \u00fadajov.<\/span><\/p>\n<p><span style=\"font-weight: 400\">\u00da\u010dinn\u00e9 od <b>30. augusta 2012<\/b><\/span><\/p>\n<p><b>Online learning s.r.o.<\/b><span style=\"font-weight: 400\"> Online learning s.r.o. berie zdie\u013ean\u00e9 osobn\u00e9 a \u010fal\u0161ie \u00fadaje pr\u00edsne d\u00f4verne a pri ich spracovan\u00ed sa riadi <\/span><b>z\u00e1konom \u010d. 101\/2000 Sb.<\/b><span style=\"font-weight: 400\">, o ochrane osobn\u00fdch \u00fadajov.<\/span><\/p>\n<p><span style=\"font-weight: 400\">Ka\u017ed\u00fd u\u017e\u00edvate\u013e m\u00f4\u017ee po\u017eiada\u0165 o okam\u017eit\u00e9 vymazanie v\u0161etk\u00fdch svojich osobn\u00fdch \u00fadajov, ale str\u00e1ca t\u00fdm mo\u017enos\u0165 z\u00edskava\u0165 inform\u00e1cie o novink\u00e1ch, n\u00e1vodoch a \u0161peci\u00e1lnych akci\u00e1ch pre vern\u00fdch z\u00e1kazn\u00edkov. \u017diados\u0165 o vymazanie je mo\u017en\u00e9 zasla\u0165 na na\u0161u e-mailov\u00fa adresu.\u00a0<\/span><\/p>\n<p><span style=\"font-weight: 400\">Upozor\u0148ujeme, \u017ee z\u00e1konom vy\u017eadovan\u00e9 inform\u00e1cie o preveden\u00fdch n\u00e1kupoch uchov\u00e1va\u0165 mus\u00edme.<\/span><\/p>\n<p>&nbsp;<\/p>\n<p>[\/et_pb_text][et_pb_text _builder_version=&#8220;4.16&#8243; inline_fonts=&#8220;Proxima Light,Proxima Regular&#8220; global_colors_info=&#8220;{}&#8220;]<\/p>\n<h2><span style=\"font-weight: 400;\">PROCES ON-LINE OBJEDN\u00c1VKY\u00a0<\/span><\/h2>\n<p><b>Ak\u00e9 \u00fadaje uklad\u00e1me? <\/b><span style=\"font-weight: 400;\"><br \/><\/span><span style=\"font-weight: 400;\">V\u0161etky \u00fadaje, ktor\u00e9 n\u00e1m zad\u00e1te do objedn\u00e1vky. U elektronick\u00fdch licenci\u00ed predov\u0161etk\u00fdm e-mail. Pokia\u013e v\u00e1m po zaplaten\u00ed vystavujeme da\u0148ov\u00fd doklad na konkr\u00e9tne meno alebo spolo\u010dnos\u0165, uklad\u00e1me aj \u00fadaje faktura\u010dn\u00e9.\u00a0<\/span><\/p>\n<p><b>Pre\u010do ich uklad\u00e1me? <\/b><span style=\"font-weight: 400;\"><br \/><\/span><span style=\"font-weight: 400;\">\u00dadaje uchov\u00e1vame z d\u00f4vodu aktiv\u00e1cie licencie, n\u00e1sledne evidencie licencie a pre marketingov\u00e9 \u00fa\u010dely.<\/span><\/p>\n<p><b>Kde sa \u00fadaje ukladaj\u00fa?<\/b><span style=\"font-weight: 400;\"><br \/><\/span><span style=\"font-weight: 400;\">\u00dadaje uklad\u00e1me na vlastn\u00fdch zabezpe\u010den\u00fdch serveroch bez pr\u00edstupu extern\u00fdch subjektov.\u00a0<\/span><\/p>\n<p><b>Ktor\u00e9 \u00fadaje neuklad\u00e1me? <\/b><span style=\"font-weight: 400;\"><br \/><\/span><span style=\"font-weight: 400;\">Pri platbe kartou neuklad\u00e1me \u00fadaje o platobnej karte, tieto \u00fadaje sprac\u00fava tretia strana &#8211; d\u00f4veryhodn\u00e1 platobn\u00e1 br\u00e1na. Rovnako ako neuklad\u00e1me \u00fadaje z v\u00e1\u0161ho PayPal, Stripe \u00fa\u010dtu a internetov\u00e9ho bankovn\u00edctva, pokia\u013e ich k platbe vyu\u017eijete.\u00a0<\/span><\/p>\n<h2><span style=\"font-weight: 400;\">PR\u00cdSTUP K SLU\u017dB\u00c1M\u00a0<\/span><\/h2>\n<p><b>Ak\u00e9 \u00fadaje uklad\u00e1me? <\/b><span style=\"font-weight: 400;\"><br \/><\/span><span style=\"font-weight: 400;\">E-mailov\u00fa adresu u\u017e\u00edvate\u013ea a heslo pre pr\u00edstup k \u00fa\u010dtu. Pokia\u013e si u\u017e\u00edvate\u013e k \u00fa\u010dtu pripoj\u00ed fotografiu, uklad\u00e1me aj t\u00fa. V pr\u00edpade prihlasovania cez extern\u00e9 slu\u017eby (Facebook) uklad\u00e1me tie\u017e nevyhnutn\u00e9 \u00fadaje na prepojenie s t\u00fdmito slu\u017ebami. U objedn\u00e1vok, ktor\u00e9 s\u00fa hraden\u00e9 prostredn\u00edctvom PayPal alebo Stripe evidujeme \u010d\u00edsla objedn\u00e1vok\/transakcii kv\u00f4li overeniu stavu platby a pr\u00edpadn\u00fdm reklam\u00e1ci\u00e1m. Tie\u017e uklad\u00e1me \u0161tatistiky vyu\u017eitia software a on-line slu\u017eieb.\u00a0<\/span><\/p>\n<p><b>Pre\u010do ich uklad\u00e1me? <\/b><span style=\"font-weight: 400;\"><br \/><\/span><span style=\"font-weight: 400;\">\u00dadaje uchov\u00e1vame z d\u00f4vodu bezchybnej aktiv\u00e1cie licencie, n\u00e1sledne evidencie licenci\u00ed, pre marketingov\u00e9 a analytick\u00e9 \u00fa\u010dely, pre zaistenie funk\u010dnosti softwaru a on-line slu\u017eieb a ich ochranu pred zneu\u017eit\u00edm.\u00a0<\/span><\/p>\n<p><b>Kde sa \u00fadaje ukladaj\u00fa? <\/b><span style=\"font-weight: 400;\"><br \/><\/span><span style=\"font-weight: 400;\">\u00dadaje uklad\u00e1me na vlastn\u00fdch zabezpe\u010den\u00fdch serveroch.\u00a0<\/span><\/p>\n<h2><span style=\"font-weight: 400;\">PAS\u00cdVNE POSKYTOVAN\u00c9 INFORM\u00c1CIE\u00a0\u00a0<\/span><\/h2>\n<p><span style=\"font-weight: 400;\">Pri pohybe na webovej prezent\u00e1cii m\u00f4\u017eu by\u0165 ist\u00e9 inform\u00e1cie pas\u00edvne zhroma\u017e\u010fovan\u00e9 (tj. z\u00edskan\u00e9, bez toho, aby boli z Va\u0161ej strany akt\u00edvne poskytnut\u00e9) za pou\u017eitia r\u00f4znych technol\u00f3gii (ako napr\u00edklad cookies, javascriptov\u00e9 meracie syst\u00e9my, najm\u00e4 Google Analytics, a \u0161tandardn\u00e9 logovanie Va\u0161ich HTTP po\u017eiadaviek na strane serveru).<\/span><\/p>\n<p><span style=\"font-weight: 400;\">V\u00e1\u0161 internetov\u00fd prehliada\u010d (browser) automaticky pred\u00e1va t\u00fdmto str\u00e1nkam niektor\u00e9 z uveden\u00fdch anonymn\u00fdch inform\u00e1ci\u00ed, napr. URL webov\u00e9ho port\u00e1lu \u010di vyh\u013ead\u00e1va\u010da, ktor\u00fd ste pr\u00e1ve opustil\/opustila (tzv. Referrer URL), va\u0161u IP adresu, verziu browseru a opera\u010dn\u00e9ho syst\u00e9mu, ktor\u00fd v\u00e1\u0161 po\u010d\u00edta\u010d moment\u00e1lne pou\u017e\u00edva, nastavenie jazyka, pr\u00edpadne inform\u00e1cie o nain\u0161talovan\u00fdch doplnkoch\u00a0 Va\u0161eho prehliada\u010da.<\/span><\/p>\n<p><span style=\"font-weight: 400;\">Tieto str\u00e1nky pre svoj chod vy\u017eaduj\u00fa ukladanie cookies vo va\u0161om prehliada\u010di. M\u00f4\u017eete ich nastavi\u0165 tak, aby v\u00e1s informoval v okamihu, ke\u010f je cookie zaslan\u00e9, alebo cookies \u00faplne odmietnu\u0165 \u010di zak\u00e1za\u0165, v tomto pr\u00edpade ur\u010dit\u00e9 \u010dasti t\u00fdchto webov\u00fdch str\u00e1nok nemusia bez cookies spr\u00e1vne fungova\u0165.<\/span><\/p>\n<p><strong>INFORM\u00c1CIE O OCHRANE OSOBN\u00ddCH \u00daDAJOV<\/strong><\/p>\n<p><span style=\"font-weight: 400;\">Ak ste na\u0161im z\u00e1kazn\u00edkom, odberate\u013eom noviniek alebo n\u00e1v\u0161tevn\u00edkom webu, zverujete n\u00e1m svoje osobn\u00e9 \u00fadaje. My zodpoved\u00e1me za ich ochranu a zabezpe\u010denie. Zozn\u00e1mte sa, pros\u00edm, s ochranou osobn\u00fdch \u00fadajov, z\u00e1sadami a pr\u00e1vami, ktor\u00e9 m\u00e1te v s\u00favislosti s GDPR (Nariadenie o ochrane osobn\u00fdch \u00fadajov).\u00a0<\/span><\/p>\n<h3>KTO JE SPR\u00c1VCA?<\/h3>\n<p><span style=\"font-weight: 400;\">Sme spolo\u010dnos\u0165 ONLINE learning s. r. o. so s\u00eddlom v Hradci Kr\u00e1lov\u00e9, Nerudova 198\/36, Hradec Kr\u00e1lov\u00e9, 500, 02, \u010cesk\u00e1 republika, I\u010c: 27477169, DI\u010c: CZ27477169, ktor\u00e1 spravuje webov\u00e9 str\u00e1nky <\/span><a href=\"http:\/\/www.easylingo.com\"><span style=\"font-weight: 400;\">www.easylingo.com<\/span><\/a><span style=\"font-weight: 400;\">. Va\u0161e osobn\u00e9 \u00fadaje spracov\u00e1vame ako spr\u00e1vca, tj. ur\u010dujeme, ako bud\u00fa osobn\u00e9 \u00fadaje spracovan\u00e9 a za ak\u00fdm \u00fa\u010delom, ak\u00fa dlh\u00fa dobu a vyber\u00e1me pr\u00edpadn\u00fdch \u010fal\u0161\u00edch spracovate\u013eov, ktor\u00ed n\u00e1m so spracov\u00e1van\u00edm bud\u00fa pom\u00e1ha\u0165.<\/span><\/p>\n<h3>KONTAKTN\u00c9 \u00daDAJE<\/h3>\n<p><span style=\"font-weight: 400;\">Ak sa budete chcie\u0165 na n\u00e1s v priebehu spracovania obr\u00e1ti\u0165, m\u00f4\u017eete n\u00e1s kontaktova\u0165 prostredn\u00edctvom e-mailu.\u00a0<\/span><\/p>\n<h3>PREHLASUJEME<\/h3>\n<p><span style=\"font-weight: 400;\">Prehlasujeme, \u017ee ako spr\u00e1vca va\u0161ich osobn\u00fdch \u00fadajov spl\u0148ujeme v\u0161etky z\u00e1konn\u00e9 povinnosti vy\u017eadovan\u00e9 platnou legislat\u00edvou, konkr\u00e9tne z\u00e1konom o ochrane osobn\u00fdch \u00fadajov a GDPR, a teda \u017ee:<\/span><\/p>\n<ul>\n<li style=\"font-weight: 400;\"><span style=\"font-weight: 400;\">budeme spracov\u00e1va\u0165 va\u0161e osobn\u00e9 \u00fadaje iba na z\u00e1klade platn\u00e9ho pr\u00e1vneho d\u00f4vodu, a to predov\u0161etk\u00fdm opr\u00e1vnen\u00e9ho z\u00e1ujmu, plnenia zmluvy, z\u00e1konnej povinnosti \u010di udelen\u00e9ho s\u00fahlasu<\/span><\/li>\n<li style=\"font-weight: 400;\"><span style=\"font-weight: 400;\">umo\u017en\u00edme v\u00e1m a budeme v\u00e1s podporova\u0165 v uplat\u0148ovan\u00ed a plnen\u00ed va\u0161ich pr\u00e1v pod\u013ea z\u00e1kona o ochrane osobn\u00fdch \u00fadajov a GDPR.<\/span><\/li>\n<\/ul>\n<h3>ROZSAH OSOBN\u00ddCH \u00daDAJOV A \u00da\u010cELY SPRACOVANIA<\/h3>\n<p><span style=\"font-weight: 400;\">Spracov\u00e1vame osobn\u00e9 \u00fadaje, ktor\u00e9 n\u00e1m zver\u00edte sami, a to z nasleduj\u00facich d\u00f4vodov (pre naplnenie t\u00fdchto \u00fa\u010delov):<\/span><\/p>\n<ul>\n<li style=\"font-weight: 400;\"><strong>poskytovanie slu\u017eieb, plnenie zmluvy<br \/><\/strong>(napr. zaslanie pr\u00edstupu do \u0161tudovne at\u010f.). Va\u0161e osobn\u00e9 \u00fadaje v rozsahu: e-mail, potrebujeme k plneniu zmluvy<\/li>\n<li style=\"font-weight: 400;\"><strong>vedenie \u00fa\u010dtovn\u00edctva<br \/><\/strong><span style=\"font-weight: 400;\">Ak ste z\u00e1kazn\u00edkmi, va\u0161e osobn\u00e9 \u00fadaje (faktura\u010dn\u00e9 \u00fadaje) potrebujeme, aby sme vyhoveli z\u00e1konnej povinnosti pre vystavenie a evidenciu da\u0148ov\u00fdch dokladov.\u00a0<\/span><\/li>\n<li style=\"font-weight: 400;\"><strong>marketing \u2013 posielanie newsletterov<br \/><\/strong>Va\u0161e osobn\u00e9 \u00fadaje (e-mail a meno), pohlavie, na \u010do klik\u00e1te v e-maily a kedy ich naj\u010dastej\u0161ie otv\u00e1rate, vyu\u017e\u00edvame za \u00fa\u010delom priameho marketingu &#8211; zasielanie obchodn\u00fdch n\u00e1vrhov, r\u00e1d a tipov, ako sa jazyk efekt\u00edvne nau\u010di\u0165. Ak ste na\u0161im z\u00e1kazn\u00edkom, rob\u00edte tak z opr\u00e1vnen\u00e9ho z\u00e1ujmu, preto\u017ee d\u00f4vodne predpoklad\u00e1me, \u017ee v\u00e1s na\u0161e novinky zauj\u00edmaj\u00fa , a to po dobu, k\u00fdm sa sami odhl\u00e1site. Ak nie ste na\u0161im z\u00e1kazn\u00edkom, posielame v\u00e1m newslettery iba na z\u00e1klade va\u0161eho s\u00fahlasu dovtedy, k\u00fdm sa sami odhl\u00e1site. V obidvoch pr\u00edpadoch m\u00f4\u017eete tento s\u00fahlas odvola\u0165 pou\u017eit\u00edm odhlasovacieho odkazu v ka\u017edom odoslanom e-maily.<\/li>\n<li style=\"font-weight: 400;\"><strong>pokro\u010dil\u00fd marketing na z\u00e1klade s\u00fahlasu<br \/><\/strong>Iba na z\u00e1klade v\u00e1\u0161ho s\u00fahlasu v\u00e1m m\u00f4\u017eeme posiela\u0165 tie\u017e in\u0161piruj\u00face ponuky tret\u00edch os\u00f4b alebo vyu\u017ei\u0165 e-mailov\u00fa adresu napr. pre remarketing a cielenie reklamy na Facebook, a to dovtedy, k\u00fdm sa sami odhl\u00e1site. Ten m\u00f4\u017eete, samozrejme, kedyko\u013evek odvola\u0165 prostredn\u00edctvom na\u0161ich kontaktn\u00fdch \u00fadajov.<\/li>\n<li style=\"font-weight: 400;\"><strong>fotografick\u00e1 dokument\u00e1cia, referencie, \u017eiv\u00e9 akcie, workshopy\u00a0 <br \/><\/strong>Iba na z\u00e1klade v\u00e1\u0161ho s\u00fahlasu m\u00f4\u017eeme vyu\u017ei\u0165 va\u0161e fotografie, referencie, sp\u00e4tn\u00e9 v\u00e4zby apod. a to dovtedy, k\u00fdm s\u00fahlas sami odvol\u00e1te.<\/li>\n<\/ul>\n<h3>COOKIES<\/h3>\n<p><span style=\"font-weight: 400;\">Pri prech\u00e1dzan\u00ed na\u0161ich webov\u00fdch str\u00e1nok zaznamen\u00e1vame va\u0161u IP adresu, ako dlho sa na str\u00e1nke zdr\u017e\u00edte a z akej str\u00e1nky prich\u00e1dzate. Pou\u017e\u00edvanie cookies pre meranie n\u00e1v\u0161tevnosti webu a prisp\u00f4sobenie zobrazenia webov\u00fdch str\u00e1nok vn\u00edmame ako svoj opr\u00e1vnen\u00fd z\u00e1ujem spr\u00e1vcu, lebo ver\u00edme, \u017ee v\u010faka tomu v\u00e1m m\u00f4\u017eeme pon\u00faknu\u0165 e\u0161te lep\u0161ie slu\u017eby.<\/span><\/p>\n<p><span style=\"font-weight: 400;\">Cookies pre cielenie reklamy bud\u00fa spracovan\u00e9 iba na z\u00e1klade v\u00e1\u0161ho s\u00fahlasu.<\/span><\/p>\n<p><span style=\"font-weight: 400;\">Na\u0161e webov\u00e9 str\u00e1nky m\u00f4\u017eete prech\u00e1dza\u0165 tie\u017e v re\u017eime, ktor\u00fd neumo\u017e\u0148uje zbieranie osobn\u00fdch \u00fadajov. Pou\u017e\u00edvanie cookies m\u00f4\u017eete na svojom po\u010d\u00edta\u010di zak\u00e1za\u0165.\u00a0<\/span><\/p>\n<h3>ZABEZPE\u010cENIE A OCHRANA OSOBN\u00ddCH \u00daDAJOV<\/h3>\n<p><span style=\"font-weight: 400;\">Chr\u00e1nime osobn\u00e9 \u00fadaje v maxim\u00e1lnej mo\u017enej miere pomocou modern\u00fdch technol\u00f3gi\u00ed, ktor\u00e9 zodpovedaj\u00fa stup\u0148u technick\u00e9ho rozvoja. Chr\u00e1nime ich, ako keby boli na\u0161e vlastn\u00e9. Prijali sme a udr\u017eujeme v\u0161etky mo\u017en\u00e9 (aktu\u00e1lne zn\u00e1me) technick\u00e9 a organiza\u010dn\u00e9 opatrenia, ktor\u00e9 zabra\u0148uj\u00fa zneu\u017eitiu, po\u0161kodeniu alebo zni\u010deniu va\u0161ich osobn\u00fdch \u00fadajov.<\/span><\/p>\n<h3>ODOVZDANIE OSOBN\u00ddCH \u00daDAJOV TRET\u00cdM OSOB\u00c1M<\/h3>\n<p><span style=\"font-weight: 400;\">K va\u0161im osobn\u00fdch \u00fadajom maj\u00fa pr\u00edstup na\u0161i zaestnanci a spolupracovn\u00edci. Pre zaistenie konkr\u00e9tnych spracovate\u013esk\u00fdch oper\u00e1ci\u00ed, ktor\u00e9 nedok\u00e1\u017eeme zaisti\u0165 vlastn\u00fdmi silami, vyu\u017e\u00edvame slu\u017eby a aplik\u00e1cie spracovate\u013eov, ktor\u00ed vedia d\u00e1ta chr\u00e1ni\u0165 e\u0161te lep\u0161ie ako my a na dan\u00e9 spracovanie sa \u0161pecializuj\u00fa. S\u00fa to nasleduj\u00faci poskytovatelia:<\/span><\/p>\n<ul>\n<li style=\"font-weight: 400;\"><span style=\"font-weight: 400;\">Active Campaign \u2013 program pre emailov\u00fa komunik\u00e1ciu<\/span><\/li>\n<li style=\"font-weight: 400;\"><span style=\"font-weight: 400;\">Affiliate Box \u2013 program pre affiliate partnerstvo<\/span><\/li>\n<li style=\"font-weight: 400;\"><span style=\"font-weight: 400;\">Smartsupp \u2013 aplik\u00e1cia pre chat so z\u00e1kazn\u00edckou podporou<\/span><\/li>\n<li style=\"font-weight: 400;\"><span style=\"font-weight: 400;\">Facebook \u2013 FB pixel<\/span><\/li>\n<li style=\"font-weight: 400;\"><span style=\"font-weight: 400;\">Google \u2013 Google Analytics a Adwords<\/span><\/li>\n<li style=\"font-weight: 400;\"><span style=\"font-weight: 400;\">Cesorg spol. s r. o. \u2013 \u00fa\u010dtovn\u00e1 firma<\/span><\/li>\n<\/ul>\n<p><span style=\"font-weight: 400;\">Je mo\u017en\u00e9, \u017ee sa v bud\u00facnosti rozhodneme vyu\u017ei\u0165 \u010fal\u0161ie aplik\u00e1cie \u010di spracovate\u013eov, pre u\u013eah\u010denie a skvalitnenie spracovania. S\u013eubujeme v\u00e1m v\u0161ak, \u017ee v takom pr\u00edpade pri v\u00fdbere, budeme na spracovate\u013eov kl\u00e1s\u0165 minim\u00e1lne rovnak\u00e9 n\u00e1roky na zabezpe\u010denie a kvalitu spracovania ako na seba.<\/span><\/p>\n<h3>ODOVZDANIE DAT MIMO EUR\u00d3PSKU \u00daNIU<\/h3>\n<p><span style=\"font-weight: 400;\">D\u00e1ta spracov\u00e1vame v\u00fdhradne v Eur\u00f3pskej \u00fanii alebo v krajin\u00e1ch, ktor\u00e9 zais\u0165uj\u00fa zodpovedaj\u00facu \u00farove\u0148 ochrany na z\u00e1klade rozhodnutia Eur\u00f3pskej komisie.\u00a0<\/span><\/p>\n<h3>VA\u0160E PR\u00c1VA V S\u00daVISLOSTI S OCHRANOU OSOBN\u00ddCH \u00daDAJOV<\/h3>\n<p><span style=\"font-weight: 400;\">V s\u00favislosti s ochranou osobn\u00fdch \u00fadajov m\u00e1te radu pr\u00e1v. Ak budete chcie\u0165 niektor\u00e9 z t\u00fdchto pr\u00e1v vyu\u017ei\u0165, pros\u00edm, kontaktujte n\u00e1s prostredn\u00edctvom na\u0161eho e-mailu.\u00a0<\/span><\/p>\n<p><span style=\"font-weight: 400;\">M\u00e1te <strong>pr\u00e1vo na inform\u00e1cie,<\/strong> ktor\u00e9 je plnen\u00e9 u\u017e touto informa\u010dnou str\u00e1nkou so z\u00e1sadami spracovania osobn\u00fdch \u00fadajov.<\/span><\/p>\n<p><span style=\"font-weight: 400;\">V\u010faka <strong>pr\u00e1vu na pr\u00edstup<\/strong> n\u00e1s m\u00f4\u017eete kedyko\u013evek vyzva\u0165 a my v\u00e1m dolo\u017e\u00edme v lehote 14 dn\u00ed, ak\u00e9 va\u0161e osobn\u00e9 \u00fadaje spracov\u00e1vame a pre\u010do.<\/span><\/p>\n<p><span style=\"font-weight: 400;\">Ak sa u v\u00e1s nie\u010do zmen\u00ed, alebo s\u00fa va\u0161e osobn\u00e9 \u00fadaje neaktu\u00e1lne popr\u00edpade ne\u00fapln\u00e9, m\u00e1te <strong>pr\u00e1vo na doplnenie a zmenu osobn\u00fdch \u00fadajov<\/strong>.\u00a0<\/span><\/p>\n<p><span style=\"font-weight: 400;\"><strong>Pr\u00e1vo na obmedzenie spracovania<\/strong> m\u00f4\u017eete vyu\u017ei\u0165, ak si mysl\u00edte, \u017ee spracov\u00e1vame va\u0161e nepresn\u00e9 \u00fadaje, mysl\u00edte si, \u017ee vykon\u00e1vame spracovanie nez\u00e1konne, ale nechcete v\u0161etky \u00fadaje vymaza\u0165, alebo ke\u010f namietnete proti spracovaniu.<\/span><\/p>\n<p><strong>Pr\u00e1vo na prenosite\u013enos\u0165\u00a0<\/strong><\/p>\n<p><span style=\"font-weight: 400;\">Ak by ste chceli svoje osobn\u00e9 \u00fadaje vzia\u0165 a prenies\u0165 k niekomu in\u00e9mu, budeme postupova\u0165 rovnako, ako pri vyu\u017eit\u00ed pr\u00e1va na pr\u00edstup &#8211; iba s t\u00fdm rozdie\u013eom, \u017ee v\u00e1m inform\u00e1cie dod\u00e1me v strojovo \u010ditate\u013enej podobe. Tu potrebujeme aspo\u0148 30 dn\u00ed.\u00a0<\/span><\/p>\n<p><strong>Pr\u00e1vo na v\u00fdmaz (by\u0165 zabudnut\u00fd)<\/strong><\/p>\n<p><span style=\"font-weight: 400;\">Va\u0161im \u010fal\u0161\u00edm pr\u00e1vom je pr\u00e1vo na v\u00fdmaz (by\u0165 zabudnut\u00fd). Nechceme na v\u00e1s zabudn\u00fa\u0165, ale ak si to budete \u017eela\u0165, m\u00e1te na to pr\u00e1vo. V takom pr\u00edpade vyma\u017eeme v\u0161etky va\u0161e osobn\u00e9 \u00fadaje zo svojho syst\u00e9mu aj zo syst\u00e9mu v\u0161etk\u00fdch \u010diastkov\u00fdch spracovate\u013eov a z\u00e1loh. Na zaistenie pr\u00e1va na v\u00fdmaz potrebujeme 30 dn\u00ed.<\/span><\/p>\n<p><span style=\"font-weight: 400;\">V niektor\u00fdch pr\u00edpadoch sme viazan\u00ed z\u00e1konnou povinnos\u0165ou, a napr. mus\u00edme evidova\u0165 vystaven\u00e9 da\u0148ov\u00e9 doklady po dobu stanoven\u00fa z\u00e1konom. V tomto pr\u00edpade zma\u017eeme v\u0161etky tak\u00e9 osobn\u00e9 \u00fadaje, ktor\u00e9 nie s\u00fa viazan\u00e9 in\u00fdm z\u00e1konom. o dokon\u010den\u00ed v\u00fdmazu v\u00e1s budeme informova\u0165 prostredn\u00edctvom e-mailu.<\/span><\/p>\n<p><strong>Odhl\u00e1senie zo zasielania newsletterov a obchodn\u00fdch n\u00e1vrhov.<\/strong><\/p>\n<p><span style=\"font-weight: 400;\">E-maily s in\u0161pir\u00e1ciou, \u010dl\u00e1nkami \u010di produktmi a slu\u017ebami v\u00e1m posielame, ak ste n\u00e1\u0161 z\u00e1kazn\u00edk na z\u00e1klade\u00a0 n\u00e1\u0161ho opr\u00e1vnen\u00e9ho z\u00e1ujmu. Ak z\u00e1kazn\u00edkom e\u0161te nie ste, posielame v\u00e1m ich iba na z\u00e1klade v\u00e1\u0161ho s\u00fahlasu. V oboch pr\u00edpadoch m\u00f4\u017eete ukon\u010di\u0165 odber na\u0161ich e-mailov stla\u010den\u00edm odhlasovacieho odkazu v ka\u017edom zaslanom e-maily.<\/span><\/p>\n<h3>ML\u010cANLIVOS\u0164<\/h3>\n<p><span style=\"font-weight: 400;\">Dovo\u013eujeme si v\u00e1s uisti\u0165, \u017ee na\u0161i zamestnanci i spolupracovn\u00edci, ktor\u00ed bud\u00fa spracov\u00e1va\u0165 va\u0161e osobn\u00e9 \u00fadaje, s\u00fa povinn\u00ed zachov\u00e1va\u0165 ml\u010danlivos\u0165 o osobn\u00fdch \u00fadajoch a o bezpe\u010dnostn\u00fdch opatreniach, ktor\u00fdch zverejnenie by ohrozilo zabezpe\u010denie va\u0161ich osobn\u00fdch \u00fadajov.\u00a0 T\u00e1to ml\u010danlivos\u0165 pritom trv\u00e1 i po skon\u010den\u00ed z\u00e1v\u00e4zkov\u00fdch vz\u0165ahov s nami. Bez v\u00e1\u0161ho s\u00fahlasu nebud\u00fa va\u0161e osobn\u00e9 \u00fadaje vydan\u00e9 \u017eiadnej inej tretej strane.<\/span><\/p>\n<h3>SPRACOVANIE KONTAKTOV Z ADRES\u00c1RA<\/h3>\n<p><span style=\"font-weight: 400;\"> Po povolen\u00ed tejto funkcie z\u00e1kazn\u00edkom jednorazovo nahr\u00e1me e-mailov\u00e9 adresy kontaktov z adres\u00e1ra z\u00e1kazn\u00edka k n\u00e1m. Medzi nimi n\u00e1jdeme ostatn\u00ed pou\u017e\u00edvatelia aplik\u00e1cie a navrhneme ich pridanie medzi priate\u013eov.<br \/>Nahran\u00e9 kontakty neuklad\u00e1me, nezdie\u013eame s tret\u00edmi stranami a nevyu\u017e\u00edvame na \u017eiadne in\u00e9 \u00fa\u010dely. Nahran\u00e9 d\u00e1ta s\u00fa po spracovan\u00ed okam\u017eite zmazan\u00e9, vyh\u013eadanie kontaktov je jednorazov\u00e9. Z adres\u00e1ra z\u00e1kazn\u00edka s\u00fa pou\u017eit\u00e9 iba e-mailov\u00e9 adresy, \u017eiadne in\u00e9 d\u00e1ta<\/span><\/p>\n<p><span style=\"font-weight: 400;\"><strong>\u010eakujeme<\/strong> v\u00e1m za \u010das, ktor\u00fd ste str\u00e1vili pre\u010d\u00edtan\u00edm z\u00e1sad spracovania osobn\u00fdch \u00fadajov.<\/span><\/p>\n<p><span style=\"font-weight: 400;\"><\/span><\/p>\n<p>&nbsp;<\/p>\n<p>[\/et_pb_text][\/et_pb_column][\/et_pb_row][\/et_pb_section]<\/p>\n","protected":false},"excerpt":{"rendered":"<p>Z\u00c1SADY OCHRANY OSOBN\u00ddCH \u00daDAJOVPou\u017e\u00edvan\u00edm t\u00fdchto str\u00e1nok s\u00fahlas\u00edte s podmienkami tohto Prehl\u00e1senia o ochrane osobn\u00fdch \u00fadajov. \u00da\u010dinn\u00e9 od 30. augusta 2012 Online learning s.r.o. Online learning s.r.o. berie zdie\u013ean\u00e9 osobn\u00e9 a \u010fal\u0161ie \u00fadaje pr\u00edsne d\u00f4verne a pri ich spracovan\u00ed sa riadi z\u00e1konom \u010d. 101\/2000 Sb., o ochrane osobn\u00fdch \u00fadajov. Ka\u017ed\u00fd u\u017e\u00edvate\u013e m\u00f4\u017ee po\u017eiada\u0165 o okam\u017eit\u00e9 vymazanie [&hellip;]<\/p>\n","protected":false},"author":37,"featured_media":0,"parent":0,"menu_order":0,"comment_status":"closed","ping_status":"closed","template":"","meta":{"_et_pb_use_builder":"on","_et_pb_old_content":"","_et_gb_content_width":"","inline_featured_image":false},"_links":{"self":[{"href":"https:\/\/easylingo.com\/sk\/wp-json\/wp\/v2\/pages\/16185"}],"collection":[{"href":"https:\/\/easylingo.com\/sk\/wp-json\/wp\/v2\/pages"}],"about":[{"href":"https:\/\/easylingo.com\/sk\/wp-json\/wp\/v2\/types\/page"}],"author":[{"embeddable":true,"href":"https:\/\/easylingo.com\/sk\/wp-json\/wp\/v2\/users\/37"}],"replies":[{"embeddable":true,"href":"https:\/\/easylingo.com\/sk\/wp-json\/wp\/v2\/comments?post=16185"}],"version-history":[{"count":7,"href":"https:\/\/easylingo.com\/sk\/wp-json\/wp\/v2\/pages\/16185\/revisions"}],"predecessor-version":[{"id":111261,"href":"https:\/\/easylingo.com\/sk\/wp-json\/wp\/v2\/pages\/16185\/revisions\/111261"}],"wp:attachment":[{"href":"https:\/\/easylingo.com\/sk\/wp-json\/wp\/v2\/media?parent=16185"}],"curies":[{"name":"wp","href":"https:\/\/api.w.org\/{rel}","templated":true}]}}