{"id":16249,"date":"2021-02-02T08:26:50","date_gmt":"2021-02-02T07:26:50","guid":{"rendered":"https:\/\/easylingo.com\/es\/?page_id=16249"},"modified":"2024-04-11T10:55:30","modified_gmt":"2024-04-11T09:55:30","slug":"blog","status":"publish","type":"page","link":"https:\/\/easylingo.com\/sk\/blog\/","title":{"rendered":"Blog"},"content":{"rendered":"<p>[et_pb_section fb_built=&#8220;1&#8243; _builder_version=&#8220;4.16&#8243; background_image=&#8220;https:\/\/easylingo.com\/sk\/wp-content\/uploads\/sites\/7\/2020\/11\/hero-bottom.svg&#8220; background_position=&#8220;bottom_center&#8220; custom_padding=&#8220;2px||0px|||&#8220; global_colors_info=&#8220;{}&#8220;][et_pb_row column_structure=&#8220;2_5,%223_5%22&#8243; _builder_version=&#8220;4.16&#8243; max_width=&#8220;1440px&#8220; module_alignment=&#8220;center&#8220; min_height=&#8220;530px&#8220; custom_margin=&#8220;|-9px||auto||&#8220; custom_padding=&#8220;||13px|||&#8220; global_colors_info=&#8220;{}&#8220;][et_pb_column type=&#8220;2_5&#8243; _builder_version=&#8220;4.16&#8243; global_colors_info=&#8220;{}&#8220;][et_pb_text content_phone=&#8220;<\/p>\n<h1><span>O n\u00e1s<br \/><span>EasyLingo<\/span><\/span><\/h1>\n<p>&#8220; content_last_edited=&#8220;off|desktop&#8220; _builder_version=&#8220;4.16&#8243; custom_margin=&#8220;60px|||||&#8220; custom_margin_tablet=&#8220;&#8220; custom_margin_phone=&#8220;20px||||false|false&#8220; custom_margin_last_edited=&#8220;on|phone&#8220; inline_fonts=&#8220;Proxima Bold&#8220; global_colors_info=&#8220;{}&#8220;]<\/p>\n<h1><span style=\"font-size: 80px;font-family: 'Proxima Bold';font-weight: normal\">Blog<\/span><\/h1>\n<p>[\/et_pb_text][et_pb_text _builder_version=&#8220;4.16&#8243; custom_padding=&#8220;|0px|||false|false&#8220; inline_fonts=&#8220;Proxima Bold,Proxima Light&#8220; global_colors_info=&#8220;{}&#8220;]<span style=\"font-family: 'Proxima Light';font-weight: normal;font-size: x-large;color: #339ccd\">Nau\u010d\u00edme v\u00e1s anglicky z pohodlia v\u00e1\u0161ho domova. \u013dah\u0161ie, z\u00e1bavnej\u0161ie a odkia\u013eko\u013evek.<\/span>[\/et_pb_text][et_pb_button button_url=&#8220;#post-section&#8220; button_text=&#8220;\u010c\u00edta\u0165 \u010dl\u00e1nky&#8220; button_alignment=&#8220;left&#8220; _builder_version=&#8220;4.16&#8243; custom_button=&#8220;on&#8220; button_text_size=&#8220;16px&#8220; button_text_color=&#8220;#ffffff&#8220; button_bg_color=&#8220;#0095da&#8220; button_bg_use_color_gradient=&#8220;on&#8220; button_bg_color_gradient_stops=&#8220;#0095da 0%|#1390ae 100%&#8220; button_bg_color_gradient_overlays_image=&#8220;on&#8220; button_bg_color_gradient_start=&#8220;#0095da&#8220; button_bg_color_gradient_end=&#8220;#1390ae&#8220; button_border_width=&#8220;0px&#8220; button_border_color=&#8220;rgba(255,255,255,0.09)&#8220; button_border_radius=&#8220;100px&#8220; button_letter_spacing=&#8220;3px&#8220; button_font=&#8220;Proxima Bold|||on|||||&#8220; button_icon=&#8220;&#x24;||divi||400&#8243; custom_margin=&#8220;20px||||false|false&#8220; custom_padding=&#8220;15px|70px|15px|60px|false|false&#8220; animation_style=&#8220;slide&#8220; animation_duration=&#8220;300ms&#8220; animation_intensity_slide=&#8220;25%&#8220; box_shadow_style=&#8220;preset3&#8243; box_shadow_color=&#8220;rgba(0,149,218,0.43)&#8220; global_colors_info=&#8220;{}&#8220; button_text_size__hover_enabled=&#8220;off&#8220; button_one_text_size__hover_enabled=&#8220;off&#8220; button_two_text_size__hover_enabled=&#8220;off&#8220; button_text_color__hover_enabled=&#8220;off&#8220; button_one_text_color__hover_enabled=&#8220;off&#8220; button_two_text_color__hover_enabled=&#8220;off&#8220; button_border_width__hover_enabled=&#8220;off&#8220; button_one_border_width__hover_enabled=&#8220;off&#8220; button_two_border_width__hover_enabled=&#8220;off&#8220; button_border_color__hover_enabled=&#8220;off&#8220; button_one_border_color__hover_enabled=&#8220;off&#8220; button_two_border_color__hover_enabled=&#8220;off&#8220; button_border_radius__hover_enabled=&#8220;off&#8220; button_one_border_radius__hover_enabled=&#8220;off&#8220; button_two_border_radius__hover_enabled=&#8220;off&#8220; button_letter_spacing__hover_enabled=&#8220;off&#8220; button_one_letter_spacing__hover_enabled=&#8220;off&#8220; button_two_letter_spacing__hover_enabled=&#8220;off&#8220; button_bg_color__hover_enabled=&#8220;off&#8220; button_one_bg_color__hover_enabled=&#8220;off&#8220; button_two_bg_color__hover_enabled=&#8220;off&#8220;][\/et_pb_button][\/et_pb_column][et_pb_column type=&#8220;%223_5%22&#8243; _builder_version=&#8220;4.16&#8243; custom_padding=&#8220;|||&#8220; global_colors_info=&#8220;{}&#8220; custom_padding__hover=&#8220;|||&#8220;][et_pb_image src=&#8220;https:\/\/easylingo.com\/sk\/wp-content\/uploads\/sites\/7\/2020\/11\/vtramvaji.png&#8220; title_text=&#8220;vtramvaji&#8220; align=&#8220;%22center%22&#8243; align_tablet=&#8220;center&#8220; align_phone=&#8220;%22center%22&#8243; align_last_edited=&#8220;on|desktop&#8220; _builder_version=&#8220;4.16&#8243; width=&#8220;137.4%&#8220; width_tablet=&#8220;%22%22&#8243; width_phone=&#8220;%22100%%22&#8243; width_last_edited=&#8220;%22on|phone%22&#8243; custom_margin=&#8220;%220px|-147px|-150px|0px|false|false%22&#8243; custom_margin_tablet=&#8220;%22|0px||0px|false|false%22&#8243; custom_margin_phone=&#8220;%220px||-100px||false|false%22&#8243; custom_margin_last_edited=&#8220;%22on|phone%22&#8243; custom_padding=&#8220;|||180px||&#8220; animation_style=&#8220;slide&#8220; animation_direction=&#8220;left&#8220; animation_duration=&#8220;500ms&#8220; animation_intensity_slide=&#8220;10%&#8220; scroll_vertical_motion=&#8220;%220|50|50|100|0|0|-1%22&#8243; scroll_blur_enable=&#8220;%22on%22&#8243; scroll_blur=&#8220;%220|40|60|100|0px|0px|10px%22&#8243; motion_trigger_start=&#8220;%22bottom%22&#8243; global_colors_info=&#8220;{}&#8220;][\/et_pb_image][\/et_pb_column][\/et_pb_row][\/et_pb_section][et_pb_section fb_built=&#8220;1&#8243; module_id=&#8220;post-section&#8220; _builder_version=&#8220;4.16&#8243; custom_padding=&#8220;50px|||||&#8220; locked=&#8220;off&#8220; global_colors_info=&#8220;{}&#8220;][et_pb_row _builder_version=&#8220;4.16&#8243; custom_margin=&#8220;|auto|50px|auto||&#8220; global_colors_info=&#8220;{}&#8220;][et_pb_column type=&#8220;4_4&#8243; _builder_version=&#8220;4.16&#8243; global_colors_info=&#8220;{}&#8220;][et_pb_blog fullwidth=&#8220;off&#8220; meta_date=&#8220;j. m. Y&#8220; excerpt_length=&#8220;222&#8243; show_author=&#8220;off&#8220; show_date=&#8220;off&#8220; show_categories=&#8220;off&#8220; _builder_version=&#8220;4.16&#8243; header_font=&#8220;|700|||||||&#8220; header_text_color=&#8220;#333333&#8243; header_font_size=&#8220;21px&#8220; header_line_height=&#8220;1.3em&#8220; meta_font_size=&#8220;13px&#8220; read_more_font=&#8220;|600|||||||&#8220; read_more_text_color=&#8220;#339ccd&#8220; read_more_letter_spacing=&#8220;1px&#8220; read_more_line_height=&#8220;1.8em&#8220; border_radii=&#8220;on|10px|10px|10px|10px&#8220; box_shadow_style=&#8220;preset1&#8243; box_shadow_color=&#8220;rgba(0,0,0,0.1)&#8220; global_colors_info=&#8220;{}&#8220;][\/et_pb_blog][\/et_pb_column][\/et_pb_row][et_pb_row disabled_on=&#8220;on|on|on&#8220; _builder_version=&#8220;4.21.0&#8243; _module_preset=&#8220;default&#8220; min_height=&#8220;81.1px&#8220; custom_padding=&#8220;||0px|||&#8220; disabled=&#8220;on&#8220; saved_tabs=&#8220;all&#8220; global_colors_info=&#8220;{}&#8220; global_module=&#8220;112702&#8243; theme_builder_area=&#8220;post_content&#8220;][et_pb_column type=&#8220;4_4&#8243; _builder_version=&#8220;4.17.4&#8243; _module_preset=&#8220;default&#8220; global_colors_info=&#8220;{}&#8220; theme_builder_area=&#8220;post_content&#8220;][et_pb_text _builder_version=&#8220;4.21.0&#8243; _module_preset=&#8220;default&#8220; text_text_color=&#8220;#FFFFFF&#8220; background_color=&#8220;#E02B20&#8243; width=&#8220;50%&#8220; module_alignment=&#8220;center&#8220; custom_margin=&#8220;0px||||false|false&#8220; custom_padding=&#8220;5px||2px||false|false&#8220; link_option_url=&#8220;https:\/\/easylingo.com\/sk\/cennik\/&#8220; border_radii=&#8220;on|14px|14px|14px|14px&#8220; box_shadow_style=&#8220;preset3&#8243; global_colors_info=&#8220;{}&#8220; theme_builder_area=&#8220;post_content&#8220;]<\/p>\n<p style=\"text-align: center\"><strong><span>\ud83c\udf38 <\/span>Jarn\u00e1 z\u013eava 20% <span>\ud83d\udc49 <\/span>s k\u00f3dom: JARO24 <span>\ud83d\udc48<\/span><\/strong><\/p>\n<p>[\/et_pb_text][\/et_pb_column][\/et_pb_row][\/et_pb_section]<\/p>\n","protected":false},"excerpt":{"rendered":"<p>BlogNau\u010d\u00edme v\u00e1s anglicky z pohodlia v\u00e1\u0161ho domova. \u013dah\u0161ie, z\u00e1bavnej\u0161ie a odkia\u013eko\u013evek.\ud83c\udf38 Jarn\u00e1 z\u013eava 20% \ud83d\udc49 s k\u00f3dom: JARO24 \ud83d\udc48<\/p>\n","protected":false},"author":4,"featured_media":0,"parent":0,"menu_order":0,"comment_status":"open","ping_status":"closed","template":"","meta":{"_et_pb_use_builder":"on","_et_pb_old_content":"","_et_gb_content_width":"","inline_featured_image":false},"_links":{"self":[{"href":"https:\/\/easylingo.com\/sk\/wp-json\/wp\/v2\/pages\/16249"}],"collection":[{"href":"https:\/\/easylingo.com\/sk\/wp-json\/wp\/v2\/pages"}],"about":[{"href":"https:\/\/easylingo.com\/sk\/wp-json\/wp\/v2\/types\/page"}],"author":[{"embeddable":true,"href":"https:\/\/easylingo.com\/sk\/wp-json\/wp\/v2\/users\/4"}],"replies":[{"embeddable":true,"href":"https:\/\/easylingo.com\/sk\/wp-json\/wp\/v2\/comments?post=16249"}],"version-history":[{"count":4,"href":"https:\/\/easylingo.com\/sk\/wp-json\/wp\/v2\/pages\/16249\/revisions"}],"predecessor-version":[{"id":113025,"href":"https:\/\/easylingo.com\/sk\/wp-json\/wp\/v2\/pages\/16249\/revisions\/113025"}],"wp:attachment":[{"href":"https:\/\/easylingo.com\/sk\/wp-json\/wp\/v2\/media?parent=16249"}],"curies":[{"name":"wp","href":"https:\/\/api.w.org\/{rel}","templated":true}]}}