{"id":88,"date":"2020-10-26T17:51:39","date_gmt":"2020-10-26T16:51:39","guid":{"rendered":"https:\/\/easylingo.com\/es2\/?page_id=88"},"modified":"2021-08-16T15:58:05","modified_gmt":"2021-08-16T14:58:05","slug":"o-nas","status":"publish","type":"page","link":"https:\/\/easylingo.com\/sk\/o-nas\/","title":{"rendered":"O n\u00e1s"},"content":{"rendered":"<p>[et_pb_section fb_built=&#8220;1&#8243; _builder_version=&#8220;4.3.4&#8243; background_image=&#8220;https:\/\/easylingo.com\/sk\/wp-content\/uploads\/sites\/7\/2020\/11\/hero-bottom.svg&#8220; background_position=&#8220;bottom_center&#8220; custom_padding=&#8220;2px|||||&#8220;][et_pb_row column_structure=&#8220;2_5,3_5&#8243; _builder_version=&#8220;4.7.0&#8243; max_width=&#8220;1440px&#8220; module_alignment=&#8220;center&#8220; min_height=&#8220;530px&#8220; custom_margin=&#8220;|1px||auto||&#8220;][et_pb_column type=&#8220;2_5&#8243; _builder_version=&#8220;4.3.4&#8243;][et_pb_text content_tablet=&#8220;<\/p>\n<h1><span>Sobre nosotros<br \/><span>EasyLingo<\/span><\/span><\/h1>\n<p>&#8220; content_phone=&#8220;<\/p>\n<h1><span>Sobre nosotros<br \/><span>EasyLingo<\/span><\/span><\/h1>\n<p>&#8220; content_last_edited=&#8220;off|desktop&#8220; _builder_version=&#8220;4.7.6&#8243; custom_margin=&#8220;60px|||||&#8220; custom_margin_tablet=&#8220;&#8220; custom_margin_phone=&#8220;20px||||false|false&#8220; custom_margin_last_edited=&#8220;on|phone&#8220; inline_fonts=&#8220;Proxima Bold&#8220;]<\/p>\n<h1><span style=\"font-size: 80px;font-family: 'Proxima Bold';font-weight: normal\">O n\u00e1s<br \/><span style=\"color: #339ccd\">EasyLingo<\/span><\/span><\/h1>\n<p>[\/et_pb_text][et_pb_text _builder_version=&#8220;4.7.6&#8243; custom_padding=&#8220;|0px|||false|false&#8220; inline_fonts=&#8220;Proxima Bold,Proxima Light&#8220;]<\/p>\n<p><span style=\"font-family: 'Proxima Light';font-weight: normal;font-size: x-large;color: #339ccd\">Nau\u010d\u00edme v\u00e1s cudzie jazyky z pohodlia v\u00e1\u0161ho domova. Jednoducho, z\u00e1bavne a odkia\u013eko\u013evek.<\/span><\/p>\n<p>[\/et_pb_text][et_pb_button button_url=&#8220;#scrollto&#8220; button_text=&#8220;zisti\u0165 viac&#8220; button_alignment=&#8220;left&#8220; _builder_version=&#8220;4.7.6&#8243; custom_button=&#8220;on&#8220; button_text_size=&#8220;16px&#8220; button_text_color=&#8220;#ffffff&#8220; button_bg_color=&#8220;#0095da&#8220; button_bg_use_color_gradient=&#8220;on&#8220; button_bg_color_gradient_start=&#8220;#0095da&#8220; button_bg_color_gradient_end=&#8220;#1390ae&#8220; button_bg_color_gradient_overlays_image=&#8220;on&#8220; button_border_width=&#8220;0px&#8220; button_border_color=&#8220;rgba(255,255,255,0.09)&#8220; button_border_radius=&#8220;100px&#8220; button_letter_spacing=&#8220;3px&#8220; button_font=&#8220;Proxima Bold|700||on|||||&#8220; button_icon=&#8220;%%3%%&#8220; custom_margin=&#8220;20px||||false|false&#8220; custom_padding=&#8220;15px|70px|15px|60px|false|false&#8220; animation_style=&#8220;slide&#8220; animation_duration=&#8220;300ms&#8220; animation_intensity_slide=&#8220;25%&#8220; box_shadow_style=&#8220;preset3&#8243; box_shadow_color=&#8220;rgba(0,149,218,0.43)&#8220;][\/et_pb_button][\/et_pb_column][et_pb_column type=&#8220;3_5&#8243; _builder_version=&#8220;4.3.4&#8243;][et_pb_image src=&#8220;https:\/\/easylingo.com\/sk\/wp-content\/uploads\/sites\/7\/2020\/11\/onas.png&#8220; alt=&#8220;EasyLingo je t\u00edm lektorov, metodikov, v\u00fdvoj\u00e1rov a jazykov\u00fdch nad\u0161encov. &#8220; title_text=&#8220;EasyLingo je t\u00edm lektorov, metodikov, v\u00fdvoj\u00e1rov a jazykov\u00fdch nad\u0161encov. &#8220; align=&#8220;center&#8220; align_tablet=&#8220;&#8220; align_phone=&#8220;center&#8220; align_last_edited=&#8220;on|phone&#8220; _builder_version=&#8220;4.9.2&#8243; width_tablet=&#8220;&#8220; width_phone=&#8220;100%&#8220; width_last_edited=&#8220;on|phone&#8220; custom_margin=&#8220;0px|-147px|-150px|0px|false|false&#8220; custom_margin_tablet=&#8220;|0px||0px|false|false&#8220; custom_margin_phone=&#8220;0px||-100px||false|false&#8220; custom_margin_last_edited=&#8220;on|phone&#8220; scroll_vertical_motion=&#8220;0|50|50|100|0|0|-1&#8243; scroll_blur_enable=&#8220;on&#8220; scroll_blur=&#8220;0|40|60|100|0px|0px|10px&#8220; motion_trigger_start=&#8220;bottom&#8220;][\/et_pb_image][\/et_pb_column][\/et_pb_row][\/et_pb_section][et_pb_section fb_built=&#8220;1&#8243; custom_padding_last_edited=&#8220;on|phone&#8220; module_id=&#8220;scrollto&#8220; _builder_version=&#8220;4.7.5&#8243; custom_padding=&#8220;112px||150px|||&#8220; custom_padding_tablet=&#8220;&#8220; custom_padding_phone=&#8220;70px||100px||false|false&#8220;][et_pb_row column_structure=&#8220;2_5,3_5&#8243; _builder_version=&#8220;4.7.0&#8243; width=&#8220;66%&#8220; width_tablet=&#8220;&#8220; width_phone=&#8220;80%&#8220; width_last_edited=&#8220;on|phone&#8220; module_alignment=&#8220;center&#8220; custom_padding=&#8220;28px|||||&#8220;][et_pb_column type=&#8220;2_5&#8243; _builder_version=&#8220;4.3.4&#8243;][et_pb_blurb title=&#8220;10 online kurzov angli\u010dtiny&#8220; image=&#8220;https:\/\/easylingo.com\/sk\/wp-content\/uploads\/sites\/7\/2020\/12\/EL_lang-box-predplatne-1.png&#8220; alt=&#8220;Bal\u00ed\u010dek online kurzov angli\u010dtiny.&#8220; _builder_version=&#8220;4.9.7&#8243; custom_margin=&#8220;||1px|||&#8220; hover_enabled=&#8220;0&#8243; inline_fonts=&#8220;Proxima Regular&#8220; sticky_enabled=&#8220;0&#8243;]<\/p>\n<p><span>Vyberte si z 10 online kurzov \u0161iestich \u00farovn\u00ed a zdokonalte sa vo svojich jazykov\u00fdch schopnostiach u\u017e dnes.<\/a>.<\/span><\/p>\n<p>[\/et_pb_blurb][et_pb_button button_url=&#8220;https:\/\/student.easylingo.com\/login?lang=sk&amp;regForm=true&#8220; button_text=&#8220;za\u010da\u0165 zadarmo&#8220; button_alignment=&#8220;center&#8220; _builder_version=&#8220;4.7.6&#8243; custom_button=&#8220;on&#8220; button_text_size=&#8220;16px&#8220; button_text_color=&#8220;#ffffff&#8220; button_bg_color=&#8220;#0095da&#8220; button_bg_use_color_gradient=&#8220;on&#8220; button_bg_color_gradient_start=&#8220;#0095da&#8220; button_bg_color_gradient_end=&#8220;#1390ae&#8220; button_bg_color_gradient_overlays_image=&#8220;on&#8220; button_border_width=&#8220;0px&#8220; button_border_color=&#8220;rgba(255,255,255,0.09)&#8220; button_border_radius=&#8220;100px&#8220; button_letter_spacing=&#8220;3px&#8220; button_font=&#8220;Proxima Bold|||on|||||&#8220; button_icon=&#8220;%%3%%&#8220; custom_margin=&#8220;20px||||false|false&#8220; custom_padding=&#8220;15px|70px|15px|60px|false|false&#8220; animation_style=&#8220;slide&#8220; animation_duration=&#8220;300ms&#8220; animation_intensity_slide=&#8220;25%&#8220; box_shadow_style=&#8220;preset3&#8243; box_shadow_color=&#8220;rgba(0,149,218,0.43)&#8220;][\/et_pb_button][\/et_pb_column][et_pb_column type=&#8220;3_5&#8243; _builder_version=&#8220;4.3.4&#8243;][et_pb_text _builder_version=&#8220;4.7.6&#8243; custom_margin=&#8220;40px|||||&#8220; inline_fonts=&#8220;Proxima Light,Proxima Bold&#8220;]<\/p>\n<p><span style=\"font-size: x-large;font-family: 'Proxima Light';font-weight: normal\"><span style=\"font-weight: 400\">\u010ci u\u017e ste za\u010diato\u010dn\u00edk alebo ostrie\u013ean\u00fd profesion\u00e1l, na\u0161e kurzy v\u00e1m pom\u00f4\u017eu posun\u00fa\u0165 sa o k\u00fasok \u010falej.<\/span><\/span><\/p>\n<p>[\/et_pb_text][et_pb_text _builder_version=&#8220;4.9.2&#8243; inline_fonts=&#8220;Proxima Light,Proxima Regular&#8220;]<\/p>\n<p><b>\u0160t\u00fadiu jazyka sa venujeme cez 20 rokov. <\/b><span style=\"font-weight: 400\">Sme t\u00fdm profesion\u00e1lnych lektorov, metodikov, program\u00e1torov, grafikov, ilustr\u00e1torov a jazykov\u00fdch nad\u0161encov, ktor\u00ed si dali za cie\u013e nau\u010di\u0165 na\u0161ich \u0161tudentov cudzie jazyky jednoduch\u0161ie, z\u00e1bavnej\u0161ie a odkia\u013eko\u013evek. <\/span><\/p>\n<p><span style=\"font-weight: 400\">Preto sme v roku 2013 zaviedli \u010disto online \u0161t\u00fadium a vytvorili e-learningov\u00fd \u0161tudijn\u00fd syst\u00e9m Onlinejazyky.cz. Aby sme jazykov\u00e9 \u0161t\u00fadium e\u0161te zefekt\u00edvnili a roz\u0161\u00edrili medzi \u010do najviac jazykov\u00fdch nad\u0161encov, zalo\u017eili sme EasyLingo, s ktor\u00fdm si plnia svoje jazykov\u00e9 sny desiatky tis\u00edce \u0161tudentov po celom svete.<\/span><\/p>\n<p><b>Od roku 2015 zdie\u013eame na\u0161e jazykov\u00e9 sk\u00fasenosti<\/b> na <a href=\"http:\/\/sogoodlanguages.com\/\"><span style=\"font-weight: 400\">SoGoodLanguages.com<\/span><\/a><span style=\"font-weight: 400\">, bezplatnom medzin\u00e1rodnom magaz\u00edne pre \u0161tudentov cudz\u00edch jazykov, ktor\u00fd pln\u00edme super preh\u013eadn\u00fdmi v\u00fdkladmi gramatiky, najlep\u0161\u00edmi tipmi k \u0161t\u00fadiu jazyka, dvojjazy\u010dn\u00fdmi \u010dl\u00e1nkami a slov\u00ed\u010dkami a fr\u00e1zami na odborn\u00e9 t\u00e9my.<\/span><\/p>\n<p>[\/et_pb_text][\/et_pb_column][\/et_pb_row][\/et_pb_section]<\/p>\n","protected":false},"excerpt":{"rendered":"<p>O n\u00e1sEasyLingoNau\u010d\u00edme v\u00e1s cudzie jazyky z pohodlia v\u00e1\u0161ho domova. Jednoducho, z\u00e1bavne a odkia\u013eko\u013evek.Vyberte si z 10 online kurzov \u0161iestich \u00farovn\u00ed a zdokonalte sa vo svojich jazykov\u00fdch schopnostiach u\u017e dnes..\u010ci u\u017e ste za\u010diato\u010dn\u00edk alebo ostrie\u013ean\u00fd profesion\u00e1l, na\u0161e kurzy v\u00e1m pom\u00f4\u017eu posun\u00fa\u0165 sa o k\u00fasok \u010falej.\u0160t\u00fadiu jazyka sa venujeme cez 20 rokov. Sme t\u00fdm profesion\u00e1lnych lektorov, metodikov, [&hellip;]<\/p>\n","protected":false},"author":37,"featured_media":0,"parent":0,"menu_order":0,"comment_status":"closed","ping_status":"closed","template":"","meta":{"_et_pb_use_builder":"on","_et_pb_old_content":"","_et_gb_content_width":"","inline_featured_image":false},"_links":{"self":[{"href":"https:\/\/easylingo.com\/sk\/wp-json\/wp\/v2\/pages\/88"}],"collection":[{"href":"https:\/\/easylingo.com\/sk\/wp-json\/wp\/v2\/pages"}],"about":[{"href":"https:\/\/easylingo.com\/sk\/wp-json\/wp\/v2\/types\/page"}],"author":[{"embeddable":true,"href":"https:\/\/easylingo.com\/sk\/wp-json\/wp\/v2\/users\/37"}],"replies":[{"embeddable":true,"href":"https:\/\/easylingo.com\/sk\/wp-json\/wp\/v2\/comments?post=88"}],"version-history":[{"count":8,"href":"https:\/\/easylingo.com\/sk\/wp-json\/wp\/v2\/pages\/88\/revisions"}],"predecessor-version":[{"id":108148,"href":"https:\/\/easylingo.com\/sk\/wp-json\/wp\/v2\/pages\/88\/revisions\/108148"}],"wp:attachment":[{"href":"https:\/\/easylingo.com\/sk\/wp-json\/wp\/v2\/media?parent=88"}],"curies":[{"name":"wp","href":"https:\/\/api.w.org\/{rel}","templated":true}]}}