{"id":94,"date":"2020-10-26T17:53:23","date_gmt":"2020-10-26T16:53:23","guid":{"rendered":"https:\/\/easylingo.com\/es2\/?page_id=94"},"modified":"2025-10-25T09:11:47","modified_gmt":"2025-10-25T08:11:47","slug":"kontakt","status":"publish","type":"page","link":"https:\/\/easylingo.com\/sk\/kontakt\/","title":{"rendered":"Kontakt"},"content":{"rendered":"<p>[et_pb_section fb_built=&#8220;1&#8243; _builder_version=&#8220;4.16&#8243; background_image=&#8220;https:\/\/easylingo.com\/sk\/wp-content\/uploads\/sites\/7\/2020\/11\/hero-bottom.svg&#8220; background_position=&#8220;bottom_center&#8220; global_colors_info=&#8220;{}&#8220;][et_pb_row column_structure=&#8220;1_2,1_2&#8243; _builder_version=&#8220;4.16&#8243; width=&#8220;85%&#8220; max_width=&#8220;1440px&#8220; module_alignment=&#8220;center&#8220; min_height=&#8220;530px&#8220; custom_margin=&#8220;|1px||auto||&#8220; custom_padding=&#8220;||0px|||&#8220; global_colors_info=&#8220;{}&#8220;][et_pb_column type=&#8220;1_2&#8243; _builder_version=&#8220;4.16&#8243; global_colors_info=&#8220;{}&#8220;][et_pb_text content_phone=&#8220;<\/p>\n<h1><span>Informaci\u00f3n de contacto<\/span><\/h1>\n<p>&#8220; content_last_edited=&#8220;off|desktop&#8220; _builder_version=&#8220;4.21.0&#8243; header_font=&#8220;|700|||||||&#8220; header_font_size=&#8220;74px&#8220; header_line_height=&#8220;1.2em&#8220; custom_margin=&#8220;-1px||1px|||&#8220; header_font_size_tablet=&#8220;74px&#8220; header_font_size_phone=&#8220;50px&#8220; header_font_size_last_edited=&#8220;on|phone&#8220; inline_fonts=&#8220;Proxima Bold&#8220; global_colors_info=&#8220;{}&#8220;]<\/p>\n<h1>Kontakt<\/h1>\n<p>[\/et_pb_text][et_pb_text _builder_version=&#8220;4.21.0&#8243; custom_margin=&#8220;||1px|||&#8220; inline_fonts=&#8220;Proxima Light,Proxima Bold&#8220; global_colors_info=&#8220;{}&#8220;]<\/p>\n<p><span style=\"font-family: 'Proxima Bold'; font-size: x-large;\">Nap\u00ed\u0161te n\u00e1m na e-mail, ozveme sa v\u00e1m \u010do najsk\u00f4r.<\/span><\/p>\n<p>[\/et_pb_text][et_pb_text _builder_version=&#8220;4.21.0&#8243; custom_padding=&#8220;|0px||0px|false|false&#8220; hover_enabled=&#8220;0&#8243; inline_fonts=&#8220;Proxima Bold,Proxima Light&#8220; global_colors_info=&#8220;{}&#8220; sticky_enabled=&#8220;0&#8243; width=&#8220;84.1%&#8220; custom_margin=&#8220;|||0px||&#8220;]<\/p>\n<p style=\"text-align: center;\"><span style=\"font-family: 'Proxima Light'; font-weight: normal; font-size: x-large; color: #339ccd;\">info@easylingo.com<\/span><\/p>\n<p>[\/et_pb_text][et_pb_image src=&#8220;https:\/\/easylingo.com\/sk\/wp-content\/uploads\/sites\/7\/2025\/10\/Snimek-obrazovky-2025-10-25-100741.png&#8220; title_text=&#8220;Sn\u00edmek obrazovky 2025-10-25 100741&#8243; _builder_version=&#8220;4.21.0&#8243; _module_preset=&#8220;default&#8220; width=&#8220;67%&#8220; module_alignment=&#8220;center&#8220; custom_padding=&#8220;0px|||||&#8220; global_colors_info=&#8220;{}&#8220;][\/et_pb_image][\/et_pb_column][et_pb_column type=&#8220;1_2&#8243; _builder_version=&#8220;4.16&#8243; global_colors_info=&#8220;{}&#8220;][et_pb_image src=&#8220;https:\/\/easylingo.com\/sk\/wp-content\/uploads\/sites\/7\/2020\/11\/fr.png&#8220; alt=&#8220;Nech ste kdeko\u013evek, sme tu pre v\u00e1s. &#8220; title_text=&#8220;Nech ste kdeko\u013evek, sme tu pre v\u00e1s. &#8220; _builder_version=&#8220;4.16&#8243; _module_preset=&#8220;default&#8220; custom_margin=&#8220;|-126px|-119px|||&#8220; global_colors_info=&#8220;{}&#8220;][\/et_pb_image][\/et_pb_column][\/et_pb_row][\/et_pb_section][et_pb_section fb_built=&#8220;1&#8243; custom_padding_last_edited=&#8220;on|phone&#8220; _builder_version=&#8220;4.16&#8243; custom_padding=&#8220;50px||0px|||&#8220; custom_padding_tablet=&#8220;&#8220; custom_padding_phone=&#8220;50px||50px||false|false&#8220; global_colors_info=&#8220;{}&#8220;][et_pb_row _builder_version=&#8220;4.21.0&#8243; _module_preset=&#8220;default&#8220; global_colors_info=&#8220;{}&#8220;][et_pb_column type=&#8220;4_4&#8243; _builder_version=&#8220;4.21.0&#8243; _module_preset=&#8220;default&#8220; global_colors_info=&#8220;{}&#8220;][et_pb_text _builder_version=&#8220;4.21.0&#8243; text_letter_spacing=&#8220;1px&#8220; custom_margin=&#8220;||20px|||&#8220; custom_padding=&#8220;|0px|||false|false&#8220; inline_fonts=&#8220;Proxima Bold,Proxima Light&#8220; global_colors_info=&#8220;{}&#8220;]<\/p>\n<p style=\"text-align: center;\"><span style=\"font-family: 'Proxima Light'; font-weight: normal; font-size: x-large; color: #339ccd;\">ONLINE learning s.r.o.<\/span><\/p>\n<p>[\/et_pb_text][et_pb_text _builder_version=&#8220;4.21.0&#8243; text_font_size=&#8220;6px&#8220; text_letter_spacing=&#8220;26px&#8220; custom_padding=&#8220;|0px|0px|1px|false|false&#8220; inline_fonts=&#8220;Proxima Bold,Proxima Light&#8220; global_colors_info=&#8220;{}&#8220;]<\/p>\n<p style=\"text-align: center;\"><a href=\"https:\/\/www.facebook.com\/easylingoes\" target=\"_blank\" rel=\"noopener noreferrer\"><img decoding=\"async\" loading=\"lazy\" src=\"https:\/\/easylingo.com\/sk\/wp-content\/uploads\/sites\/7\/2020\/12\/Facebook.png\" alt=\"\" class=\"wp-image-16115 alignnone size-full\" width=\"40\" height=\"40\" \/><\/a> <a href=\"https:\/\/www.instagram.com\/easylingoes\/\" target=\"_blank\" rel=\"noopener noreferrer\"><img decoding=\"async\" loading=\"lazy\" src=\"https:\/\/easylingo.com\/sk\/wp-content\/uploads\/sites\/7\/2020\/12\/Instagram.png\" alt=\"\" class=\"wp-image-16114 alignnone size-medium\" width=\"40\" height=\"40\" \/><\/a> <a href=\"https:\/\/twitter.com\/easylingo_es\" target=\"_blank\" rel=\"noopener noreferrer\"><img decoding=\"async\" loading=\"lazy\" src=\"https:\/\/easylingo.com\/sk\/wp-content\/uploads\/sites\/7\/2020\/12\/Twitter-Copy.png\" alt=\"\" class=\"wp-image-16113 alignnone size-full\" width=\"40\" height=\"40\" \/><\/a><\/p>\n<p>[\/et_pb_text][\/et_pb_column][\/et_pb_row][\/et_pb_section]<\/p>\n","protected":false},"excerpt":{"rendered":"<p>KontaktNap\u00ed\u0161te n\u00e1m na e-mail, ozveme sa v\u00e1m \u010do najsk\u00f4r.info@easylingo.comONLINE learning s.r.o.<\/p>\n","protected":false},"author":37,"featured_media":0,"parent":0,"menu_order":0,"comment_status":"closed","ping_status":"closed","template":"","meta":{"_et_pb_use_builder":"on","_et_pb_old_content":"","_et_gb_content_width":"","inline_featured_image":false},"_links":{"self":[{"href":"https:\/\/easylingo.com\/sk\/wp-json\/wp\/v2\/pages\/94"}],"collection":[{"href":"https:\/\/easylingo.com\/sk\/wp-json\/wp\/v2\/pages"}],"about":[{"href":"https:\/\/easylingo.com\/sk\/wp-json\/wp\/v2\/types\/page"}],"author":[{"embeddable":true,"href":"https:\/\/easylingo.com\/sk\/wp-json\/wp\/v2\/users\/37"}],"replies":[{"embeddable":true,"href":"https:\/\/easylingo.com\/sk\/wp-json\/wp\/v2\/comments?post=94"}],"version-history":[{"count":13,"href":"https:\/\/easylingo.com\/sk\/wp-json\/wp\/v2\/pages\/94\/revisions"}],"predecessor-version":[{"id":115047,"href":"https:\/\/easylingo.com\/sk\/wp-json\/wp\/v2\/pages\/94\/revisions\/115047"}],"wp:attachment":[{"href":"https:\/\/easylingo.com\/sk\/wp-json\/wp\/v2\/media?parent=94"}],"curies":[{"name":"wp","href":"https:\/\/api.w.org\/{rel}","templated":true}]}}