{"id":107359,"date":"2021-02-25T17:50:22","date_gmt":"2021-02-25T16:50:22","guid":{"rendered":"https:\/\/easylingo.com\/sk\/product\/import-placeholder-for-537\/"},"modified":"2025-04-30T08:20:42","modified_gmt":"2025-04-30T07:20:42","slug":"ingles-todo-incluido-suscripcion-mensual","status":"publish","type":"product","link":"https:\/\/easylingo.com\/sk\/eshop\/ingles-todo-incluido-suscripcion-mensual\/","title":{"rendered":"BAL\u00cd\u010cEK ONLINE KURZOV ANGLI\u010cTINY  &#8211; mesa\u010dn\u00e9 predplatn\u00e9"},"content":{"rendered":"<p>Ak si vyberiete n\u00e1\u0161 mesa\u010dn\u00fd program predplatn\u00e9ho, \u200b\u200bokam\u017eite z\u00edskate 30-d\u0148ov\u00fd pr\u00edstup k na\u0161im 10 online kurzom angli\u010dtiny v 6 jazykov\u00fdch \u00farovniach A1 &#8211; C2.<\/p>\n<p>Z karty bude mesa\u010dne automaticky odpo\u010d\u00edtan\u00e1 celkov\u00e1 suma <strong>15,90 \u20ac<\/strong>. Mesa\u010dn\u00e9 predplatn\u00e9 je mo\u017en\u00e9 kedyko\u013evek zru\u0161i\u0165.<\/p>\n<p>Ak m\u00e1te pocit, \u017ee v\u00e1m tento kurz nevyhovuje, dajte n\u00e1m vedie\u0165 na info@easylingo.com do 14 dn\u00ed od zak\u00fapenia a my v\u00e1m vr\u00e1time cel\u00fa sumu.<\/p>\n","protected":false},"excerpt":{"rendered":"<p>Ak si vyberiete n\u00e1\u0161 mesa\u010dn\u00fd program predplatn\u00e9ho, \u200b\u200bokam\u017eite z\u00edskate 30-d\u0148ov\u00fd pr\u00edstup k na\u0161im 10 online kurzom angli\u010dtiny v 6 jazykov\u00fdch \u00farovniach A1 &#8211; C2. Z karty bude mesa\u010dne automaticky odpo\u010d\u00edtan\u00e1 celkov\u00e1 suma 15,90 \u20ac. Mesa\u010dn\u00e9 predplatn\u00e9 je mo\u017en\u00e9 kedyko\u013evek zru\u0161i\u0165. Ak m\u00e1te pocit, \u017ee v\u00e1m tento kurz nevyhovuje, dajte n\u00e1m vedie\u0165 na info@easylingo.com do 14 [&hellip;]<\/p>\n","protected":false},"featured_media":107469,"comment_status":"closed","ping_status":"closed","template":"","meta":{"_et_pb_use_builder":"","_et_pb_old_content":"","_et_gb_content_width":"","inline_featured_image":false},"product_cat":[72],"product_tag":[],"_links":{"self":[{"href":"https:\/\/easylingo.com\/sk\/wp-json\/wp\/v2\/product\/107359"}],"collection":[{"href":"https:\/\/easylingo.com\/sk\/wp-json\/wp\/v2\/product"}],"about":[{"href":"https:\/\/easylingo.com\/sk\/wp-json\/wp\/v2\/types\/product"}],"replies":[{"embeddable":true,"href":"https:\/\/easylingo.com\/sk\/wp-json\/wp\/v2\/comments?post=107359"}],"wp:featuredmedia":[{"embeddable":true,"href":"https:\/\/easylingo.com\/sk\/wp-json\/wp\/v2\/media\/107469"}],"wp:attachment":[{"href":"https:\/\/easylingo.com\/sk\/wp-json\/wp\/v2\/media?parent=107359"}],"wp:term":[{"taxonomy":"product_cat","embeddable":true,"href":"https:\/\/easylingo.com\/sk\/wp-json\/wp\/v2\/product_cat?post=107359"},{"taxonomy":"product_tag","embeddable":true,"href":"https:\/\/easylingo.com\/sk\/wp-json\/wp\/v2\/product_tag?post=107359"}],"curies":[{"name":"wp","href":"https:\/\/api.w.org\/{rel}","templated":true}]}}