{"id":107360,"date":"2021-02-25T17:50:22","date_gmt":"2021-02-25T16:50:22","guid":{"rendered":"https:\/\/easylingo.com\/sk\/product\/import-placeholder-for-558\/"},"modified":"2025-05-26T07:47:35","modified_gmt":"2025-05-26T06:47:35","slug":"ingles-todo-incluido-suscripcion-anual","status":"publish","type":"product","link":"https:\/\/easylingo.com\/sk\/eshop\/ingles-todo-incluido-suscripcion-anual\/","title":{"rendered":"BAL\u00cd\u010cEK ONLINE KURZOV ANGLI\u010cTINY  &#8211; ro\u010dn\u00e9 predplatn\u00e9"},"content":{"rendered":"<p>Zvolen\u00edm n\u00e1\u0161ho ro\u010dn\u00e9ho predplatn\u00e9ho z\u00edskate na 12 mesiacov okam\u017eit\u00fd pr\u00edstup k na\u0161im 10 online kurzom angli\u010dtiny v 6 jazykov\u00fdch \u00farovniach A1 &#8211; C2.<\/p>\n<p>Celkov\u00e1 suma <strong>112 EUR<\/strong> bude z karty odpo\u010d\u00edtan\u00e1 jednou platbou.<\/p>\n<p>Ak m\u00e1te pocit, \u017ee v\u00e1m tento kurz nevyhovuje, dajte n\u00e1m vedie\u0165 na info@easylingo.com do 14 dn\u00ed od zak\u00fapenia a my v\u00e1m vr\u00e1time cel\u00fa sumu.<\/p>\n","protected":false},"excerpt":{"rendered":"<p>Zvolen\u00edm n\u00e1\u0161ho ro\u010dn\u00e9ho predplatn\u00e9ho z\u00edskate na 12 mesiacov okam\u017eit\u00fd pr\u00edstup k na\u0161im 10 online kurzom angli\u010dtiny v 6 jazykov\u00fdch \u00farovniach A1 &#8211; C2. Celkov\u00e1 suma 112 EUR bude z karty odpo\u010d\u00edtan\u00e1 jednou platbou. Ak m\u00e1te pocit, \u017ee v\u00e1m tento kurz nevyhovuje, dajte n\u00e1m vedie\u0165 na info@easylingo.com do 14 dn\u00ed od zak\u00fapenia a my v\u00e1m vr\u00e1time [&hellip;]<\/p>\n","protected":false},"featured_media":107362,"comment_status":"closed","ping_status":"closed","template":"","meta":{"_et_pb_use_builder":"","_et_pb_old_content":"","_et_gb_content_width":"","inline_featured_image":false},"product_cat":[72],"product_tag":[],"_links":{"self":[{"href":"https:\/\/easylingo.com\/sk\/wp-json\/wp\/v2\/product\/107360"}],"collection":[{"href":"https:\/\/easylingo.com\/sk\/wp-json\/wp\/v2\/product"}],"about":[{"href":"https:\/\/easylingo.com\/sk\/wp-json\/wp\/v2\/types\/product"}],"replies":[{"embeddable":true,"href":"https:\/\/easylingo.com\/sk\/wp-json\/wp\/v2\/comments?post=107360"}],"wp:featuredmedia":[{"embeddable":true,"href":"https:\/\/easylingo.com\/sk\/wp-json\/wp\/v2\/media\/107362"}],"wp:attachment":[{"href":"https:\/\/easylingo.com\/sk\/wp-json\/wp\/v2\/media?parent=107360"}],"wp:term":[{"taxonomy":"product_cat","embeddable":true,"href":"https:\/\/easylingo.com\/sk\/wp-json\/wp\/v2\/product_cat?post=107360"},{"taxonomy":"product_tag","embeddable":true,"href":"https:\/\/easylingo.com\/sk\/wp-json\/wp\/v2\/product_tag?post=107360"}],"curies":[{"name":"wp","href":"https:\/\/api.w.org\/{rel}","templated":true}]}}