{"id":109395,"date":"2022-08-03T12:35:09","date_gmt":"2022-08-03T11:35:09","guid":{"rendered":"https:\/\/easylingo.com\/sk\/?post_type=product&#038;p=109395"},"modified":"2025-04-30T08:07:28","modified_gmt":"2025-04-30T07:07:28","slug":"anglictina-pre-zaciatocnikov-a1","status":"publish","type":"product","link":"https:\/\/easylingo.com\/sk\/eshop\/anglictina-pre-zaciatocnikov-a1\/","title":{"rendered":"Angli\u010dtina pre za\u010diato\u010dn\u00edkov A1-"},"content":{"rendered":"<p>Za\u010dnite od z\u00e1kladov, pokra\u010dujte a u\u017e nepresta\u0148te. <strong>Povedieme v\u00e1s angli\u010dtinou<\/strong> nen\u00fatene a efekt\u00edvne. U\u017e \u010doskoro porozumiete be\u017en\u00fdm v\u00fdrazom a fr\u00e1zam. Kurz obsahuje 6+1 tematick\u00fdch kapitol \u0161t\u00fadia, v ktor\u00fdch sa okrem z\u00e1kladn\u00fdch komunika\u010dn\u00fdch obratov nau\u010d\u00edte napr\u00edklad <strong>predstavi\u0165 sa, k\u00fapi\u0165 si l\u00edstky na vlak \u010di hovori\u0165 o vo\u013eno\u010dasov\u00fdch aktivit\u00e1ch<\/strong>. Ak sa odhadnete nespr\u00e1vne a n\u00e1pl\u0148 kurzu v\u00e1m nebude vyhovova\u0165, m\u00f4\u017eete si do 14 dn\u00ed vybra\u0165 in\u00fd kurz alebo po\u017eiada\u0165 o vr\u00e1tenie pe\u0148az\u00ed. <strong>Ni\u010d neriskujete<\/strong>, nev\u00e1hajte a sk\u00faste to.<\/p>\n","protected":false},"excerpt":{"rendered":"<p>Za\u010dnite od z\u00e1kladov, pokra\u010dujte a u\u017e nepresta\u0148te. Povedieme v\u00e1s angli\u010dtinou nen\u00fatene a efekt\u00edvne. U\u017e \u010doskoro porozumiete be\u017en\u00fdm v\u00fdrazom a fr\u00e1zam. Kurz obsahuje 6+1 tematick\u00fdch kapitol \u0161t\u00fadia, v ktor\u00fdch sa okrem z\u00e1kladn\u00fdch komunika\u010dn\u00fdch obratov nau\u010d\u00edte napr\u00edklad predstavi\u0165 sa, k\u00fapi\u0165 si l\u00edstky na vlak \u010di hovori\u0165 o vo\u013eno\u010dasov\u00fdch aktivit\u00e1ch. Ak sa odhadnete nespr\u00e1vne a n\u00e1pl\u0148 kurzu v\u00e1m [&hellip;]<\/p>\n","protected":false},"featured_media":109485,"comment_status":"closed","ping_status":"closed","template":"","meta":{"_et_pb_use_builder":"on","_et_pb_old_content":"Za\u010dnite od z\u00e1kladov, pokra\u010dujte a u\u017e nepresta\u0148te. <strong>Povedieme v\u00e1s angli\u010dtinou<\/strong> nen\u00fatene a efekt\u00edvne. U\u017e \u010doskoro porozumiete be\u017en\u00fdm v\u00fdrazom a fr\u00e1zam. Kurz obsahuje 6+1 tematick\u00fdch kapitol \u0161t\u00fadia, v ktor\u00fdch sa okrem z\u00e1kladn\u00fdch komunika\u010dn\u00fdch obratov nau\u010d\u00edte napr\u00edklad <strong>predstavi\u0165 sa, k\u00fapi\u0165 si l\u00edstky na vlak \u010di hovori\u0165 o vo\u013eno\u010dasov\u00fdch aktivit\u00e1ch<\/strong>. Ak sa odhadnete nespr\u00e1vne a n\u00e1pl\u0148 kurzu v\u00e1m nebude vyhovova\u0165, m\u00f4\u017eete si do 14 dn\u00ed vybra\u0165 in\u00fd kurz alebo po\u017eiada\u0165 o vr\u00e1tenie pe\u0148az\u00ed. <strong>Ni\u010d neriskujete<\/strong>, nev\u00e1hajte a sk\u00faste to.","_et_gb_content_width":"","inline_featured_image":false},"product_cat":[75],"product_tag":[],"_links":{"self":[{"href":"https:\/\/easylingo.com\/sk\/wp-json\/wp\/v2\/product\/109395"}],"collection":[{"href":"https:\/\/easylingo.com\/sk\/wp-json\/wp\/v2\/product"}],"about":[{"href":"https:\/\/easylingo.com\/sk\/wp-json\/wp\/v2\/types\/product"}],"replies":[{"embeddable":true,"href":"https:\/\/easylingo.com\/sk\/wp-json\/wp\/v2\/comments?post=109395"}],"wp:featuredmedia":[{"embeddable":true,"href":"https:\/\/easylingo.com\/sk\/wp-json\/wp\/v2\/media\/109485"}],"wp:attachment":[{"href":"https:\/\/easylingo.com\/sk\/wp-json\/wp\/v2\/media?parent=109395"}],"wp:term":[{"taxonomy":"product_cat","embeddable":true,"href":"https:\/\/easylingo.com\/sk\/wp-json\/wp\/v2\/product_cat?post=109395"},{"taxonomy":"product_tag","embeddable":true,"href":"https:\/\/easylingo.com\/sk\/wp-json\/wp\/v2\/product_tag?post=109395"}],"curies":[{"name":"wp","href":"https:\/\/api.w.org\/{rel}","templated":true}]}}