{"id":109396,"date":"2022-08-03T12:35:09","date_gmt":"2022-08-03T11:35:09","guid":{"rendered":"https:\/\/easylingo.com\/sk\/?post_type=product&#038;p=109396"},"modified":"2025-04-30T08:07:41","modified_gmt":"2025-04-30T07:07:41","slug":"anglictina-pre-zaciatocnikov-a1-2","status":"publish","type":"product","link":"https:\/\/easylingo.com\/sk\/eshop\/anglictina-pre-zaciatocnikov-a1-2\/","title":{"rendered":"Angli\u010dtina pre za\u010diato\u010dn\u00edkov A1+"},"content":{"rendered":"<p>Neviete, ako si objedna\u0165 jedlo alebo ako po\u017eiada\u0165 predava\u010da o in\u00fa ve\u013ekos\u0165 nohav\u00edc v angli\u010dtine? Nau\u010dte sa, ako jednoducho zvl\u00e1da\u0165 tieto situ\u00e1cie pomocou kurzu Angli\u010dtiny pre za\u010diato\u010dn\u00edkov A1+. <strong>Povedieme v\u00e1s angli\u010dtinou<\/strong> nen\u00fatene a efekt\u00edvne. \u010coskoro pre v\u00e1s tieto situ\u00e1cie u\u017e nebud\u00fa prek\u00e1\u017ekou. Kurz obsahuje 6+1 tematick\u00fdch kapitol \u0161t\u00fadia, v ktor\u00fdch sa nau\u010d\u00edte napr\u00edklad <strong>rozpr\u00e1va\u0165 o svojich z\u00e1\u017eitkoch z dovolenky, objedna\u0165 si jedlo alebo po\u017eiada\u0165 predava\u010da o pomoc<\/strong>. Ak sa odhadnete nespr\u00e1vne a n\u00e1pl\u0148 kurzu v\u00e1m nebude vyhovova\u0165, m\u00f4\u017eete si do 14 dn\u00ed vybra\u0165 in\u00fd kurz alebo po\u017eiada\u0165 o vr\u00e1tenie pe\u0148az\u00ed. <strong>Ni\u010d neriskujete<\/strong>, nev\u00e1hajte a vysk\u00fa\u0161ajte to.<\/p>\n","protected":false},"excerpt":{"rendered":"<p>Nejste si jisti, jak si v\u00a0angli\u010dtin\u011b objednat j\u00eddlo nebo po\u017e\u00e1dat prodava\u010dku o\u00a0jinou velikost kalhot? Nau\u010dte se zvl\u00e1dat tyto situace s\u00a0p\u0159ehledem d\u00edky kurzu Angli\u010dtina pro za\u010d\u00e1te\u010dn\u00edky A1+. <strong>Povedeme v\u00e1s angli\u010dtinou<\/strong> nenucen\u011b a\u00a0efektivn\u011b. Ji\u017e brzy pro v\u00e1s tyto situace nebudou p\u0159ek\u00e1\u017ekou. Kurz obsahuje 6+1 tematick\u00fdch kapitol studia, ve kter\u00fdch se nau\u010d\u00edte nap\u0159\u00edklad <strong>vypr\u00e1v\u011bt o\u00a0z\u00e1\u017eitc\u00edch z\u00a0dovolen\u00e9, objednat si j\u00eddlo \u010di po\u017e\u00e1dat prodava\u010dku o\u00a0pomoc<\/strong>. Jestli\u017ee se odhadnete nespr\u00e1vn\u011b a\u00a0n\u00e1pl\u0148 kurzu v\u00e1m nebude vyhovovat, m\u016f\u017eete si do 14 dn\u016f vybrat jin\u00fd kurz nebo po\u017e\u00e1dat o\u00a0vr\u00e1cen\u00ed pen\u011bz. <strong>Nic neriskujete<\/strong>, nev\u00e1hejte a\u00a0zkuste to.<\/p>\n","protected":false},"featured_media":109486,"comment_status":"closed","ping_status":"closed","template":"","meta":{"_et_pb_use_builder":"on","_et_pb_old_content":"Neviete, ako si objedna\u0165 jedlo alebo ako po\u017eiada\u0165 predava\u010da o in\u00fa ve\u013ekos\u0165 nohav\u00edc v angli\u010dtine? Nau\u010dte sa, ako jednoducho zvl\u00e1da\u0165 tieto situ\u00e1cie pomocou kurzu Angli\u010dtiny pre za\u010diato\u010dn\u00edkov A1+. <strong>Povedieme v\u00e1s angli\u010dtinou<\/strong> nen\u00fatene a efekt\u00edvne. \u010coskoro pre v\u00e1s tieto situ\u00e1cie u\u017e nebud\u00fa prek\u00e1\u017ekou. Kurz obsahuje 6+1 tematick\u00fdch kapitol \u0161t\u00fadia, v ktor\u00fdch sa nau\u010d\u00edte napr\u00edklad <strong>rozpr\u00e1va\u0165 o svojich z\u00e1\u017eitkoch z dovolenky, objedna\u0165 si jedlo alebo po\u017eiada\u0165 predava\u010da o pomoc<\/strong>. Ak sa odhadnete nespr\u00e1vne a n\u00e1pl\u0148 kurzu v\u00e1m nebude vyhovova\u0165, m\u00f4\u017eete si do 14 dn\u00ed vybra\u0165 in\u00fd kurz alebo po\u017eiada\u0165 o vr\u00e1tenie pe\u0148az\u00ed. <strong>Ni\u010d neriskujete<\/strong>, nev\u00e1hajte a vysk\u00fa\u0161ajte to.","_et_gb_content_width":"","inline_featured_image":false},"product_cat":[75],"product_tag":[],"_links":{"self":[{"href":"https:\/\/easylingo.com\/sk\/wp-json\/wp\/v2\/product\/109396"}],"collection":[{"href":"https:\/\/easylingo.com\/sk\/wp-json\/wp\/v2\/product"}],"about":[{"href":"https:\/\/easylingo.com\/sk\/wp-json\/wp\/v2\/types\/product"}],"replies":[{"embeddable":true,"href":"https:\/\/easylingo.com\/sk\/wp-json\/wp\/v2\/comments?post=109396"}],"wp:featuredmedia":[{"embeddable":true,"href":"https:\/\/easylingo.com\/sk\/wp-json\/wp\/v2\/media\/109486"}],"wp:attachment":[{"href":"https:\/\/easylingo.com\/sk\/wp-json\/wp\/v2\/media?parent=109396"}],"wp:term":[{"taxonomy":"product_cat","embeddable":true,"href":"https:\/\/easylingo.com\/sk\/wp-json\/wp\/v2\/product_cat?post=109396"},{"taxonomy":"product_tag","embeddable":true,"href":"https:\/\/easylingo.com\/sk\/wp-json\/wp\/v2\/product_tag?post=109396"}],"curies":[{"name":"wp","href":"https:\/\/api.w.org\/{rel}","templated":true}]}}