{"id":109397,"date":"2022-08-03T12:35:09","date_gmt":"2022-08-03T11:35:09","guid":{"rendered":"https:\/\/easylingo.com\/sk\/?post_type=product&#038;p=109397"},"modified":"2025-04-30T08:07:49","modified_gmt":"2025-04-30T07:07:49","slug":"anglictina-pre-znalych-zaciatocnikov-a2","status":"publish","type":"product","link":"https:\/\/easylingo.com\/sk\/eshop\/anglictina-pre-znalych-zaciatocnikov-a2\/","title":{"rendered":"Angli\u010dtina pre znal\u00fdch za\u010diato\u010dn\u00edkov A2-"},"content":{"rendered":"<p>E\u0161te as nec\u00edtite na pokro\u010dil\u00fa \u00farove\u0148, ale ani sa v\u00e1m nechce za\u010d\u00edna\u0165 odznova? Vysk\u00fa\u0161ajte kurz Angli\u010dtina pre znal\u00fdch za\u010diato\u010dn\u00edkov A2-. <strong>Systematicky v\u00e1s prevedieme<\/strong> do pokro\u010dilej \u00farovne. V tomto kurze si precvi\u010d\u00edte najm\u00e4 pr\u00edtomn\u00e9 a minul\u00e9 \u010dasy, nau\u010d\u00edte sa fr\u00e1zy u\u017eito\u010dn\u00e9 pri telefonovan\u00ed a ve\u013ek\u00e9 mno\u017estvo slov\u00ed\u010dok, ktor\u00e9 v\u00e1m umo\u017enia s\u00favisle hovori\u0165 o svojich z\u00e1\u013eub\u00e1ch, zahrani\u010dn\u00fdch cest\u00e1ch a vo\u013eno\u010dasov\u00fdch aktivit\u00e1ch. Ak sa odhadnete nespr\u00e1vne a obsah kurzu v\u00e1m nebude vyhovova\u0165, m\u00f4\u017eete si do 14 dn\u00ed vybra\u0165 in\u00fd kurz alebo po\u017eiada\u0165 o vr\u00e1tenie pe\u0148az\u00ed. <strong>Ni\u010d neriskujete<\/strong>, nev\u00e1hajte a sk\u00faste to.<\/p>\n","protected":false},"excerpt":{"rendered":"<p>E\u0161te as nec\u00edtite na pokro\u010dil\u00fa \u00farove\u0148, ale ani sa v\u00e1m nechce za\u010d\u00edna\u0165 odznova? Vysk\u00fa\u0161ajte kurz Angli\u010dtina pre znal\u00fdch za\u010diato\u010dn\u00edkov A2-. Systematicky v\u00e1s prevedieme do pokro\u010dilej \u00farovne. V tomto kurze si precvi\u010d\u00edte najm\u00e4 pr\u00edtomn\u00e9 a minul\u00e9 \u010dasy, nau\u010d\u00edte sa fr\u00e1zy u\u017eito\u010dn\u00e9 pri telefonovan\u00ed a ve\u013ek\u00e9 mno\u017estvo slov\u00ed\u010dok, ktor\u00e9 v\u00e1m umo\u017enia s\u00favisle hovori\u0165 o svojich z\u00e1\u013eub\u00e1ch, zahrani\u010dn\u00fdch [&hellip;]<\/p>\n","protected":false},"featured_media":109487,"comment_status":"closed","ping_status":"closed","template":"","meta":{"_et_pb_use_builder":"","_et_pb_old_content":"","_et_gb_content_width":"","inline_featured_image":false},"product_cat":[75],"product_tag":[],"_links":{"self":[{"href":"https:\/\/easylingo.com\/sk\/wp-json\/wp\/v2\/product\/109397"}],"collection":[{"href":"https:\/\/easylingo.com\/sk\/wp-json\/wp\/v2\/product"}],"about":[{"href":"https:\/\/easylingo.com\/sk\/wp-json\/wp\/v2\/types\/product"}],"replies":[{"embeddable":true,"href":"https:\/\/easylingo.com\/sk\/wp-json\/wp\/v2\/comments?post=109397"}],"wp:featuredmedia":[{"embeddable":true,"href":"https:\/\/easylingo.com\/sk\/wp-json\/wp\/v2\/media\/109487"}],"wp:attachment":[{"href":"https:\/\/easylingo.com\/sk\/wp-json\/wp\/v2\/media?parent=109397"}],"wp:term":[{"taxonomy":"product_cat","embeddable":true,"href":"https:\/\/easylingo.com\/sk\/wp-json\/wp\/v2\/product_cat?post=109397"},{"taxonomy":"product_tag","embeddable":true,"href":"https:\/\/easylingo.com\/sk\/wp-json\/wp\/v2\/product_tag?post=109397"}],"curies":[{"name":"wp","href":"https:\/\/api.w.org\/{rel}","templated":true}]}}