{"id":109398,"date":"2022-08-03T12:35:09","date_gmt":"2022-08-03T11:35:09","guid":{"rendered":"https:\/\/easylingo.com\/sk\/?post_type=product&#038;p=109398"},"modified":"2025-04-30T08:07:57","modified_gmt":"2025-04-30T07:07:57","slug":"anglictina-pre-znalych-zaciatocnikov-a2-2","status":"publish","type":"product","link":"https:\/\/easylingo.com\/sk\/eshop\/anglictina-pre-znalych-zaciatocnikov-a2-2\/","title":{"rendered":"Angli\u010dtina pre znal\u00fdch za\u010diato\u010dn\u00edkov A2+"},"content":{"rendered":"<p>Pripravujete sa na <strong>sk\u00fa\u0161ku KET<\/strong>, alebo sa len chcete nau\u010di\u0165 nov\u00e9 slov\u00e1 a fr\u00e1zy, ktor\u00e9 m\u00f4\u017eete pou\u017ei\u0165 u lek\u00e1ra, na letisku alebo v cudzom meste? V oboch pr\u00edpadoch je tento kurz ur\u010den\u00fd pr\u00e1ve pre v\u00e1s ten prav\u00fd! <strong>Kurz Angli\u010dtina pre znal\u00fdch za\u010diato\u010dn\u00edkov A2+ sa zameriava na praktick\u00e9 pou\u017e\u00edvanie jazyka<\/strong>. Nau\u010d\u00edte sa vyjadri\u0165 bud\u00facnos\u0165, roz\u0161\u00edrite si svoje znalosti o mod\u00e1lnych sloves\u00e1ch a zozn\u00e1mite sa s predpr\u00edtomn\u00fdm \u010dasom jednoduch\u00fdm. Ak sa odhadnete nespr\u00e1vne a obsah kurzu v\u00e1m nebude vyhovova\u0165, m\u00f4\u017eete si do 14 dn\u00ed vybra\u0165 in\u00fd kurz alebo po\u017eiada\u0165 o vr\u00e1tenie pe\u0148az\u00ed.<strong> Ni\u010d neriskujete<\/strong>, nev\u00e1hajte a sk\u00faste to.<\/p>\n","protected":false},"excerpt":{"rendered":"<p>Pripravujete sa na sk\u00fa\u0161ku KET, alebo sa len chcete nau\u010di\u0165 nov\u00e9 slov\u00e1 a fr\u00e1zy, ktor\u00e9 m\u00f4\u017eete pou\u017ei\u0165 u lek\u00e1ra, na letisku alebo v cudzom meste? V oboch pr\u00edpadoch je tento kurz ur\u010den\u00fd pr\u00e1ve pre v\u00e1s ten prav\u00fd! Kurz Angli\u010dtina pre znal\u00fdch za\u010diato\u010dn\u00edkov A2+ sa zameriava na praktick\u00e9 pou\u017e\u00edvanie jazyka. Nau\u010d\u00edte sa vyjadri\u0165 bud\u00facnos\u0165, roz\u0161\u00edrite si [&hellip;]<\/p>\n","protected":false},"featured_media":109488,"comment_status":"closed","ping_status":"closed","template":"","meta":{"_et_pb_use_builder":"","_et_pb_old_content":"","_et_gb_content_width":"","inline_featured_image":false},"product_cat":[75],"product_tag":[],"_links":{"self":[{"href":"https:\/\/easylingo.com\/sk\/wp-json\/wp\/v2\/product\/109398"}],"collection":[{"href":"https:\/\/easylingo.com\/sk\/wp-json\/wp\/v2\/product"}],"about":[{"href":"https:\/\/easylingo.com\/sk\/wp-json\/wp\/v2\/types\/product"}],"replies":[{"embeddable":true,"href":"https:\/\/easylingo.com\/sk\/wp-json\/wp\/v2\/comments?post=109398"}],"wp:featuredmedia":[{"embeddable":true,"href":"https:\/\/easylingo.com\/sk\/wp-json\/wp\/v2\/media\/109488"}],"wp:attachment":[{"href":"https:\/\/easylingo.com\/sk\/wp-json\/wp\/v2\/media?parent=109398"}],"wp:term":[{"taxonomy":"product_cat","embeddable":true,"href":"https:\/\/easylingo.com\/sk\/wp-json\/wp\/v2\/product_cat?post=109398"},{"taxonomy":"product_tag","embeddable":true,"href":"https:\/\/easylingo.com\/sk\/wp-json\/wp\/v2\/product_tag?post=109398"}],"curies":[{"name":"wp","href":"https:\/\/api.w.org\/{rel}","templated":true}]}}