{"id":109399,"date":"2022-08-03T12:35:09","date_gmt":"2022-08-03T11:35:09","guid":{"rendered":"https:\/\/easylingo.com\/sk\/?post_type=product&#038;p=109399"},"modified":"2025-04-30T08:08:04","modified_gmt":"2025-04-30T07:08:04","slug":"anglictina-pre-mierne-pokrocilych-b1","status":"publish","type":"product","link":"https:\/\/easylingo.com\/sk\/eshop\/anglictina-pre-mierne-pokrocilych-b1\/","title":{"rendered":"Angli\u010dtina pre mierne pokro\u010dil\u00fdch B1-"},"content":{"rendered":"<p>Z\u00e1klady pozn\u00e1te, ale ke\u010f m\u00e1te s\u00favisle komunikova\u0165 ch\u00fdbaj\u00fa v\u00e1m slov\u00ed\u010dka a nie ste si ist\u00ed gramatikou? Dopl\u0148ujte si mozaiku toho, \u010do viete. Pracujte na zdokona\u013eovan\u00ed svojich znalost\u00ed a \u00a0<strong>budete schopn\u00ed plynule konverzova\u0165<\/strong> bez z\u00e1kladn\u00fdch gramatick\u00fdch ch\u00fdb.\u00a0Ak sa odhadnete nespr\u00e1vne a obsah kurzu v\u00e1m nebude vyhovova\u0165, m\u00f4\u017eete si do 14 dn\u00ed vybra\u0165 in\u00fd kurz alebo po\u017eiada\u0165 o vr\u00e1tenie pe\u0148az\u00ed. <strong>Ni\u010d neriskujete<\/strong>, nev\u00e1hajte a sk\u00faste to.<\/p>\n","protected":false},"excerpt":{"rendered":"<p>Z\u00e1klady pozn\u00e1te, ale ke\u010f m\u00e1te s\u00favisle komunikova\u0165 ch\u00fdbaj\u00fa v\u00e1m slov\u00ed\u010dka a nie ste si ist\u00ed gramatikou? Dopl\u0148ujte si mozaiku toho, \u010do viete. Pracujte na zdokona\u013eovan\u00ed svojich znalost\u00ed a \u00a0budete schopn\u00ed plynule konverzova\u0165 bez z\u00e1kladn\u00fdch gramatick\u00fdch ch\u00fdb.\u00a0Ak sa odhadnete nespr\u00e1vne a obsah kurzu v\u00e1m nebude vyhovova\u0165, m\u00f4\u017eete si do 14 dn\u00ed vybra\u0165 in\u00fd kurz alebo po\u017eiada\u0165 [&hellip;]<\/p>\n","protected":false},"featured_media":109489,"comment_status":"closed","ping_status":"closed","template":"","meta":{"_et_pb_use_builder":"on","_et_pb_old_content":"Z\u00e1klady pozn\u00e1te, ale ke\u010f m\u00e1te s\u00favisle komunikova\u0165 ch\u00fdbaj\u00fa v\u00e1m slov\u00ed\u010dka a nie ste si ist\u00ed gramatikou? Dopl\u0148ujte si mozaiku toho, \u010do viete. Pracujte na zdokona\u013eovan\u00ed svojich znalost\u00ed a \u00a0<strong>budete schopn\u00ed plynule konverzova\u0165<\/strong> bez z\u00e1kladn\u00fdch gramatick\u00fdch ch\u00fdb.\u00a0Ak sa odhadnete nespr\u00e1vne a obsah kurzu v\u00e1m nebude vyhovova\u0165, m\u00f4\u017eete si do 14 dn\u00ed vybra\u0165 in\u00fd kurz alebo po\u017eiada\u0165 o vr\u00e1tenie pe\u0148az\u00ed. <strong>Ni\u010d neriskujete<\/strong>, nev\u00e1hajte a sk\u00faste to.","_et_gb_content_width":"","inline_featured_image":false},"product_cat":[75],"product_tag":[],"_links":{"self":[{"href":"https:\/\/easylingo.com\/sk\/wp-json\/wp\/v2\/product\/109399"}],"collection":[{"href":"https:\/\/easylingo.com\/sk\/wp-json\/wp\/v2\/product"}],"about":[{"href":"https:\/\/easylingo.com\/sk\/wp-json\/wp\/v2\/types\/product"}],"replies":[{"embeddable":true,"href":"https:\/\/easylingo.com\/sk\/wp-json\/wp\/v2\/comments?post=109399"}],"wp:featuredmedia":[{"embeddable":true,"href":"https:\/\/easylingo.com\/sk\/wp-json\/wp\/v2\/media\/109489"}],"wp:attachment":[{"href":"https:\/\/easylingo.com\/sk\/wp-json\/wp\/v2\/media?parent=109399"}],"wp:term":[{"taxonomy":"product_cat","embeddable":true,"href":"https:\/\/easylingo.com\/sk\/wp-json\/wp\/v2\/product_cat?post=109399"},{"taxonomy":"product_tag","embeddable":true,"href":"https:\/\/easylingo.com\/sk\/wp-json\/wp\/v2\/product_tag?post=109399"}],"curies":[{"name":"wp","href":"https:\/\/api.w.org\/{rel}","templated":true}]}}