{"id":109400,"date":"2022-08-03T12:35:09","date_gmt":"2022-08-03T11:35:09","guid":{"rendered":"https:\/\/easylingo.com\/sk\/?post_type=product&#038;p=109400"},"modified":"2025-04-30T08:08:12","modified_gmt":"2025-04-30T07:08:12","slug":"anglictina-pre-mierne-pokrocilych-b1-2","status":"publish","type":"product","link":"https:\/\/easylingo.com\/sk\/eshop\/anglictina-pre-mierne-pokrocilych-b1-2\/","title":{"rendered":"Angli\u010dtina pre mierne pokro\u010dil\u00fdch B1+"},"content":{"rendered":"<p>Po\u010fte sa s nami uisti\u0165, \u017ee dok\u00e1\u017eete plynule hovori\u0165 o sebe aj \u013eu\u010foch a situ\u00e1ci\u00e1ch okolo v\u00e1s. Osvoj\u00edte si slov\u00ed\u010dka z r\u00f4znych tematick\u00fdch oblast\u00ed. Po absolvovan\u00ed tohto kurzu <strong>sa m\u00f4\u017eete<\/strong>\u00a0<strong>bez ob\u00e1v pusti\u0165 do dial\u00f3gu be\u017enej konverz\u00e1cie<\/strong>.\u00a0Budete rozumie\u0165 a dok\u00e1\u017eete reagova\u0165 d\u00f4stojnou slovnou z\u00e1sobou. Ak sa odhadnete nespr\u00e1vne a n\u00e1pl\u0148 kurzu v\u00e1m nebude vyhovova\u0165, m\u00f4\u017eete si do 14 dn\u00ed vybra\u0165 in\u00fd kurz alebo po\u017eiada\u0165 o vr\u00e1tenie pe\u0148az\u00ed. <strong>Ni\u010d neriskujete<\/strong>, nev\u00e1hajte a sk\u00faste to.<\/p>\n","protected":false},"excerpt":{"rendered":"<p>Po\u010fte sa s nami uisti\u0165, \u017ee dok\u00e1\u017eete plynule hovori\u0165 o sebe aj \u013eu\u010foch a situ\u00e1ci\u00e1ch okolo v\u00e1s. Osvoj\u00edte si slov\u00ed\u010dka z r\u00f4znych tematick\u00fdch oblast\u00ed. Po absolvovan\u00ed tohto kurzu sa m\u00f4\u017eete\u00a0bez ob\u00e1v pusti\u0165 do dial\u00f3gu be\u017enej konverz\u00e1cie.\u00a0Budete rozumie\u0165 a dok\u00e1\u017eete reagova\u0165 d\u00f4stojnou slovnou z\u00e1sobou. Ak sa odhadnete nespr\u00e1vne a n\u00e1pl\u0148 kurzu v\u00e1m nebude vyhovova\u0165, m\u00f4\u017eete si [&hellip;]<\/p>\n","protected":false},"featured_media":109490,"comment_status":"closed","ping_status":"closed","template":"","meta":{"_et_pb_use_builder":"","_et_pb_old_content":"","_et_gb_content_width":"","inline_featured_image":false},"product_cat":[75],"product_tag":[],"_links":{"self":[{"href":"https:\/\/easylingo.com\/sk\/wp-json\/wp\/v2\/product\/109400"}],"collection":[{"href":"https:\/\/easylingo.com\/sk\/wp-json\/wp\/v2\/product"}],"about":[{"href":"https:\/\/easylingo.com\/sk\/wp-json\/wp\/v2\/types\/product"}],"replies":[{"embeddable":true,"href":"https:\/\/easylingo.com\/sk\/wp-json\/wp\/v2\/comments?post=109400"}],"wp:featuredmedia":[{"embeddable":true,"href":"https:\/\/easylingo.com\/sk\/wp-json\/wp\/v2\/media\/109490"}],"wp:attachment":[{"href":"https:\/\/easylingo.com\/sk\/wp-json\/wp\/v2\/media?parent=109400"}],"wp:term":[{"taxonomy":"product_cat","embeddable":true,"href":"https:\/\/easylingo.com\/sk\/wp-json\/wp\/v2\/product_cat?post=109400"},{"taxonomy":"product_tag","embeddable":true,"href":"https:\/\/easylingo.com\/sk\/wp-json\/wp\/v2\/product_tag?post=109400"}],"curies":[{"name":"wp","href":"https:\/\/api.w.org\/{rel}","templated":true}]}}