{"id":109401,"date":"2022-08-03T12:35:10","date_gmt":"2022-08-03T11:35:10","guid":{"rendered":"https:\/\/easylingo.com\/sk\/?post_type=product&#038;p=109401"},"modified":"2025-04-30T08:06:57","modified_gmt":"2025-04-30T07:06:57","slug":"anglictina-pre-pokrocilych-b2","status":"publish","type":"product","link":"https:\/\/easylingo.com\/sk\/eshop\/anglictina-pre-pokrocilych-b2\/","title":{"rendered":"Angli\u010dtina pre pokro\u010dil\u00fdch B2-"},"content":{"rendered":"<p>\u010c\u00edm dlh\u0161ie sa u\u010d\u00edte, t\u00fdm viac si ver\u00edte. Po absolvovan\u00ed tohto kurzu <strong>sa m\u00f4\u017eete bez ob\u00e1v pusti\u0165 do be\u017enej konverz\u00e1cie<\/strong>. Kurz Angli\u010dtina pre pokro\u010dil\u00fdch B2- je vhodn\u00fd pre t\u00fdch, ktor\u00ed sa chc\u00fa nau\u010di\u0165 pracova\u0165 so vz\u0165a\u017en\u00fdmi vetami, nepriamou re\u010dou alebo to, ako vyjadri\u0165 svoje \u017eelania v angli\u010dtine. Ak sa odhadnete nespr\u00e1vne a obsah kurzu v\u00e1m nebude vyhovova\u0165, m\u00f4\u017eete si do 14 dn\u00ed vybra\u0165 in\u00fd kurz alebo po\u017eiada\u0165 o vr\u00e1tenie pe\u0148az\u00ed. <strong>Ni\u010d neriskujete<\/strong>, nev\u00e1hajte a sk\u00faste to.<\/p>\n","protected":false},"excerpt":{"rendered":"<p>\u010c\u00edm dlh\u0161ie sa u\u010d\u00edte, t\u00fdm viac si ver\u00edte. Po absolvovan\u00ed tohto kurzu sa m\u00f4\u017eete bez ob\u00e1v pusti\u0165 do be\u017enej konverz\u00e1cie. Kurz Angli\u010dtina pre pokro\u010dil\u00fdch B2- je vhodn\u00fd pre t\u00fdch, ktor\u00ed sa chc\u00fa nau\u010di\u0165 pracova\u0165 so vz\u0165a\u017en\u00fdmi vetami, nepriamou re\u010dou alebo to, ako vyjadri\u0165 svoje \u017eelania v angli\u010dtine. Ak sa odhadnete nespr\u00e1vne a obsah kurzu v\u00e1m [&hellip;]<\/p>\n","protected":false},"featured_media":109491,"comment_status":"closed","ping_status":"closed","template":"","meta":{"_et_pb_use_builder":"on","_et_pb_old_content":"\u010c\u00edm dlh\u0161ie sa u\u010d\u00edte, t\u00fdm viac si ver\u00edte. Po absolvovan\u00ed tohto kurzu <strong>sa m\u00f4\u017eete bez ob\u00e1v pusti\u0165 do be\u017enej konverz\u00e1cie<\/strong>. Kurz Angli\u010dtina pre pokro\u010dil\u00fdch B2- je vhodn\u00fd pre t\u00fdch, ktor\u00ed sa chc\u00fa nau\u010di\u0165 pracova\u0165 so vz\u0165a\u017en\u00fdmi vetami, nepriamou re\u010dou alebo to, ako vyjadri\u0165 svoje \u017eelania v angli\u010dtine. Ak sa odhadnete nespr\u00e1vne a obsah kurzu v\u00e1m nebude vyhovova\u0165, m\u00f4\u017eete si do 14 dn\u00ed vybra\u0165 in\u00fd kurz alebo po\u017eiada\u0165 o vr\u00e1tenie pe\u0148az\u00ed. <strong>Ni\u010d neriskujete<\/strong>, nev\u00e1hajte a sk\u00faste to.","_et_gb_content_width":"","inline_featured_image":false},"product_cat":[75],"product_tag":[],"_links":{"self":[{"href":"https:\/\/easylingo.com\/sk\/wp-json\/wp\/v2\/product\/109401"}],"collection":[{"href":"https:\/\/easylingo.com\/sk\/wp-json\/wp\/v2\/product"}],"about":[{"href":"https:\/\/easylingo.com\/sk\/wp-json\/wp\/v2\/types\/product"}],"replies":[{"embeddable":true,"href":"https:\/\/easylingo.com\/sk\/wp-json\/wp\/v2\/comments?post=109401"}],"wp:featuredmedia":[{"embeddable":true,"href":"https:\/\/easylingo.com\/sk\/wp-json\/wp\/v2\/media\/109491"}],"wp:attachment":[{"href":"https:\/\/easylingo.com\/sk\/wp-json\/wp\/v2\/media?parent=109401"}],"wp:term":[{"taxonomy":"product_cat","embeddable":true,"href":"https:\/\/easylingo.com\/sk\/wp-json\/wp\/v2\/product_cat?post=109401"},{"taxonomy":"product_tag","embeddable":true,"href":"https:\/\/easylingo.com\/sk\/wp-json\/wp\/v2\/product_tag?post=109401"}],"curies":[{"name":"wp","href":"https:\/\/api.w.org\/{rel}","templated":true}]}}