{"id":109402,"date":"2022-08-03T12:35:10","date_gmt":"2022-08-03T11:35:10","guid":{"rendered":"https:\/\/easylingo.com\/sk\/?post_type=product&#038;p=109402"},"modified":"2025-04-30T08:07:06","modified_gmt":"2025-04-30T07:07:06","slug":"anglictina-pre-pokrocilych-b2-2","status":"publish","type":"product","link":"https:\/\/easylingo.com\/sk\/eshop\/anglictina-pre-pokrocilych-b2-2\/","title":{"rendered":"Angli\u010dtina pre pokro\u010dil\u00fdch B2+"},"content":{"rendered":"<p>Vysk\u00fa\u0161ajte si jazykov\u00fa sk\u00fa\u0161ku <strong>Cambridge FCE<\/strong> nane\u010disto a otestujte sa. Kurz Angli\u010dtina pre pokro\u010dil\u00fdch B2+ je zostaven\u00fd tak, aby v\u00e1s na t\u00fato sk\u00fa\u0161ku pripravil. Tento kurz sa zameriava na <strong>precvi\u010dovanie v\u0161etk\u00fdch jazykov\u00fdch zru\u010dnost\u00ed<\/strong> \u2013 \u010d\u00edtanie, po\u010d\u00favanie, hovoren\u00fd a p\u00edsomn\u00fd prejav. Ak sa odhadnete nespr\u00e1vne a obsah kurzu v\u00e1m nebude vyhovova\u0165, m\u00f4\u017eete si do 14 dn\u00ed vybra\u0165 in\u00fd kurz alebo po\u017eiada\u0165 o vr\u00e1tenie pe\u0148az\u00ed. <strong>Ni\u010d neriskujete<\/strong>, nev\u00e1hajte a sk\u00faste to.<\/p>\n","protected":false},"excerpt":{"rendered":"<p>Vysk\u00fa\u0161ajte si jazykov\u00fa sk\u00fa\u0161ku Cambridge FCE nane\u010disto a otestujte sa. Kurz Angli\u010dtina pre pokro\u010dil\u00fdch B2+ je zostaven\u00fd tak, aby v\u00e1s na t\u00fato sk\u00fa\u0161ku pripravil. Tento kurz sa zameriava na precvi\u010dovanie v\u0161etk\u00fdch jazykov\u00fdch zru\u010dnost\u00ed \u2013 \u010d\u00edtanie, po\u010d\u00favanie, hovoren\u00fd a p\u00edsomn\u00fd prejav. Ak sa odhadnete nespr\u00e1vne a obsah kurzu v\u00e1m nebude vyhovova\u0165, m\u00f4\u017eete si do 14 dn\u00ed [&hellip;]<\/p>\n","protected":false},"featured_media":109492,"comment_status":"closed","ping_status":"closed","template":"","meta":{"_et_pb_use_builder":"","_et_pb_old_content":"","_et_gb_content_width":"","inline_featured_image":false},"product_cat":[75],"product_tag":[],"_links":{"self":[{"href":"https:\/\/easylingo.com\/sk\/wp-json\/wp\/v2\/product\/109402"}],"collection":[{"href":"https:\/\/easylingo.com\/sk\/wp-json\/wp\/v2\/product"}],"about":[{"href":"https:\/\/easylingo.com\/sk\/wp-json\/wp\/v2\/types\/product"}],"replies":[{"embeddable":true,"href":"https:\/\/easylingo.com\/sk\/wp-json\/wp\/v2\/comments?post=109402"}],"wp:featuredmedia":[{"embeddable":true,"href":"https:\/\/easylingo.com\/sk\/wp-json\/wp\/v2\/media\/109492"}],"wp:attachment":[{"href":"https:\/\/easylingo.com\/sk\/wp-json\/wp\/v2\/media?parent=109402"}],"wp:term":[{"taxonomy":"product_cat","embeddable":true,"href":"https:\/\/easylingo.com\/sk\/wp-json\/wp\/v2\/product_cat?post=109402"},{"taxonomy":"product_tag","embeddable":true,"href":"https:\/\/easylingo.com\/sk\/wp-json\/wp\/v2\/product_tag?post=109402"}],"curies":[{"name":"wp","href":"https:\/\/api.w.org\/{rel}","templated":true}]}}