{"id":109403,"date":"2022-08-03T12:35:10","date_gmt":"2022-08-03T11:35:10","guid":{"rendered":"https:\/\/easylingo.com\/sk\/?post_type=product&#038;p=109403"},"modified":"2025-05-29T08:47:47","modified_gmt":"2025-05-29T07:47:47","slug":"anglictina-pre-velmi-pokrocilych-c1","status":"publish","type":"product","link":"https:\/\/easylingo.com\/sk\/eshop\/anglictina-pre-velmi-pokrocilych-c1\/","title":{"rendered":"Angli\u010dtina pre ve\u013emi pokro\u010dil\u00fdch C1"},"content":{"rendered":"<p>Dok\u00e1\u017eete u\u017e teraz podrobne a pohodlne hovori\u0165 o akejko\u013evek t\u00e9me? Rozumiete v\u00e4\u010d\u0161ine slovn\u00fdch obratov a gramatika V\u00e1m nerob\u00ed \u017eiaden probl\u00e9m? V tomto pr\u00edpade ste zdatn\u00ed angli\u010dtin\u00e1ri a najd\u00f4le\u017eitej\u0161ie je udr\u017ea\u0165 si va\u0161u jazykov\u00fa \u00farove\u0148, \u010falej rozv\u00edja\u0165 svoju slovn\u00fa z\u00e1sobu a roz\u0161irova\u0165 si vedomosti aj z oblasti re\u00e1li\u00ed anglicky hovoriacich kraj\u00edn. Kurz Angli\u010dtina pre ve\u013emi pokro\u010dil\u00fdch C1 je ur\u010den\u00fd najm\u00e4 t\u00fdm, ktor\u00ed chc\u00fa zosta\u0165 v kontakte s angli\u010dtinou. Po absolvovan\u00ed kurzu s\u00fa \u0161tudenti schopn\u00ed porozumie\u0165 \u0161irok\u00e9mu spektru n\u00e1ro\u010dn\u00fdch textov, vies\u0165 plynul\u00fa a ucelen\u00fa konverz\u00e1ciu bez v\u00fdrazn\u00e9ho zdr\u017eiavania a h\u013eadania nezn\u00e1mych slov a s\u00fa schopn\u00ed vytvori\u0165 my\u0161lienkovo aj slohovo ucelen\u00fd text na vysokej \u00farovni.<\/p>\n","protected":false},"excerpt":{"rendered":"<p>Dok\u00e1\u017eete u\u017e teraz podrobne a pohodlne hovori\u0165 o akejko\u013evek t\u00e9me? Rozumiete v\u00e4\u010d\u0161ine slovn\u00fdch obratov a gramatika V\u00e1m nerob\u00ed \u017eiaden probl\u00e9m? V tomto pr\u00edpade ste zdatn\u00ed angli\u010dtin\u00e1ri a najd\u00f4le\u017eitej\u0161ie je udr\u017ea\u0165 si va\u0161u jazykov\u00fa \u00farove\u0148, \u010falej rozv\u00edja\u0165 svoju slovn\u00fa z\u00e1sobu a roz\u0161irova\u0165 si vedomosti aj z oblasti re\u00e1li\u00ed anglicky hovoriacich kraj\u00edn. Kurz Angli\u010dtina pre ve\u013emi pokro\u010dil\u00fdch [&hellip;]<\/p>\n","protected":false},"featured_media":109493,"comment_status":"closed","ping_status":"closed","template":"","meta":{"_et_pb_use_builder":"","_et_pb_old_content":"","_et_gb_content_width":"","inline_featured_image":false},"product_cat":[75],"product_tag":[],"_links":{"self":[{"href":"https:\/\/easylingo.com\/sk\/wp-json\/wp\/v2\/product\/109403"}],"collection":[{"href":"https:\/\/easylingo.com\/sk\/wp-json\/wp\/v2\/product"}],"about":[{"href":"https:\/\/easylingo.com\/sk\/wp-json\/wp\/v2\/types\/product"}],"replies":[{"embeddable":true,"href":"https:\/\/easylingo.com\/sk\/wp-json\/wp\/v2\/comments?post=109403"}],"wp:featuredmedia":[{"embeddable":true,"href":"https:\/\/easylingo.com\/sk\/wp-json\/wp\/v2\/media\/109493"}],"wp:attachment":[{"href":"https:\/\/easylingo.com\/sk\/wp-json\/wp\/v2\/media?parent=109403"}],"wp:term":[{"taxonomy":"product_cat","embeddable":true,"href":"https:\/\/easylingo.com\/sk\/wp-json\/wp\/v2\/product_cat?post=109403"},{"taxonomy":"product_tag","embeddable":true,"href":"https:\/\/easylingo.com\/sk\/wp-json\/wp\/v2\/product_tag?post=109403"}],"curies":[{"name":"wp","href":"https:\/\/api.w.org\/{rel}","templated":true}]}}