{"id":109404,"date":"2022-08-03T12:35:10","date_gmt":"2022-08-03T11:35:10","guid":{"rendered":"https:\/\/easylingo.com\/sk\/?post_type=product&#038;p=109404"},"modified":"2025-04-30T08:07:18","modified_gmt":"2025-04-30T07:07:18","slug":"anglictina-pre-expertov-c2","status":"publish","type":"product","link":"https:\/\/easylingo.com\/sk\/eshop\/anglictina-pre-expertov-c2\/","title":{"rendered":"Angli\u010dtina pre expertov C2"},"content":{"rendered":"<p>Ste takmer na \u00farovni roden\u00e9ho hovorcu a dok\u00e1\u017eete sa vo\u013ene vyjadrova\u0165 na ak\u00fako\u013evek v\u0161eobecn\u00fa alebo odborn\u00fa t\u00e9mu? Potom ste na \u00farovni C1 &#8211; C2 a kurz Angli\u010dtina pre expertov C2 je ur\u010den\u00fd pr\u00e1ve v\u00e1m. Kurz je ur\u010den\u00fd pre t\u00fdch, ktor\u00ed si chc\u00fa udr\u017ea\u0165 kontakt s angli\u010dtinou, udr\u017ea\u0165 si svoju \u00farove\u0148, roz\u0161\u00edri\u0165 slovn\u00fa z\u00e1sobu a pripomen\u00fa\u0165 si n\u00e1ro\u010dn\u00e9 gramatick\u00e9 javy. Kurz kladie d\u00f4raz na v\u0161etky jazykov\u00e9 zru\u010dnosti &#8211; \u010d\u00edtanie, po\u010d\u00favanie, hovorenie a p\u00edsanie.<\/p>\n","protected":false},"excerpt":{"rendered":"<p>Ste takmer na \u00farovni roden\u00e9ho hovorcu a dok\u00e1\u017eete sa vo\u013ene vyjadrova\u0165 na ak\u00fako\u013evek v\u0161eobecn\u00fa alebo odborn\u00fa t\u00e9mu? Potom ste na \u00farovni C1 &#8211; C2 a kurz Angli\u010dtina pre expertov C2 je ur\u010den\u00fd pr\u00e1ve v\u00e1m. Kurz je ur\u010den\u00fd pre t\u00fdch, ktor\u00ed si chc\u00fa udr\u017ea\u0165 kontakt s angli\u010dtinou, udr\u017ea\u0165 si svoju \u00farove\u0148, roz\u0161\u00edri\u0165 slovn\u00fa z\u00e1sobu a pripomen\u00fa\u0165 [&hellip;]<\/p>\n","protected":false},"featured_media":109494,"comment_status":"closed","ping_status":"closed","template":"","meta":{"_et_pb_use_builder":"on","_et_pb_old_content":"Ste takmer na \u00farovni roden\u00e9ho hovorcu a dok\u00e1\u017eete sa vo\u013ene vyjadrova\u0165 na ak\u00fako\u013evek v\u0161eobecn\u00fa alebo odborn\u00fa t\u00e9mu? Potom ste na \u00farovni C1 - C2 a kurz Angli\u010dtina pre expertov C2 je ur\u010den\u00fd pr\u00e1ve v\u00e1m. Kurz je ur\u010den\u00fd pre t\u00fdch, ktor\u00ed si chc\u00fa udr\u017ea\u0165 kontakt s angli\u010dtinou, udr\u017ea\u0165 si svoju \u00farove\u0148, roz\u0161\u00edri\u0165 slovn\u00fa z\u00e1sobu a pripomen\u00fa\u0165 si n\u00e1ro\u010dn\u00e9 gramatick\u00e9 javy. Kurz kladie d\u00f4raz na v\u0161etky jazykov\u00e9 zru\u010dnosti - \u010d\u00edtanie, po\u010d\u00favanie, hovorenie a p\u00edsanie.","_et_gb_content_width":"","inline_featured_image":false},"product_cat":[75],"product_tag":[],"_links":{"self":[{"href":"https:\/\/easylingo.com\/sk\/wp-json\/wp\/v2\/product\/109404"}],"collection":[{"href":"https:\/\/easylingo.com\/sk\/wp-json\/wp\/v2\/product"}],"about":[{"href":"https:\/\/easylingo.com\/sk\/wp-json\/wp\/v2\/types\/product"}],"replies":[{"embeddable":true,"href":"https:\/\/easylingo.com\/sk\/wp-json\/wp\/v2\/comments?post=109404"}],"wp:featuredmedia":[{"embeddable":true,"href":"https:\/\/easylingo.com\/sk\/wp-json\/wp\/v2\/media\/109494"}],"wp:attachment":[{"href":"https:\/\/easylingo.com\/sk\/wp-json\/wp\/v2\/media?parent=109404"}],"wp:term":[{"taxonomy":"product_cat","embeddable":true,"href":"https:\/\/easylingo.com\/sk\/wp-json\/wp\/v2\/product_cat?post=109404"},{"taxonomy":"product_tag","embeddable":true,"href":"https:\/\/easylingo.com\/sk\/wp-json\/wp\/v2\/product_tag?post=109404"}],"curies":[{"name":"wp","href":"https:\/\/api.w.org\/{rel}","templated":true}]}}