{"id":112132,"date":"2023-11-02T15:21:24","date_gmt":"2023-11-02T14:21:24","guid":{"rendered":"https:\/\/easylingo.com\/sk\/?post_type=product&#038;p=112132"},"modified":"2024-11-13T12:51:39","modified_gmt":"2024-11-13T11:51:39","slug":"darcekovy-kupon-vseobecny-kurz","status":"publish","type":"product","link":"https:\/\/easylingo.com\/sk\/eshop\/darcekovy-kupon-vseobecny-kurz\/","title":{"rendered":"Dar\u010dekov\u00fd poukaz na v\u0161eobecn\u00fd kurz"},"content":{"rendered":"<p>[et_pb_section fb_built=&#8220;1&#8243; _builder_version=&#8220;4.16&#8243; custom_padding=&#8220;0px||||false|false&#8220; global_colors_info=&#8220;{}&#8220;][et_pb_row _builder_version=&#8220;4.16&#8243; background_size=&#8220;initial&#8220; background_position=&#8220;top_left&#8220; background_repeat=&#8220;repeat&#8220; width=&#8220;100%&#8220; custom_padding=&#8220;0px||0px||false|false&#8220; global_colors_info=&#8220;{}&#8220;][et_pb_column type=&#8220;4_4&#8243; _builder_version=&#8220;4.16&#8243; custom_padding=&#8220;|||&#8220; global_colors_info=&#8220;{}&#8220; custom_padding__hover=&#8220;|||&#8220;][et_pb_wc_breadcrumb _builder_version=&#8220;4.16&#8243; global_colors_info=&#8220;{}&#8220;][\/et_pb_wc_breadcrumb][et_pb_wc_cart_notice _builder_version=&#8220;4.16&#8243; global_colors_info=&#8220;{}&#8220;][\/et_pb_wc_cart_notice][\/et_pb_column][\/et_pb_row][et_pb_row column_structure=&#8220;1_2,1_2&#8243; _builder_version=&#8220;4.16&#8243; background_size=&#8220;initial&#8220; background_position=&#8220;top_left&#8220; background_repeat=&#8220;repeat&#8220; width=&#8220;100%&#8220; custom_padding=&#8220;0px||||false|false&#8220; global_colors_info=&#8220;{}&#8220;][et_pb_column type=&#8220;1_2&#8243; _builder_version=&#8220;4.16&#8243; custom_padding=&#8220;|||&#8220; global_colors_info=&#8220;{}&#8220; custom_padding__hover=&#8220;|||&#8220;][et_pb_wc_images _builder_version=&#8220;4.16&#8243; global_colors_info=&#8220;{}&#8220;][\/et_pb_wc_images][\/et_pb_column][et_pb_column type=&#8220;1_2&#8243; _builder_version=&#8220;4.16&#8243; custom_padding=&#8220;|||&#8220; global_colors_info=&#8220;{}&#8220; custom_padding__hover=&#8220;|||&#8220;][et_pb_wc_title _builder_version=&#8220;4.16&#8243; global_colors_info=&#8220;{}&#8220;][\/et_pb_wc_title][et_pb_wc_rating _builder_version=&#8220;4.16&#8243; global_colors_info=&#8220;{}&#8220;][\/et_pb_wc_rating][et_pb_wc_price _builder_version=&#8220;4.16&#8243; global_colors_info=&#8220;{}&#8220;][\/et_pb_wc_price][et_pb_wc_description description_type=&#8220;description&#8220; _builder_version=&#8220;4.21.0&#8243; global_colors_info=&#8220;{}&#8220;][\/et_pb_wc_description][et_pb_wc_add_to_cart _builder_version=&#8220;4.16&#8243; global_colors_info=&#8220;{}&#8220;][\/et_pb_wc_add_to_cart][et_pb_wc_meta _builder_version=&#8220;4.16&#8243; global_colors_info=&#8220;{}&#8220;][\/et_pb_wc_meta][\/et_pb_column][\/et_pb_row][et_pb_row _builder_version=&#8220;4.16&#8243; background_size=&#8220;initial&#8220; background_position=&#8220;top_left&#8220; background_repeat=&#8220;repeat&#8220; width=&#8220;100%&#8220; global_colors_info=&#8220;{}&#8220;][et_pb_column type=&#8220;4_4&#8243; _builder_version=&#8220;4.16&#8243; custom_padding=&#8220;|||&#8220; global_colors_info=&#8220;{}&#8220; custom_padding__hover=&#8220;|||&#8220;][et_pb_wc_tabs _builder_version=&#8220;4.16&#8243; global_colors_info=&#8220;{}&#8220;] [\/et_pb_wc_tabs][et_pb_wc_upsells _builder_version=&#8220;4.16&#8243; global_colors_info=&#8220;{}&#8220;][\/et_pb_wc_upsells][et_pb_wc_related_products _builder_version=&#8220;4.16&#8243; global_colors_info=&#8220;{}&#8220;][\/et_pb_wc_related_products][\/et_pb_column][\/et_pb_row][\/et_pb_section]<\/p>\n","protected":false},"excerpt":{"rendered":"<p>Poukaz v\u00e1m pr\u00edde do e-mailu, skontrolujte zlo\u017eku Hromadn\u00e9 a Spam.<br \/>\nPoukaz m\u00f4\u017eete uplatni\u0165 na webe easylingo.com\/sk.<\/p>\n<p>Poukaz plat\u00ed na jeden z kurzov:<\/p>\n","protected":false},"featured_media":112252,"comment_status":"closed","ping_status":"closed","template":"","meta":{"_et_pb_use_builder":"on","_et_pb_old_content":"Poukaz V\u00e1m pr\u00edde za hodinku do e-mailu, tak\u017ee sta\u010d\u00ed len vytla\u010di\u0165 a darova\u0165\r\nSkontrolujte zlo\u017eku Hromadn\u00e9 a Spam.\r\nPoukaz m\u00f4\u017eete uplatni\u0165 na webe easylingo.com\/sk.\r\n\r\nPoukaz plat\u00ed na jeden z kurzov:\r\n<ul>\r\n \t<li>Angli\u010dtina pre za\u010diato\u010dn\u00edkov A1-<\/li>\r\n \t<li>Angli\u010dtina pre za\u010diato\u010dn\u00edkov A1+<\/li>\r\n \t<li>Angli\u010dtina pre znal\u00fdch za\u010diato\u010dn\u00edkov A2-<\/li>\r\n \t<li>Angli\u010dtina pre znal\u00fdch za\u010diato\u010dn\u00edkov A2+<\/li>\r\n \t<li>Angli\u010dtina pre mierne pokro\u010dil\u00fdch B1-<\/li>\r\n \t<li>Angli\u010dtina pre mierne pokro\u010dil\u00fdch B1+<\/li>\r\n \t<li>Angli\u010dtina pre pokro\u010dil\u00fdch B2-<\/li>\r\n \t<li>Angli\u010dtina pre pokro\u010dil\u00fdch B2+<\/li>\r\n \t<li>Angli\u010dtina pre ve\u013emi pokro\u010dil\u00fdch C1<\/li>\r\n \t<li>Angli\u010dtina pre expertov C2<\/li>\r\n<\/ul>","_et_gb_content_width":"","inline_featured_image":false},"product_cat":[86],"product_tag":[],"_links":{"self":[{"href":"https:\/\/easylingo.com\/sk\/wp-json\/wp\/v2\/product\/112132"}],"collection":[{"href":"https:\/\/easylingo.com\/sk\/wp-json\/wp\/v2\/product"}],"about":[{"href":"https:\/\/easylingo.com\/sk\/wp-json\/wp\/v2\/types\/product"}],"replies":[{"embeddable":true,"href":"https:\/\/easylingo.com\/sk\/wp-json\/wp\/v2\/comments?post=112132"}],"wp:featuredmedia":[{"embeddable":true,"href":"https:\/\/easylingo.com\/sk\/wp-json\/wp\/v2\/media\/112252"}],"wp:attachment":[{"href":"https:\/\/easylingo.com\/sk\/wp-json\/wp\/v2\/media?parent=112132"}],"wp:term":[{"taxonomy":"product_cat","embeddable":true,"href":"https:\/\/easylingo.com\/sk\/wp-json\/wp\/v2\/product_cat?post=112132"},{"taxonomy":"product_tag","embeddable":true,"href":"https:\/\/easylingo.com\/sk\/wp-json\/wp\/v2\/product_tag?post=112132"}],"curies":[{"name":"wp","href":"https:\/\/api.w.org\/{rel}","templated":true}]}}