{"id":114106,"date":"2024-11-22T14:37:37","date_gmt":"2024-11-22T13:37:37","guid":{"rendered":"https:\/\/easylingo.com\/sk\/?post_type=product&#038;p=114106"},"modified":"2025-04-30T06:48:29","modified_gmt":"2025-04-30T05:48:29","slug":"obchodna-anglictina-pre-znalych-zaciatocnikov-a2","status":"publish","type":"product","link":"https:\/\/easylingo.com\/sk\/eshop\/obchodna-anglictina-pre-znalych-zaciatocnikov-a2\/","title":{"rendered":"Obchodn\u00e1 angli\u010dtina pre znal\u00fdch za\u010diato\u010dn\u00edkov A2"},"content":{"rendered":"<p>Kurz obchodnej angli\u010dtiny online pre znal\u00fdch za\u010diato\u010dn\u00edkov. Nau\u010dte sa obchodn\u00fa angli\u010dtinu \u013eahko, efekt\u00edvne a\u00a0z\u00e1bavne.<\/p>\n","protected":false},"excerpt":{"rendered":"<p>Kurz obchodnej angli\u010dtiny online pre znal\u00fdch za\u010diato\u010dn\u00edkov. Nau\u010dte sa obchodn\u00fa angli\u010dtinu \u013eahko, efekt\u00edvne a\u00a0z\u00e1bavne.<\/p>\n","protected":false},"featured_media":114646,"comment_status":"closed","ping_status":"closed","template":"","meta":{"_et_pb_use_builder":"on","_et_pb_old_content":"Kurz obchodnej angli\u010dtiny online pre znal\u00fdch za\u010diato\u010dn\u00edkov. Nau\u010dte sa obchodn\u00fa angli\u010dtinu \u013eahko, efekt\u00edvne a\u00a0z\u00e1bavne.","_et_gb_content_width":"","inline_featured_image":false},"product_cat":[89],"product_tag":[],"_links":{"self":[{"href":"https:\/\/easylingo.com\/sk\/wp-json\/wp\/v2\/product\/114106"}],"collection":[{"href":"https:\/\/easylingo.com\/sk\/wp-json\/wp\/v2\/product"}],"about":[{"href":"https:\/\/easylingo.com\/sk\/wp-json\/wp\/v2\/types\/product"}],"replies":[{"embeddable":true,"href":"https:\/\/easylingo.com\/sk\/wp-json\/wp\/v2\/comments?post=114106"}],"wp:featuredmedia":[{"embeddable":true,"href":"https:\/\/easylingo.com\/sk\/wp-json\/wp\/v2\/media\/114646"}],"wp:attachment":[{"href":"https:\/\/easylingo.com\/sk\/wp-json\/wp\/v2\/media?parent=114106"}],"wp:term":[{"taxonomy":"product_cat","embeddable":true,"href":"https:\/\/easylingo.com\/sk\/wp-json\/wp\/v2\/product_cat?post=114106"},{"taxonomy":"product_tag","embeddable":true,"href":"https:\/\/easylingo.com\/sk\/wp-json\/wp\/v2\/product_tag?post=114106"}],"curies":[{"name":"wp","href":"https:\/\/api.w.org\/{rel}","templated":true}]}}